{"id":20,"date":"2024-02-15T13:36:39","date_gmt":"2024-02-15T11:36:39","guid":{"rendered":"http:\/\/jnats.eu\/?page_id=20"},"modified":"2024-05-01T12:57:35","modified_gmt":"2024-05-01T09:57:35","slug":"ruckerstattung_returns","status":"publish","type":"page","link":"https:\/\/jnats.eu\/de\/ruckerstattung_returns\/","title":{"rendered":"Einkaufsbedingungen"},"content":{"rendered":"<h2 class=\"wp-block-heading\">Lieferung von Waren<\/h2>\n\n\n\n<p>Wir liefern die Ware durch einen Kurier unserer Wahl an die vom K\u00e4ufer bei der Bestellung angegebene Adresse oder an einen Postautomaten. Wir versenden die Ware innerhalb von 1-2 Werktagen.<\/p>\n\n\n\n<p>Vorl\u00e4ufige Lieferbedingungen f\u00fcr Waren:<\/p>\n\n\n\n<ul class=\"wp-block-list\">\n<li>In Litauen: 1-3 Werktage<\/li>\n\n\n\n<li>In Europa: 3-15 Werktage<\/li>\n\n\n\n<li>Rest der Welt: 10-40 Werktage.<\/li>\n<\/ul>\n\n\n\n<h2 class=\"wp-block-heading\">Lieferpreis<\/h2>\n\n\n\n<p>Lieferpreis je nach Gewicht:<\/p>\n\n\n\n<ul class=\"wp-block-list\">\n<li>Litauen - von 1.7\u20ac<\/li>\n\n\n\n<li>In Europa: ab 8,3\u20ac<\/li>\n\n\n\n<li>Rest der Welt: ab 9,8\u20ac<\/li>\n<\/ul>\n\n\n\n<p>Ab einem bestimmten Warenkorbwert bieten wir au\u00dferdem kostenlosen Versand an, der ohne Vorank\u00fcndigung ge\u00e4ndert werden kann.<\/p>\n\n\n\n<p>Der Kurier liefert Pakete mit einem Gewicht von bis zu 30 kg am Postautomaten bis vor die Haus- oder Wohnungst\u00fcr. Bitte beachten Sie, dass das Paket nicht in Innenr\u00e4ume oder R\u00e4ume wie Zimmer, Balkone oder H\u00f6fe transportiert wird.<\/p>\n\n\n\n<p>Der Kurier liefert Pakete mit einem Gewicht von mehr als 30 kg nur bis zur Haust\u00fcr oder dem Treppenhaus des Mehrfamilienhauses und hilft beim Entladen aus dem Fahrzeug. Bitte beachten Sie, dass das Paket nicht an die Haus-\/Wohnungst\u00fcr geliefert oder in Innenr\u00e4ume oder R\u00e4umlichkeiten gebracht wird.<\/p>\n\n\n\n<p><strong><em>Nicht-EU-K\u00e4ufer \u00fcbernehmen die volle Verantwortung f\u00fcr m\u00f6gliche Einfuhr- und andere Steuern.<\/em><\/strong><\/p>\n\n\n\n<h2 class=\"wp-block-heading\"><strong>R\u00fcckerstattungen und R\u00fcckerstattungen<\/strong><\/h2>\n\n\n\n<p>Die Ware kann innerhalb von 30 Tagen ab Erhalt zur\u00fcckgegeben werden. Wenn seit Erhalt der Artikel mehr als 30 Tage vergangen sind, k\u00f6nnen wir Ihnen keine vollst\u00e4ndige R\u00fcckerstattung oder Umtausch anbieten, au\u00dfer bei neuen Produkten mit Fabrikfehlern.<\/p>\n\n\n\n<p>Um Anspruch auf eine R\u00fcckgabe zu haben, muss sich der Artikel in demselben Zustand befinden, in dem Sie ihn erhalten haben. Es muss auch in der Originalverpackung sein, wenn es in der Originalverpackung war. Wir ben\u00f6tigen Ihre Bestellnummer, Ihre Zahlungsanweisung oder einen anderen Nachweis, um eine R\u00fccksendung einzuleiten.<\/p>\n\n\n\n<p>Schicken Sie Ihren Kauf nicht an den Hersteller zur\u00fcck.<\/p>\n\n\n\n<p><strong>Es gibt Situationen, in denen nur ein Teil des Geldes zur\u00fcckerstattet wird:<\/strong><\/p>\n\n\n\n<ul class=\"wp-block-list\">\n<li>Das Produkt weist offensichtliche Gebrauchsspuren oder Sch\u00e4den auf<\/li>\n\n\n\n<li>Jeder Artikel, der sich nicht im Originalzustand befindet, besch\u00e4digt ist oder dem Teile fehlen, die nicht auf unser Verschulden zur\u00fcckzuf\u00fchren sind.<\/li>\n<\/ul>\n\n\n\n<p>Sobald Ihre R\u00fccksendung eingegangen und \u00fcberpr\u00fcft wurde, senden wir Ihnen eine E-Mail einen Brief, der Sie dar\u00fcber informiert, dass wir den zur\u00fcckgegebenen Artikel erhalten haben. Wir werden Sie auch \u00fcber die Genehmigung oder Ablehnung Ihrer R\u00fcckerstattung informieren. Wenn der Antrag genehmigt wird, wird der Betrag innerhalb von 10 Tagen bearbeitet und auf das von Ihnen angegebene Konto zur\u00fcckerstattet.<\/p>\n\n\n\n<h2 class=\"wp-block-heading\">Versp\u00e4tete oder nicht erstattete Gelder<\/h2>\n\n\n\n<ul class=\"wp-block-list\">\n<li>Wenn Sie Ihr Geld noch nicht erhalten haben, \u00fcberpr\u00fcfen Sie zun\u00e4chst noch einmal Ihr Bankkonto.<\/li>\n\n\n\n<li>Wenden Sie sich dann an das Unternehmen, das die Kreditkarte oder Rechnung ausgestellt hat. Es kann einige Zeit dauern, bis die R\u00fcckerstattung offiziell bekannt gegeben wird.<\/li>\n\n\n\n<li>Wenden Sie sich dann an Ihre Bank. Es dauert oft einige Zeit, bis die Gelder zur\u00fcckerstattet werden.<\/li>\n\n\n\n<li>Wenn Sie all dies getan haben und Ihr Geld immer noch nicht erhalten haben, wenden Sie sich bitte an uns: <a href=\"mailto:info@jnats.eu\">info@jnats.eu<\/a><\/li>\n<\/ul>\n\n\n\n<p>Erstattungen k\u00f6nnen nur f\u00fcr normale Waren gew\u00e4hrt werden. Virtuelle G\u00fcter (Rabatte, Geschenkgutscheine usw.) k\u00f6nnen nicht erstattet werden.<\/p>\n\n\n\n<p><strong>\u00c4ndern Sie<\/strong><br>Wir ersetzen nur Artikel, die nicht durch Sie besch\u00e4digt oder kaputt sind. Wenn Sie es f\u00fcr den gleichen Artikel umtauschen m\u00fcssen, senden Sie uns bitte eine E-Mail an <a href=\"mailto:info@jnats.eu\">info@jnats.eu<\/a> und senden Sie das Produkt an die Adresse: Eugenijus Mockaitis, Jurbarkas, Lauko 2-17, Litauen.<\/p>\n\n\n\n<p><strong>Geschenke<\/strong><br>Wenn der Artikel beim Kauf als Geschenk gekennzeichnet war und direkt an Sie geschickt wurde, erhalten Sie eine Geschenkgutschrift in H\u00f6he des Wertes der R\u00fccksendung. Ein Geschenkgutschein wird Ihnen nach Erhalt des zur\u00fcckgesandten Artikels zugeschickt.<\/p>\n\n\n\n<p>Wenn der Artikel nicht als Geschenk gekennzeichnet war, als Sie ihn gekauft haben, oder wenn der Spender die Bestellung an sich selbst geschickt hat, um sie Ihnen sp\u00e4ter zu schenken, erstatten wir dem Spender den Betrag, und er wird \u00fcber Ihre R\u00fcckerstattung informiert.<\/p>\n\n\n\n<p><strong>Produktr\u00fcckgabe<\/strong><br>Wenn Sie das Produkt zur\u00fcckgeben m\u00f6chten, senden Sie es bitte an Eugenijus Mockaitis, Jurbarkas, Lauko 2-17, Litauen.<\/p>\n\n\n\n<p>Die Kosten f\u00fcr die R\u00fccksendung der Waren m\u00fcssen Sie selbst tragen. Die Versandkosten sind nicht erstattungsf\u00e4hig. Wenn Sie eine R\u00fcckerstattung erhalten, werden die Versandkosten f\u00fcr die R\u00fccksendung von Ihrer Erstattung abgezogen.<\/p>\n\n\n\n<p>Je nachdem, wo Sie wohnen, kann es unterschiedlich lange dauern, bis das ersetzte Produkt bei Ihnen eintrifft.<\/p>\n\n\n\n<p>Wenn Sie teurere Waren zur\u00fccksenden, sollten Sie in Erw\u00e4gung ziehen, einen verfolgbaren Versanddienst zu nutzen oder eine Versandversicherung abzuschlie\u00dfen. Wir k\u00f6nnen nicht garantieren, dass wir die zur\u00fcckgesendete Ware erhalten.<\/p>\n\n\n\n<p><strong>Brauchen Sie Hilfe?<\/strong><br>Wenn Sie Fragen zur R\u00fcckerstattung haben, kontaktieren Sie uns bitte unter <a href=\"mailto:info@jnats.eu\">info@jnats.eu<\/a> oder per Telefon <a href=\"Tel:+37064444623\">+370 644 44623<\/a>.<\/p>","protected":false},"excerpt":{"rendered":"<p>Lieferung der Ware Wir liefern die Ware mit dem von uns gew\u00e4hlten Kurier an die vom K\u00e4ufer bei der Bestellung angegebene Adresse oder an eine Postfiliale. Wir versenden die Ware innerhalb von 1-2 Werktagen. Gesch\u00e4tzte Lieferzeiten: Versandkosten Versandkosten basierend auf dem Gewicht: Ab einer bestimmten Warenkorbmenge bieten wir auch kostenlosen Versand an, der ohne vorherige Ank\u00fcndigung ge\u00e4ndert werden kann. Pakete mit einem Gewicht bis zu 30 kg versenden wir per Kurier [...]<\/p>","protected":false},"author":1,"featured_media":0,"parent":0,"menu_order":0,"comment_status":"closed","ping_status":"closed","template":"","meta":{"footnotes":""},"class_list":["post-20","page","type-page","status-publish","hentry"],"_links":{"self":[{"href":"https:\/\/jnats.eu\/de\/wp-json\/wp\/v2\/pages\/20","targetHints":{"allow":["GET"]}}],"collection":[{"href":"https:\/\/jnats.eu\/de\/wp-json\/wp\/v2\/pages"}],"about":[{"href":"https:\/\/jnats.eu\/de\/wp-json\/wp\/v2\/types\/page"}],"author":[{"embeddable":true,"href":"https:\/\/jnats.eu\/de\/wp-json\/wp\/v2\/users\/1"}],"replies":[{"embeddable":true,"href":"https:\/\/jnats.eu\/de\/wp-json\/wp\/v2\/comments?post=20"}],"version-history":[{"count":0,"href":"https:\/\/jnats.eu\/de\/wp-json\/wp\/v2\/pages\/20\/revisions"}],"wp:attachment":[{"href":"https:\/\/jnats.eu\/de\/wp-json\/wp\/v2\/media?parent=20"}],"curies":[{"name":"wp","href":"https:\/\/api.w.org\/{rel}","templated":true}]}}