{"id":4393,"date":"2025-04-15T11:06:23","date_gmt":"2025-04-15T08:06:23","guid":{"rendered":"https:\/\/jnats.eu\/?page_id=4393"},"modified":"2025-04-15T11:14:24","modified_gmt":"2025-04-15T08:14:24","slug":"apie-mus","status":"publish","type":"page","link":"https:\/\/jnats.eu\/de\/apie-mus\/","title":{"rendered":"\u00dcber uns"},"content":{"rendered":"<p><strong>JNATS.eu<\/strong> - ein Ort, an dem sich die Leidenschaft f\u00fcr das Sch\u00e4rfen und der Respekt f\u00fcr die japanische Handwerkskunst treffen. Wir sind Liebhaber von nat\u00fcrlichen japanischen Schleifsteinen, die es leid sind, die \"Katze im Sack\" zu kaufen. In vielen Online-Shops die Beschreibungen der Steine sind vage, die Informationen fehlen und das Endergebnis ist oft entt\u00e4uschend.<\/p>\n\n\n\n<p>Wir haben beschlossen, das zu \u00e4ndern. Wir testen jeden Stein, den wir in unserem Gesch\u00e4ft anbieten, selbst - und das sind nicht nur Worte. Zu jedem Produkt finden Sie echte Videos, die die Eigenschaften des Steins, das Sch\u00e4rfegef\u00fchl, die Ergebnisse und die Erfahrung demonstrieren.<\/p>\n\n\n\n<p>Unser Ziel ist es, einen transparenten, informativen und enthusiastischen Raum zu schaffen, in dem jeder genau das kaufen kann, wonach er sucht - keine Unsicherheit, nur echte Werte. Wenn Sie Wert auf Qualit\u00e4t, Handwerkskunst und Klarheit legen, sind Sie bei uns genau richtig.<\/p>\n\n\n\n<figure class=\"wp-block-image size-large\"><img decoding=\"async\" width=\"1024\" height=\"768\" src=\"https:\/\/jnats.eu\/wp-content\/uploads\/2024\/04\/Nakayama-Kiita-Karasu-Maruka-2-1024x768.webp\" alt=\"\" class=\"wp-image-2253\" srcset=\"https:\/\/jnats.eu\/wp-content\/uploads\/2024\/04\/Nakayama-Kiita-Karasu-Maruka-2-1024x768.webp 1024w, https:\/\/jnats.eu\/wp-content\/uploads\/2024\/04\/Nakayama-Kiita-Karasu-Maruka-2-300x225.webp 300w, https:\/\/jnats.eu\/wp-content\/uploads\/2024\/04\/Nakayama-Kiita-Karasu-Maruka-2-768x576.webp 768w, https:\/\/jnats.eu\/wp-content\/uploads\/2024\/04\/Nakayama-Kiita-Karasu-Maruka-2-1536x1152.webp 1536w, https:\/\/jnats.eu\/wp-content\/uploads\/2024\/04\/Nakayama-Kiita-Karasu-Maruka-2-16x12.webp 16w, https:\/\/jnats.eu\/wp-content\/uploads\/2024\/04\/Nakayama-Kiita-Karasu-Maruka-2-990x743.webp 990w, https:\/\/jnats.eu\/wp-content\/uploads\/2024\/04\/Nakayama-Kiita-Karasu-Maruka-2-441x331.webp 441w, https:\/\/jnats.eu\/wp-content\/uploads\/2024\/04\/Nakayama-Kiita-Karasu-Maruka-2-600x450.webp 600w, https:\/\/jnats.eu\/wp-content\/uploads\/2024\/04\/Nakayama-Kiita-Karasu-Maruka-2-150x113.webp 150w, https:\/\/jnats.eu\/wp-content\/uploads\/2024\/04\/Nakayama-Kiita-Karasu-Maruka-2.webp 2000w\" sizes=\"(max-width: 1024px) 100vw, 1024px\" \/><\/figure>","protected":false},"excerpt":{"rendered":"<p>JNATS.eu ist der Ort, an dem sich die Leidenschaft f\u00fcr das Sch\u00e4rfen und der Respekt f\u00fcr die japanische Handwerkskunst treffen. Wir sind Liebhaber von nat\u00fcrlichen japanischen Schleifsteinen, die es leid sind, die \"Katze im Sack\" zu kaufen. In vielen Online-Shops sind die Beschreibungen der Steine vage, die Informationen fehlen und das Endergebnis ist oft entt\u00e4uschend. Wir haben beschlossen, das zu \u00e4ndern. Wir testen jeden Stein, den wir in unserem Shop anbieten, selbst - und das sind nicht nur Worte. [...]<\/p>","protected":false},"author":1,"featured_media":2253,"parent":0,"menu_order":0,"comment_status":"closed","ping_status":"closed","template":"","meta":{"footnotes":""},"class_list":["post-4393","page","type-page","status-publish","has-post-thumbnail","hentry"],"_links":{"self":[{"href":"https:\/\/jnats.eu\/de\/wp-json\/wp\/v2\/pages\/4393","targetHints":{"allow":["GET"]}}],"collection":[{"href":"https:\/\/jnats.eu\/de\/wp-json\/wp\/v2\/pages"}],"about":[{"href":"https:\/\/jnats.eu\/de\/wp-json\/wp\/v2\/types\/page"}],"author":[{"embeddable":true,"href":"https:\/\/jnats.eu\/de\/wp-json\/wp\/v2\/users\/1"}],"replies":[{"embeddable":true,"href":"https:\/\/jnats.eu\/de\/wp-json\/wp\/v2\/comments?post=4393"}],"version-history":[{"count":2,"href":"https:\/\/jnats.eu\/de\/wp-json\/wp\/v2\/pages\/4393\/revisions"}],"predecessor-version":[{"id":4396,"href":"https:\/\/jnats.eu\/de\/wp-json\/wp\/v2\/pages\/4393\/revisions\/4396"}],"wp:featuredmedia":[{"embeddable":true,"href":"https:\/\/jnats.eu\/de\/wp-json\/wp\/v2\/media\/2253"}],"wp:attachment":[{"href":"https:\/\/jnats.eu\/de\/wp-json\/wp\/v2\/media?parent=4393"}],"curies":[{"name":"wp","href":"https:\/\/api.w.org\/{rel}","templated":true}]}}