{"id":110,"date":"2024-02-21T11:44:46","date_gmt":"2024-02-21T09:44:46","guid":{"rendered":"http:\/\/jnats.eu\/?post_type=product&#038;p=110"},"modified":"2025-09-19T08:00:46","modified_gmt":"2025-09-19T05:00:46","slug":"naturlicher-japanischer-abziehstein-awasedo-iromono","status":"publish","type":"product","link":"https:\/\/jnats.eu\/de\/produkt-2\/naturlicher-japanischer-abziehstein-awasedo-iromono\/","title":{"rendered":"Awasedo Iromono Nat\u00fcrlicher japanischer Sch\u00e4rfstein"},"content":{"rendered":"<ul class=\"wp-block-list\">\n<li><strong>H\u00e4rte: Lv 4<\/strong><\/li>\n\n\n\n<li><strong>Abmessungen: 198x72x25<\/strong> mm<\/li>\n\n\n\n<li><strong>Gewicht (mit St\u00e4nder): 1048 g.<\/strong><\/li>\n\n\n\n<li><strong>Nachteile: Die Linie in der Ecke ist rauer als der Rest der Oberfl\u00e4che, kann aber leicht vermieden werden.<\/strong><\/li>\n<\/ul>\n\n\n\n<p>Nat\u00fcrliche japanische Sch\u00e4rfsteine sind die perfekte Wahl f\u00fcr Profik\u00f6che und andere Lebensmittelhersteller, die in der K\u00fcche h\u00f6chste Qualit\u00e4t anstreben.<\/p>\n\n\n\n<p>Japanische Steine werden wegen ihrer besonderen Struktur gesch\u00e4tzt, die der Klinge hervorragende Sch\u00e4rfeeigenschaften verleiht. Japanische Handwerker sch\u00e4tzen ihn wegen seines besonderen Gleichgewichts zwischen Korndichte und Weichheit, wodurch das Messer l\u00e4nger scharf bleibt. Au\u00dferdem ist der Sch\u00e4rfvorgang einfacher, da Natursteine im Gegensatz zu synthetischen Steinen keine Gratbildung zulassen.<\/p>\n\n\n\n<p>Die Oberfl\u00e4che dieses Steins ist ziemlich glatt und gleichm\u00e4\u00dfig, so dass Sie sicher sein k\u00f6nnen, dass Ihr Messer von Anfang bis Ende gleichm\u00e4\u00dfig gesch\u00e4rft wird.<\/p>\n\n\n\n<p>Dieser japanische Naturstein kann nicht nur zum Sch\u00e4rfen von Messern verwendet werden, sondern auch zum Sch\u00e4rfen einer Vielzahl anderer Klingen, z. B. von Scheren oder Mei\u00dfeln. Er ist ein multifunktionales Werkzeug, das Ihre K\u00fcchenausstattung bereichern wird.<\/p>\n\n\n\n<p>Verleihen Sie Ihrem Messer ein einzigartiges Sch\u00e4rferlebnis, das sowohl f\u00fcr Profi- als auch f\u00fcr Hobbyk\u00f6che geeignet ist, die h\u00f6chste Qualit\u00e4t und perfekte Ergebnisse anstreben.<\/p>\n\n\n\n<figure class=\"wp-block-embed is-type-video is-provider-youtube wp-block-embed-youtube wp-embed-aspect-16-9 wp-has-aspect-ratio\"><div class=\"wp-block-embed__wrapper\">\n<div class=\"video-container\"><iframe title=\"JNATS Awasedo\" width=\"1170\" height=\"658\" src=\"https:\/\/www.youtube.com\/embed\/9KOBiaxAnt8?start=20&#038;feature=oembed\" frameborder=\"0\" allow=\"accelerometer; autoplay; clipboard-write; encrypted-media; gyroscope; picture-in-picture; web-share\" allowfullscreen><\/iframe><\/div>\n<\/div><\/figure>","protected":false},"excerpt":{"rendered":"<p><!-- wp:list --><\/p>\n<ul><!-- wp:list-item --><\/p>\n<li><strong>H\u00e4rte: Lv 4<\/strong><\/li>\n<p><!-- \/wp:list-item --><\/p>\n<p><!-- wp:list-item --><\/p>\n<li><strong>Abmessungen: 198x72x25 mm<\/strong><\/li>\n<p><!-- \/wp:list-item --><\/p>\n<p><!-- wp:list-item --><\/p>\n<li><strong>Gewicht (mit St\u00e4nder): 1048 g.<\/strong><\/li>\n<p><!-- \/wp:list-item --><\/p>\n<p><!-- wp:list-item --><\/p>\n<li><strong>Nachteile: Die Linie in der Ecke ist rauer als der Rest der Oberfl\u00e4che, kann aber leicht vermieden werden.<\/strong><\/li>\n<p><!-- \/wp:list-item --><\/ul>\n<p><!-- \/wp:list --><\/p>","protected":false},"featured_media":1204,"comment_status":"open","ping_status":"closed","template":"","meta":[],"product_brand":[],"product_cat":[22],"product_tag":[40,41],"class_list":{"0":"post-110","1":"product","2":"type-product","3":"status-publish","4":"has-post-thumbnail","6":"product_cat-jnats","7":"product_tag-awasedo","8":"product_tag-iromono","9":"product_shipping_class-iprastas","11":"first","12":"outofstock","13":"sale","14":"shipping-taxable","15":"purchasable","16":"product-type-simple"},"_links":{"self":[{"href":"https:\/\/jnats.eu\/de\/wp-json\/wp\/v2\/product\/110","targetHints":{"allow":["GET"]}}],"collection":[{"href":"https:\/\/jnats.eu\/de\/wp-json\/wp\/v2\/product"}],"about":[{"href":"https:\/\/jnats.eu\/de\/wp-json\/wp\/v2\/types\/product"}],"replies":[{"embeddable":true,"href":"https:\/\/jnats.eu\/de\/wp-json\/wp\/v2\/comments?post=110"}],"wp:featuredmedia":[{"embeddable":true,"href":"https:\/\/jnats.eu\/de\/wp-json\/wp\/v2\/media\/1204"}],"wp:attachment":[{"href":"https:\/\/jnats.eu\/de\/wp-json\/wp\/v2\/media?parent=110"}],"wp:term":[{"taxonomy":"product_brand","embeddable":true,"href":"https:\/\/jnats.eu\/de\/wp-json\/wp\/v2\/product_brand?post=110"},{"taxonomy":"product_cat","embeddable":true,"href":"https:\/\/jnats.eu\/de\/wp-json\/wp\/v2\/product_cat?post=110"},{"taxonomy":"product_tag","embeddable":true,"href":"https:\/\/jnats.eu\/de\/wp-json\/wp\/v2\/product_tag?post=110"}],"curies":[{"name":"wp","href":"https:\/\/api.w.org\/{rel}","templated":true}]}}