{"id":117,"date":"2024-02-21T11:57:24","date_gmt":"2024-02-21T09:57:24","guid":{"rendered":"http:\/\/jnats.eu\/?post_type=product&#038;p=117"},"modified":"2024-08-19T23:02:13","modified_gmt":"2024-08-19T20:02:13","slug":"shobudani-mizu-asagi-ein-naturlicher-japanischer-scharfstein","status":"publish","type":"product","link":"https:\/\/jnats.eu\/de\/produkt-2\/shobudani-mizu-asagi-ein-naturlicher-japanischer-scharfstein\/","title":{"rendered":"Shobudani Mizu Asagi Nat\u00fcrlicher japanischer Sch\u00e4rfstein"},"content":{"rendered":"<ul class=\"wp-block-list\">\n<li><strong>H\u00e4rte: Lv 4<\/strong><\/li>\n\n\n\n<li><strong>Abmessungen: 198x70x22 mm<\/strong><\/li>\n\n\n\n<li><strong>Gewicht: 772 g.<\/strong><\/li>\n\n\n\n<li><strong>Geeignet f\u00fcr die Bearbeitung von Messern, Scheren, Tischlerwerkzeugen, Rasiermessern usw. aus Kohlenstoffstahl.<\/strong><\/li>\n<\/ul>\n\n\n\n<p>Der Shobudani Mizu Asagi, ein nat\u00fcrlicher japanischer Schleifstein, ist ein au\u00dfergew\u00f6hnliches Werkzeug mit einer ultrafeinen Struktur, das die h\u00f6chste Qualit\u00e4t der Sch\u00e4rfe erreichen kann. Dieser Stein ist nicht nur ein praktisches Werkzeug in der K\u00fcche, sondern auch eine k\u00fcnstlerische Kostbarkeit, die von einem echten Handwerker gesch\u00e4tzt wird. <\/p>\n\n\n\n<p>Der Stein Shobudani Mizu Asagi fasziniert durch seine einzigartige Farbe und Textur. Seine Oberfl\u00e4che ist zart gemustert und hat nat\u00fcrliche, mehrfarbige Schattierungen, die dem Stein einen besonderen Reiz verleihen. Dar\u00fcber hinaus tragen die in diesem Stein enthaltenen Mineralien und Spurenelemente zur Einzigartigkeit des Schleifergebnisses bei.<\/p>\n\n\n\n<p>Dieser japanische Stein hat die au\u00dfergew\u00f6hnliche F\u00e4higkeit, eine fast rasiermesserscharfe Schneide auf einer Kohlenstoffstahlklinge zu erzeugen. Das bedeutet, dass Ihr Messer einen extrem scharfen Schnitt erh\u00e4lt, der leicht durch Lebensmittel schneidet und gleichzeitig die optimale Haltbarkeit der Form und Sch\u00e4rfe des Messers beibeh\u00e4lt.<\/p>\n\n\n\n<p>Der Shobudani Mizu Asagi Stein ist nicht nur f\u00fcr Profik\u00f6che geeignet, sondern auch f\u00fcr Hobbyk\u00f6che, die ein perfektes Sch\u00e4rfergebnis anstreben. Dieser Stein sorgt nicht nur daf\u00fcr, dass Ihre Messer l\u00e4nger scharf bleiben, sondern verleiht Ihrer K\u00fcchenausstattung auch eine besondere Note. Kaufen Sie den Shobudani Mizu Asagi Stein und entdecken Sie die wahre Kunst des japanischen Sch\u00e4rfens.<\/p>\n\n\n\n<figure class=\"wp-block-embed is-type-video is-provider-youtube wp-block-embed-youtube wp-embed-aspect-16-9 wp-has-aspect-ratio\"><div class=\"wp-block-embed__wrapper\">\n<div class=\"video-container\"><iframe title=\"JNATS Awasedo\" width=\"1170\" height=\"658\" src=\"https:\/\/www.youtube.com\/embed\/9KOBiaxAnt8?start=782&#038;feature=oembed\" frameborder=\"0\" allow=\"accelerometer; autoplay; clipboard-write; encrypted-media; gyroscope; picture-in-picture; web-share\" allowfullscreen><\/iframe><\/div>\n<\/div><\/figure>","protected":false},"excerpt":{"rendered":"<ul>\n<li><strong>H\u00e4rte: Lv 4<\/strong><\/li>\n<li><strong>Abmessungen: 198x70x22 mm<\/strong><\/li>\n<li><strong>Gewicht: 772 g.<\/strong><\/li>\n<li><strong>Geeignet f\u00fcr die Bearbeitung von Messern, Scheren, Tischlerwerkzeugen, Rasiermessern usw. aus Kohlenstoffstahl.<\/strong><\/li>\n<\/ul>","protected":false},"featured_media":1271,"comment_status":"open","ping_status":"closed","template":"","meta":[],"product_brand":[],"product_cat":[22],"product_tag":[45,44],"class_list":{"0":"post-117","1":"product","2":"type-product","3":"status-publish","4":"has-post-thumbnail","6":"product_cat-jnats","7":"product_tag-asagi","8":"product_tag-shobudani","9":"product_shipping_class-iprastas","11":"first","12":"outofstock","13":"sale","14":"shipping-taxable","15":"purchasable","16":"product-type-simple"},"_links":{"self":[{"href":"https:\/\/jnats.eu\/de\/wp-json\/wp\/v2\/product\/117","targetHints":{"allow":["GET"]}}],"collection":[{"href":"https:\/\/jnats.eu\/de\/wp-json\/wp\/v2\/product"}],"about":[{"href":"https:\/\/jnats.eu\/de\/wp-json\/wp\/v2\/types\/product"}],"replies":[{"embeddable":true,"href":"https:\/\/jnats.eu\/de\/wp-json\/wp\/v2\/comments?post=117"}],"wp:featuredmedia":[{"embeddable":true,"href":"https:\/\/jnats.eu\/de\/wp-json\/wp\/v2\/media\/1271"}],"wp:attachment":[{"href":"https:\/\/jnats.eu\/de\/wp-json\/wp\/v2\/media?parent=117"}],"wp:term":[{"taxonomy":"product_brand","embeddable":true,"href":"https:\/\/jnats.eu\/de\/wp-json\/wp\/v2\/product_brand?post=117"},{"taxonomy":"product_cat","embeddable":true,"href":"https:\/\/jnats.eu\/de\/wp-json\/wp\/v2\/product_cat?post=117"},{"taxonomy":"product_tag","embeddable":true,"href":"https:\/\/jnats.eu\/de\/wp-json\/wp\/v2\/product_tag?post=117"}],"curies":[{"name":"wp","href":"https:\/\/api.w.org\/{rel}","templated":true}]}}