{"id":125,"date":"2024-02-21T12:09:07","date_gmt":"2024-02-21T10:09:07","guid":{"rendered":"http:\/\/jnats.eu\/?post_type=product&#038;p=125"},"modified":"2025-09-27T14:51:41","modified_gmt":"2025-09-27T11:51:41","slug":"ohira-awasedo","status":"publish","type":"product","link":"https:\/\/jnats.eu\/de\/produkt-2\/ohira-awasedo\/","title":{"rendered":"Ohira Nashiji Awasedo japanischer nat\u00fcrlicher Schleifstein"},"content":{"rendered":"<p><br><\/p>\n\n\n\n<ul class=\"wp-block-list\">\n<li><strong>H\u00e4rte: Lv 4<\/strong><\/li>\n\n\n\n<li><strong>Abmessungen: 205x75x33 mm<\/strong><\/li>\n\n\n\n<li><strong>Gewicht: 1230 g.<\/strong><\/li>\n\n\n\n<li><strong>Geeignet f\u00fcr die Endbearbeitung von Messern, Scheren, Tischlerwerkzeugen und anderen Werkzeugen aus Kohlenstoffstahl.<\/strong><\/li>\n<\/ul>\n\n\n\n<p>Ohira Awasedo ist ein spezieller japanischer Schleifstein, der von Kunsthandwerkern und Profik\u00f6chen in aller Welt gesch\u00e4tzt wird. Dieser Stein wird aus einzigartigen nat\u00fcrlichen Quellen in der Ohira-Bergregion in Japan hergestellt, die ihm seine besondere Zusammensetzung und Eigenschaften verleihen.<\/p>\n\n\n\n<p>Ohira Awasedo ist bekannt f\u00fcr seinen hohen Mineraliengehalt und seine besondere Textur, die ihm eine einzigartige Wirkung beim Sch\u00e4rfen von Klingen verleiht. Das Besondere an diesem Stein ist, dass er eine Vielzahl von Mineralien wie Talk, Quarz und andere mikroskopisch kleine Partikel enth\u00e4lt, die eine feine und effektive Sch\u00e4rfoberfl\u00e4che bilden.<\/p>\n\n\n\n<p>Ohira Awasedo verleiht dem Messer nicht nur seine au\u00dfergew\u00f6hnliche Sch\u00e4rfe, sondern sorgt auch f\u00fcr einen besonderen Poliereffekt auf der Klinge. Dies f\u00fchrt nicht nur zu einer hohen Sch\u00e4rfe, sondern auch zu einer attraktiven Oberfl\u00e4che, die dem Messer nicht nur einen hohen funktionalen, sondern auch \u00e4sthetischen Wert verleiht.<\/p>\n\n\n\n<p>Dieser Ohira Awasedo Stein ist sowohl f\u00fcr Profis als auch f\u00fcr Hobbyk\u00f6che geeignet, die h\u00f6chste Sch\u00e4rfe und hervorragende Ergebnisse f\u00fcr ihre Messer anstreben. Er ist ein einzigartiges Werkzeug, das Ihre K\u00fcche aufwertet und Ihrem Messer eine besondere Sch\u00e4rfe und einen au\u00dfergew\u00f6hnlichen Poliereffekt verleiht.<\/p>\n\n\n\n<figure class=\"wp-block-embed is-type-video is-provider-youtube wp-block-embed-youtube wp-embed-aspect-16-9 wp-has-aspect-ratio\"><div class=\"wp-block-embed__wrapper\">\n<div class=\"video-container\"><iframe title=\"JNATS Awasedo Wetzsteine\" width=\"1170\" height=\"658\" src=\"https:\/\/www.youtube.com\/embed\/9KOBiaxAnt8?feature=oembed\" frameborder=\"0\" allow=\"accelerometer; autoplay; clipboard-write; encrypted-media; gyroscope; picture-in-picture; web-share\" referrerpolicy=\"strict-origin-when-cross-origin\" allowfullscreen><\/iframe><\/div>\n<\/div><\/figure>","protected":false},"excerpt":{"rendered":"<ul>\n<li><strong>H\u00e4rte: Lv 4<\/strong><\/li>\n<li><strong>Abmessungen: 205x75x33 mm<\/strong><\/li>\n<li><strong>Gewicht: 1230 g.<\/strong><\/li>\n<li><strong>Geeignet f\u00fcr die Endbearbeitung von Messern, Scheren und Tischlerwerkzeugen aus Kohlenstoffstahl.<\/strong><\/li>\n<\/ul>","protected":false},"featured_media":1239,"comment_status":"open","ping_status":"closed","template":"","meta":[],"product_brand":[],"product_cat":[22],"product_tag":[40,48,47,46],"class_list":{"0":"post-125","1":"product","2":"type-product","3":"status-publish","4":"has-post-thumbnail","6":"product_cat-jnats","7":"product_tag-awasedo","8":"product_tag-nashiji","9":"product_tag-ohira","10":"product_tag-ohira-awasedo","11":"product_shipping_class-iprastas","13":"first","14":"outofstock","15":"sale","16":"shipping-taxable","17":"purchasable","18":"product-type-simple"},"_links":{"self":[{"href":"https:\/\/jnats.eu\/de\/wp-json\/wp\/v2\/product\/125","targetHints":{"allow":["GET"]}}],"collection":[{"href":"https:\/\/jnats.eu\/de\/wp-json\/wp\/v2\/product"}],"about":[{"href":"https:\/\/jnats.eu\/de\/wp-json\/wp\/v2\/types\/product"}],"replies":[{"embeddable":true,"href":"https:\/\/jnats.eu\/de\/wp-json\/wp\/v2\/comments?post=125"}],"wp:featuredmedia":[{"embeddable":true,"href":"https:\/\/jnats.eu\/de\/wp-json\/wp\/v2\/media\/1239"}],"wp:attachment":[{"href":"https:\/\/jnats.eu\/de\/wp-json\/wp\/v2\/media?parent=125"}],"wp:term":[{"taxonomy":"product_brand","embeddable":true,"href":"https:\/\/jnats.eu\/de\/wp-json\/wp\/v2\/product_brand?post=125"},{"taxonomy":"product_cat","embeddable":true,"href":"https:\/\/jnats.eu\/de\/wp-json\/wp\/v2\/product_cat?post=125"},{"taxonomy":"product_tag","embeddable":true,"href":"https:\/\/jnats.eu\/de\/wp-json\/wp\/v2\/product_tag?post=125"}],"curies":[{"name":"wp","href":"https:\/\/api.w.org\/{rel}","templated":true}]}}