{"id":1376,"date":"2024-04-11T14:43:05","date_gmt":"2024-04-11T11:43:05","guid":{"rendered":"http:\/\/jnats.eu\/?post_type=product&#038;p=1376"},"modified":"2024-05-13T10:16:41","modified_gmt":"2024-05-13T07:16:41","slug":"okudo-japanischer-naturscharfstein-2","status":"publish","type":"product","link":"https:\/\/jnats.eu\/de\/produkt-2\/okudo-japanischer-naturscharfstein-2\/","title":{"rendered":"Okudo Japanischer Natursch\u00e4rfstein"},"content":{"rendered":"<ul class=\"wp-block-list\">\n<li>Geeignet f\u00fcr die Endbearbeitung von Messern und Werkzeugen, bei denen keine hohe Pr\u00e4zision erforderlich ist, da der Stein nicht homogen ist und Unregelm\u00e4\u00dfigkeiten aufweist. Es ist m\u00f6glich, dass Sie sie nicht nivellieren k\u00f6nnen, da die n\u00e4chste Schicht m\u00f6glicherweise dieselbe ist und dieser Stein sehr, sehr schwer zu nivellieren ist.<\/li>\n\n\n\n<li>Abmessungen: 198x80x18 mm<\/li>\n\n\n\n<li>Gewicht: 800 g<\/li>\n\n\n\n<li>H\u00e4rte: Lv 5<\/li>\n<\/ul>","protected":false},"excerpt":{"rendered":"<p><!-- wp:list --><\/p>\n<ul><!-- wp:list-item --><\/p>\n<li>Geeignet f\u00fcr die Endbearbeitung von Messern und Werkzeugen, bei denen keine hohe Pr\u00e4zision erforderlich ist, da der Stein nicht homogen ist und Unregelm\u00e4\u00dfigkeiten aufweist. Es ist m\u00f6glich, dass Sie sie nicht nivellieren k\u00f6nnen, da die n\u00e4chste Schicht m\u00f6glicherweise dieselbe ist und dieser Stein sehr, sehr schwer zu nivellieren ist.<\/li>\n<p><!-- \/wp:list-item --><\/p>\n<p><!-- wp:list-item --><\/p>\n<li>Abmessungen: 198x80x18 mm<\/li>\n<p><!-- \/wp:list-item --><\/p>\n<p><!-- wp:list-item --><\/p>\n<li>Gewicht: 800 g<\/li>\n<p><!-- \/wp:list-item --><\/p>\n<p><!-- wp:list-item --><\/p>\n<li>H\u00e4rte: Lv 5<\/li>\n<p><!-- \/wp:list-item --><\/ul>\n<p><!-- \/wp:list --><\/p>","protected":false},"featured_media":1379,"comment_status":"open","ping_status":"closed","template":"","meta":[],"product_brand":[],"product_cat":[22],"product_tag":[90],"class_list":{"0":"post-1376","1":"product","2":"type-product","3":"status-publish","4":"has-post-thumbnail","6":"product_cat-jnats","7":"product_tag-natural-whetstone","8":"product_shipping_class-iprastas","10":"first","11":"outofstock","12":"shipping-taxable","13":"purchasable","14":"product-type-simple"},"_links":{"self":[{"href":"https:\/\/jnats.eu\/de\/wp-json\/wp\/v2\/product\/1376","targetHints":{"allow":["GET"]}}],"collection":[{"href":"https:\/\/jnats.eu\/de\/wp-json\/wp\/v2\/product"}],"about":[{"href":"https:\/\/jnats.eu\/de\/wp-json\/wp\/v2\/types\/product"}],"replies":[{"embeddable":true,"href":"https:\/\/jnats.eu\/de\/wp-json\/wp\/v2\/comments?post=1376"}],"wp:featuredmedia":[{"embeddable":true,"href":"https:\/\/jnats.eu\/de\/wp-json\/wp\/v2\/media\/1379"}],"wp:attachment":[{"href":"https:\/\/jnats.eu\/de\/wp-json\/wp\/v2\/media?parent=1376"}],"wp:term":[{"taxonomy":"product_brand","embeddable":true,"href":"https:\/\/jnats.eu\/de\/wp-json\/wp\/v2\/product_brand?post=1376"},{"taxonomy":"product_cat","embeddable":true,"href":"https:\/\/jnats.eu\/de\/wp-json\/wp\/v2\/product_cat?post=1376"},{"taxonomy":"product_tag","embeddable":true,"href":"https:\/\/jnats.eu\/de\/wp-json\/wp\/v2\/product_tag?post=1376"}],"curies":[{"name":"wp","href":"https:\/\/api.w.org\/{rel}","templated":true}]}}