{"id":1470,"date":"2024-04-12T12:00:06","date_gmt":"2024-04-12T09:00:06","guid":{"rendered":"http:\/\/jnats.eu\/?post_type=product&#038;p=1470"},"modified":"2024-11-12T10:34:54","modified_gmt":"2024-11-12T08:34:54","slug":"mizukihara-uchigumori-lotusbluten-jnat","status":"publish","type":"product","link":"https:\/\/jnats.eu\/de\/produkt-2\/mizukihara-uchigumori-lotusbluten-jnat\/","title":{"rendered":"Mizukihara Uchigumori Lotusblumen"},"content":{"rendered":"<p>Dieser Stein wird besonders von Menschen gesch\u00e4tzt, die Poliersteine ben\u00f6tigen. Er ist recht weich, gibt aber wenig Schlamm ab und h\u00e4lt seine Form recht gut. Uchigumori sind nicht die schnellsten Steine, aber die Polierergebnisse sind au\u00dfergew\u00f6hnlich. Ohne Vergr\u00f6\u00dferung sind auf der Oberfl\u00e4che der Klinge keine offensichtlichen Kratzer zu erkennen. Der hartgeh\u00e4rtete Stahl erh\u00e4lt einen wunderbaren Glanz, und die Schale sollte dunkler werden. Auch wenn beim Uchigumori die feine Kornstruktur nicht so deutlich zu erkennen ist wie bei einem feineren, h\u00e4rteren Suita, sind die Ergebnisse in der Regel besser vorhersehbar und leichter zu erzielen. Mit einer vollst\u00e4ndig gegl\u00e4tteten Oberfl\u00e4che k\u00f6nnen sie zum Vorschleifen von Rasiermessern oder Werkzeugen verwendet werden, eignen sich aber am besten zum Polieren von K\u00fcchenmessern. Sie k\u00f6nnen auch zum Sch\u00e4rfen und zur Herstellung aggressiver Klingen verwendet werden.<\/p>\n\n\n\n<p>Der Stein ist sehr sauber, mit nur ein paar Linien an der Unterseite, die wahrscheinlich nicht zu Problemen f\u00fchren. Der Stein ist grau mit roten Punkten, die Lotusbl\u00fcten genannt werden. Letztere sind \u00fcber den ganzen Stein verteilt und bilden ein dichtes Muster, das als Renge bekannt ist. <\/p>\n\n\n\n<p>Die Steinoberfl\u00e4che ist gegl\u00e4ttet und bereit f\u00fcr die Arbeit. <\/p>\n\n\n\n<p>Die Mine Mizukihara (\u6c34\u6728\u539f) in der N\u00e4he von Ojira, die als eine weitere Quelle f\u00fcr Uchigumori bekannt ist. Mizukihara wird bis heute noch nicht intensiv genutzt.<\/p>\n\n\n\n<figure class=\"wp-block-embed is-type-video is-provider-youtube wp-block-embed-youtube wp-embed-aspect-16-9 wp-has-aspect-ratio\"><div class=\"wp-block-embed__wrapper\">\n<div class=\"video-container\"><iframe title=\"Mizukihara Uchigumori, Kizuyama, Aiwatani\" width=\"1170\" height=\"658\" src=\"https:\/\/www.youtube.com\/embed\/Uzd6FESK3iY?feature=oembed\" frameborder=\"0\" allow=\"accelerometer; autoplay; clipboard-write; encrypted-media; gyroscope; picture-in-picture; web-share\" referrerpolicy=\"strict-origin-when-cross-origin\" allowfullscreen><\/iframe><\/div>\n<\/div><\/figure>","protected":false},"excerpt":{"rendered":"<ul>\n<li>Am meisten gesch\u00e4tzt f\u00fcr die Kasumi Finish auf der Sanmai (harter Stahl mit einer weicheren Schicht beschichtet) Klinge.<\/li>\n<li>Geeignet zum Sch\u00e4rfen von Messern, Scheren, Tischler- und anderen Werkzeugen.<\/li>\n<li>Abmessungen: 230x85x32 mm<\/li>\n<li>Gewicht: 1420 g<\/li>\n<li>H\u00e4rte: Lv 3.5<\/li>\n<li>Er hat eine m\u00e4\u00dfige Arbeitsgeschwindigkeit und eine gute Gleitf\u00e4higkeit.<\/li>\n<li>Wir empfehlen, mit warmem Wasser zu arbeiten, da kaltes Wasser die Geschwindigkeit und die Reaktion beeintr\u00e4chtigt.<\/li>\n<\/ul>","protected":false},"featured_media":1471,"comment_status":"open","ping_status":"closed","template":"","meta":[],"product_brand":[],"product_cat":[22],"product_tag":[192,193],"class_list":{"0":"post-1470","1":"product","2":"type-product","3":"status-publish","4":"has-post-thumbnail","6":"product_cat-jnats","7":"product_tag-mizukihara","8":"product_tag-uchigumori","9":"product_shipping_class-iprastas","11":"first","12":"outofstock","13":"shipping-taxable","14":"purchasable","15":"product-type-simple"},"_links":{"self":[{"href":"https:\/\/jnats.eu\/de\/wp-json\/wp\/v2\/product\/1470","targetHints":{"allow":["GET"]}}],"collection":[{"href":"https:\/\/jnats.eu\/de\/wp-json\/wp\/v2\/product"}],"about":[{"href":"https:\/\/jnats.eu\/de\/wp-json\/wp\/v2\/types\/product"}],"replies":[{"embeddable":true,"href":"https:\/\/jnats.eu\/de\/wp-json\/wp\/v2\/comments?post=1470"}],"wp:featuredmedia":[{"embeddable":true,"href":"https:\/\/jnats.eu\/de\/wp-json\/wp\/v2\/media\/1471"}],"wp:attachment":[{"href":"https:\/\/jnats.eu\/de\/wp-json\/wp\/v2\/media?parent=1470"}],"wp:term":[{"taxonomy":"product_brand","embeddable":true,"href":"https:\/\/jnats.eu\/de\/wp-json\/wp\/v2\/product_brand?post=1470"},{"taxonomy":"product_cat","embeddable":true,"href":"https:\/\/jnats.eu\/de\/wp-json\/wp\/v2\/product_cat?post=1470"},{"taxonomy":"product_tag","embeddable":true,"href":"https:\/\/jnats.eu\/de\/wp-json\/wp\/v2\/product_tag?post=1470"}],"curies":[{"name":"wp","href":"https:\/\/api.w.org\/{rel}","templated":true}]}}