{"id":1488,"date":"2025-03-17T15:04:03","date_gmt":"2025-03-17T13:04:03","guid":{"rendered":"http:\/\/jnats.eu\/?post_type=product&#038;p=1488"},"modified":"2025-03-17T15:26:19","modified_gmt":"2025-03-17T13:26:19","slug":"sumi-nagashi-naturlichen-japanischen-stein-zum-scharfen","status":"publish","type":"product","link":"https:\/\/jnats.eu\/de\/produkt-2\/sumi-nagashi-naturlichen-japanischen-stein-zum-scharfen\/","title":{"rendered":"Aiwatani Suminagashi Nat\u00fcrlicher japanischer Wetzstein"},"content":{"rendered":"<p>Aiwatani ist ein hochwertiger japanischer Natursch\u00e4rfstein f\u00fcr das professionelle und pr\u00e4zise Sch\u00e4rfen von Messern, Mei\u00dfeln und anderen Werkzeugen. Dieser aus authentischen japanischen Bergen gebrochene Stein hat eine extrem feine Struktur und gleichm\u00e4\u00dfig verteilte K\u00f6rner, die ein perfektes Sch\u00e4rfergebnis gew\u00e4hrleisten.<\/p>\n\n\n\n<h3 class=\"wp-block-heading\">Merkmale:<\/h3>\n\n\n\n<p>\u2705 <strong>Nat\u00fcrlicher Ursprung<\/strong> - das mit traditionellen Methoden in japanischen Minen gewonnen wird.<br>\u2705 <strong>Pr\u00e4zises und effizientes Sch\u00e4rfen<\/strong> - sorgt f\u00fcr scharfe Klingen bei minimalem Materialabtrag.<br>\u2705 <strong>Dauerhaftigkeit<\/strong> - halten aufgrund ihrer dichten Struktur l\u00e4nger als synthetische Steine.<br>\u2705 <strong>Universalit\u00e4t<\/strong> - sowohl f\u00fcr Messer als auch f\u00fcr andere hochwertige Werkzeuge geeignet.<\/p>\n\n\n\n<p>Der Aiwatani-Schleifstein ist ein unentbehrliches Werkzeug f\u00fcr alle, die pr\u00e4zise Sch\u00e4rfe und authentische japanische Handwerkskunst suchen.<\/p>\n\n\n\n<figure class=\"wp-block-embed is-type-video is-provider-youtube wp-block-embed-youtube wp-embed-aspect-16-9 wp-has-aspect-ratio\"><div class=\"wp-block-embed__wrapper\">\n<div class=\"video-container\"><iframe title=\"Aiwatani Nat\u00fcrliche japanische Sch\u00e4rfsteine\" width=\"1170\" height=\"658\" src=\"https:\/\/www.youtube.com\/embed\/7KUe1vRixzw?feature=oembed\" frameborder=\"0\" allow=\"accelerometer; autoplay; clipboard-write; encrypted-media; gyroscope; picture-in-picture; web-share\" referrerpolicy=\"strict-origin-when-cross-origin\" allowfullscreen><\/iframe><\/div>\n<\/div><\/figure>","protected":false},"excerpt":{"rendered":"<p><!-- wp:list --><\/p>\n<ul><!-- wp:list-item --><\/p>\n<li>Geeignet f\u00fcr die Bearbeitung von Messern, Scheren, Tischler- und anderen Werkzeugen.<\/li>\n<p><!-- \/wp:list-item --><\/p>\n<p><!-- wp:list-item --><\/p>\n<li>Abmessungen: 211x85x37 mm<\/li>\n<p><!-- \/wp:list-item --><\/p>\n<p><!-- wp:list-item --><\/p>\n<li>Gewicht: 1650 g<\/li>\n<p><!-- \/wp:list-item --><\/p>\n<p><!-- wp:list-item --><\/p>\n<li>H\u00e4rte: Lv 4,5<\/li>\n<li>Die Leitungen sind sicher<\/li>\n<p><!-- \/wp:list-item --><\/p>\n<p><!-- wp:list-item --><\/p>\n<li>Durchschnittliche Arbeitsgeschwindigkeit. Die Beschleunigung kann mit einer Nagelaufh\u00e4ngung oder einer rauen Diamantplatte erreicht werden.<\/li>\n<li>Unterer Deckel mit Lackierung<\/li>\n<p><!-- \/wp:list-item --><\/p>\n<p><!-- wp:list-item --><\/p>\n<li>Wir empfehlen, mit warmem Wasser zu arbeiten, da kaltes Wasser die Geschwindigkeit und die Reaktion beeintr\u00e4chtigt.<\/li>\n<p><!-- \/wp:list-item --><\/ul>\n<p><!-- \/wp:list --><\/p>","protected":false},"featured_media":4062,"comment_status":"open","ping_status":"closed","template":"","meta":[],"product_brand":[],"product_cat":[22],"product_tag":[65],"class_list":{"0":"post-1488","1":"product","2":"type-product","3":"status-publish","4":"has-post-thumbnail","6":"product_cat-jnats","7":"product_tag-aiwatani","8":"product_shipping_class-iprastas","10":"first","11":"instock","12":"shipping-taxable","13":"purchasable","14":"product-type-simple"},"_links":{"self":[{"href":"https:\/\/jnats.eu\/de\/wp-json\/wp\/v2\/product\/1488","targetHints":{"allow":["GET"]}}],"collection":[{"href":"https:\/\/jnats.eu\/de\/wp-json\/wp\/v2\/product"}],"about":[{"href":"https:\/\/jnats.eu\/de\/wp-json\/wp\/v2\/types\/product"}],"replies":[{"embeddable":true,"href":"https:\/\/jnats.eu\/de\/wp-json\/wp\/v2\/comments?post=1488"}],"wp:featuredmedia":[{"embeddable":true,"href":"https:\/\/jnats.eu\/de\/wp-json\/wp\/v2\/media\/4062"}],"wp:attachment":[{"href":"https:\/\/jnats.eu\/de\/wp-json\/wp\/v2\/media?parent=1488"}],"wp:term":[{"taxonomy":"product_brand","embeddable":true,"href":"https:\/\/jnats.eu\/de\/wp-json\/wp\/v2\/product_brand?post=1488"},{"taxonomy":"product_cat","embeddable":true,"href":"https:\/\/jnats.eu\/de\/wp-json\/wp\/v2\/product_cat?post=1488"},{"taxonomy":"product_tag","embeddable":true,"href":"https:\/\/jnats.eu\/de\/wp-json\/wp\/v2\/product_tag?post=1488"}],"curies":[{"name":"wp","href":"https:\/\/api.w.org\/{rel}","templated":true}]}}