{"id":152,"date":"2024-02-22T09:41:55","date_gmt":"2024-02-22T07:41:55","guid":{"rendered":"http:\/\/jnats.eu\/?post_type=product&#038;p=152"},"modified":"2024-05-02T23:31:57","modified_gmt":"2024-05-02T20:31:57","slug":"naturlicher-japanischer-stein-zum-scharfen-nakayama-kisuita","status":"publish","type":"product","link":"https:\/\/jnats.eu\/de\/produkt-2\/naturlicher-japanischer-stein-zum-scharfen-nakayama-kisuita\/","title":{"rendered":"Nakayama Kisuita Nat\u00fcrlicher japanischer Wetzstein"},"content":{"rendered":"<ul class=\"wp-block-list\">\n<li><strong>H\u00e4rte: Lv 5<\/strong><\/li>\n\n\n\n<li><strong>Abmessungen: 176x56x28 mm<\/strong><\/li>\n\n\n\n<li><strong>Gewicht (mit St\u00e4nder): 935 g.<\/strong><\/li>\n\n\n\n<li><strong>Ein harter Stein mit einer homogenen Struktur. Die Linien sind v\u00f6llig sicher und f\u00fchlen sich beim Sch\u00e4rfen \u00fcberhaupt nicht an. Siegel der Tokyo Natural Stone Association. Perfekt f\u00fcr die Endbearbeitung von Rasiermessern, Messern, Tischlerarbeiten und anderen Werkzeugen.&nbsp;<\/strong><\/li>\n<\/ul>\n\n\n\n<p>Nakayama ist der h\u00f6chstgelegene der Berge, die f\u00fcr ihre nat\u00fcrlichen Sch\u00e4rfsteine bekannt sind. Nakayama Kisuita ist ein authentischer japanischer Stein, der fachm\u00e4nnisch abgebaut wird, um die h\u00f6chste Qualit\u00e4t beim Sch\u00e4rfen zu gew\u00e4hrleisten. Dieser Stein zeichnet sich nicht nur durch seine Noblesse aus, sondern auch durch seine au\u00dfergew\u00f6hnliche Nat\u00fcrlichkeit und starke Sch\u00e4rfleistung.<\/p>\n\n\n\n<p>Merkmale:<\/p>\n\n\n\n<ol class=\"wp-block-list\">\n<li><strong>Einzigartige Herkunftsquelle<\/strong>Nakayama Kisuita wird in einer japanischen Bergregion abgebaut, die f\u00fcr ihre au\u00dfergew\u00f6hnlichen Gesteinsmineralien bekannt ist. Dieses Geschenk der Natur verleiht dem Stein seine besonderen Schleifpartikel und seine Textur f\u00fcr hervorragende Sch\u00e4rfergebnisse.<\/li>\n\n\n\n<li><strong>Feine K\u00f6rner<\/strong>Der Stein hat eine feine, aber abrasive Struktur, die ein feines und pr\u00e4zises Sch\u00e4rfen des Messers oder anderer Klingen erm\u00f6glicht. Er ist ideal sowohl f\u00fcr professionelle Handwerker als auch f\u00fcr Hobbyk\u00f6che.<\/li>\n\n\n\n<li><strong>Langlebigkeit und Abriebfestigkeit<\/strong>Nakayama Kisuita: Der Nakayama Kisuita ist f\u00fcr seine Langlebigkeit bekannt. Dieser Stein ist verschlei\u00dffest und kann daher lange Zeit verwendet werden, ohne seine Sch\u00e4rfe zu beeintr\u00e4chtigen.<\/li>\n\n\n\n<li><strong>Sauberes und nat\u00fcrliches Sch\u00e4rfen<\/strong>Der Stein erm\u00f6glicht eine extrem scharfe Schneide, wobei die Struktur der Klinge intakt bleibt. Dies erm\u00f6glicht ein perfektes Sch\u00e4rfergebnis mit einem Minimum an Aufwand.<\/li>\n<\/ol>\n\n\n\n<p>Der Nakayama Kisuita ist ein Stein mit einer unverwechselbaren Form und hervorragender Qualit\u00e4t, der ein fester Bestandteil Ihres Schleifens werden wird. Er ist ein wahres Symbol japanischer Handwerkskunst, mit dem Sie jedes Mal, wenn Sie Ihr Messer benutzen, einen scharfen und pr\u00e4zisen Schnitt genie\u00dfen k\u00f6nnen. Kaufen Sie den Nakayama Kisuita und erleben Sie die wahre Kunst des japanischen Sch\u00e4rfens!<\/p>","protected":false},"excerpt":{"rendered":"<ul>\n<li><strong>H\u00e4rte: Lv 5<\/strong><\/li>\n<li><strong>Abmessungen: 176x56x28 mm<\/strong><\/li>\n<li><strong>Gewicht (mit St\u00e4nder): 935 g.<\/strong><\/li>\n<li><strong>Ein harter Stein mit einer homogenen Struktur. Die Linien sind v\u00f6llig sicher und f\u00fchlen sich beim Sch\u00e4rfen \u00fcberhaupt nicht an. Siegel der Tokyo Natural Stone Association. Perfekt f\u00fcr die Endbearbeitung von Rasiermessern, Messern, Tischlerarbeiten und anderen Werkzeugen.\u00a0<\/strong><\/li>\n<\/ul>","protected":false},"featured_media":1233,"comment_status":"open","ping_status":"closed","template":"","meta":[],"product_brand":[],"product_cat":[22],"product_tag":[49,50],"class_list":{"0":"post-152","1":"product","2":"type-product","3":"status-publish","4":"has-post-thumbnail","6":"product_cat-jnats","7":"product_tag-nakayama","8":"product_tag-suita","9":"product_shipping_class-iprastas","11":"first","12":"outofstock","13":"sale","14":"shipping-taxable","15":"purchasable","16":"product-type-simple"},"_links":{"self":[{"href":"https:\/\/jnats.eu\/de\/wp-json\/wp\/v2\/product\/152","targetHints":{"allow":["GET"]}}],"collection":[{"href":"https:\/\/jnats.eu\/de\/wp-json\/wp\/v2\/product"}],"about":[{"href":"https:\/\/jnats.eu\/de\/wp-json\/wp\/v2\/types\/product"}],"replies":[{"embeddable":true,"href":"https:\/\/jnats.eu\/de\/wp-json\/wp\/v2\/comments?post=152"}],"wp:featuredmedia":[{"embeddable":true,"href":"https:\/\/jnats.eu\/de\/wp-json\/wp\/v2\/media\/1233"}],"wp:attachment":[{"href":"https:\/\/jnats.eu\/de\/wp-json\/wp\/v2\/media?parent=152"}],"wp:term":[{"taxonomy":"product_brand","embeddable":true,"href":"https:\/\/jnats.eu\/de\/wp-json\/wp\/v2\/product_brand?post=152"},{"taxonomy":"product_cat","embeddable":true,"href":"https:\/\/jnats.eu\/de\/wp-json\/wp\/v2\/product_cat?post=152"},{"taxonomy":"product_tag","embeddable":true,"href":"https:\/\/jnats.eu\/de\/wp-json\/wp\/v2\/product_tag?post=152"}],"curies":[{"name":"wp","href":"https:\/\/api.w.org\/{rel}","templated":true}]}}