{"id":1521,"date":"2026-05-12T12:30:19","date_gmt":"2026-05-12T09:30:19","guid":{"rendered":"http:\/\/jnats.eu\/?post_type=product&#038;p=1521"},"modified":"2026-05-12T12:30:19","modified_gmt":"2026-05-12T09:30:19","slug":"ohira-uchigumori-lotusbluten-jnat","status":"publish","type":"product","link":"https:\/\/jnats.eu\/de\/produkt-2\/ohira-uchigumori-lotusbluten-jnat\/","title":{"rendered":"Ohira Uchigumori Neapdorotas"},"content":{"rendered":"<figure class=\"wp-block-embed is-type-video is-provider-youtube wp-block-embed-youtube wp-embed-aspect-16-9 wp-has-aspect-ratio\"><div class=\"wp-block-embed__wrapper\">\n<div class=\"video-container\"><iframe title=\"Ohira Uchigumori Raw\" width=\"1170\" height=\"658\" src=\"https:\/\/www.youtube.com\/embed\/FIpDwHlWvDI?feature=oembed\" frameborder=\"0\" allow=\"accelerometer; autoplay; clipboard-write; encrypted-media; gyroscope; picture-in-picture; web-share\" referrerpolicy=\"strict-origin-when-cross-origin\" allowfullscreen><\/iframe><\/div>\n<\/div><\/figure>\n\n\n\n<p>\u0160is akmuo itin vertinamas \u017emoni\u0173, naudojan\u010di\u0173 poliravimo akmenis. Gana mink\u0161tas, ta\u010diau suspensijos i\u0161skiria pakankamai ir pakankamai gerai laiko form\u0105. Uchigumori n\u0117ra patys grei\u010diausi akmenys, ta\u010diau poliravimo rezultatai i\u0161 ties\u0173 i\u0161skirtiniai. Be padidinimo stiklo ant a\u0161men\u0173 pavir\u0161iaus nebus matoma joki\u0173 akivaizd\u017ei\u0173 \u012fbr\u0117\u017eim\u0173. Kietai gr\u016bdintas plienas bus nuostabiai spindintis, o jo apvalkalas tur\u0117t\u0173 patams\u0117ti. Nors Uchigumori gali neatskleisti smulkios plieno gr\u016bd\u0117tumo strukt\u016bros, kaip gal\u0117t\u0173 padaryti smulkesnis, kietesnis Suita, rezultatai paprastai b\u016bna labiau nusp\u0117jami ir lengviau pasiekiami. Esant visi\u0161kai i\u0161lygintam pavir\u0161iui, juos b\u016bt\u0173 galima naudoti skustuv\u0173 ar \u012franki\u0173 prefini\u0161ui, ta\u010diau jie geriausiai tinka virtuviniams peiliams poliruoti. Jie taip pat gali b\u016bti naudojami galandimui ir duoda gana agresyv\u0173 pjovim\u0105.<\/p>\n\n\n\n<p>Die Steine sind einigerma\u00dfen sauber, und es gibt nur ein paar Linien, die wahrscheinlich keine Probleme verursachen werden. Der Stein ist grau mit roten Punkten, die Lotusbl\u00fcten genannt werden. Letztere sind \u00fcber den ganzen Stein verteilt und bilden ein dichtes Muster, das als Renge bekannt ist.<\/p>\n\n\n\n<p>Fast die gesamte Oberfl\u00e4che der Steine wurde gegl\u00e4ttet und f\u00fcr die Arbeit vorbereitet.<\/p>","protected":false},"excerpt":{"rendered":"<ul>\n<li>Das Ohira Uchigumori wird vor allem wegen des Kasumi-Finishs auf der Sanmai-Klinge (harter Stahl mit einer weicheren Schicht) gesch\u00e4tzt, das den Unterschied zwischen harten und weichen Schichten hervorhebt.<\/li>\n<li>H\u00e4rte: Lv 3.5<\/li>\n<li>Matmenys ma\u017edaug 160x100x40 mm<\/li>\n<li>Svoris 1370 g.<\/li>\n<li>Geruiau tiks suspensijos generavimui naudojant deimantin\u0119 plok\u0161tel\u0119.<\/li>\n<\/ul>","protected":false},"featured_media":6051,"comment_status":"open","ping_status":"closed","template":"","meta":[],"product_brand":[],"product_cat":[22],"product_tag":[47,193],"class_list":{"0":"post-1521","1":"product","2":"type-product","3":"status-publish","4":"has-post-thumbnail","6":"product_cat-jnats","7":"product_tag-ohira","8":"product_tag-uchigumori","9":"product_shipping_class-iprastas","11":"first","12":"instock","13":"shipping-taxable","14":"purchasable","15":"product-type-simple"},"_links":{"self":[{"href":"https:\/\/jnats.eu\/de\/wp-json\/wp\/v2\/product\/1521","targetHints":{"allow":["GET"]}}],"collection":[{"href":"https:\/\/jnats.eu\/de\/wp-json\/wp\/v2\/product"}],"about":[{"href":"https:\/\/jnats.eu\/de\/wp-json\/wp\/v2\/types\/product"}],"replies":[{"embeddable":true,"href":"https:\/\/jnats.eu\/de\/wp-json\/wp\/v2\/comments?post=1521"}],"wp:featuredmedia":[{"embeddable":true,"href":"https:\/\/jnats.eu\/de\/wp-json\/wp\/v2\/media\/6051"}],"wp:attachment":[{"href":"https:\/\/jnats.eu\/de\/wp-json\/wp\/v2\/media?parent=1521"}],"wp:term":[{"taxonomy":"product_brand","embeddable":true,"href":"https:\/\/jnats.eu\/de\/wp-json\/wp\/v2\/product_brand?post=1521"},{"taxonomy":"product_cat","embeddable":true,"href":"https:\/\/jnats.eu\/de\/wp-json\/wp\/v2\/product_cat?post=1521"},{"taxonomy":"product_tag","embeddable":true,"href":"https:\/\/jnats.eu\/de\/wp-json\/wp\/v2\/product_tag?post=1521"}],"curies":[{"name":"wp","href":"https:\/\/api.w.org\/{rel}","templated":true}]}}