{"id":159,"date":"2024-02-22T09:52:19","date_gmt":"2024-02-22T07:52:19","guid":{"rendered":"http:\/\/jnats.eu\/?post_type=product&#038;p=159"},"modified":"2024-11-12T09:42:38","modified_gmt":"2024-11-12T07:42:38","slug":"nakayama-asagi-kato-mine","status":"publish","type":"product","link":"https:\/\/jnats.eu\/de\/produkt-2\/nakayama-asagi-kato-mine\/","title":{"rendered":"Nakayama Asagi Kato Mine Japanischer nat\u00fcrlicher Schleifstein"},"content":{"rendered":"<ul class=\"wp-block-list\">\n<li><strong>H\u00e4rte: Lv 4,8<\/strong><\/li>\n\n\n\n<li><strong>Abmessungen: 167x50x37 mm<\/strong><\/li>\n\n\n\n<li><strong>Gewicht (mit St\u00e4nder): 1140 g<\/strong><\/li>\n\n\n\n<li><strong>Ein harter Stein mit einer homogenen Struktur. Die Linien sind v\u00f6llig sicher und f\u00fchlen sich \u00fcberhaupt nicht beim Sch\u00e4rfen. Perfekt f\u00fcr die Endbearbeitung von Messern, Tischlerei und andere Werkzeuge.&nbsp;<\/strong><\/li>\n<\/ul>\n\n\n\n<p>Die Kato-Mine ist bekannt f\u00fcr ihre hochwertigen Steine, die das Markenzeichen Maruka \u32d5 tragen. Nakayama Asagi ist ein hochwertiger und authentischer japanischer Stein, der aus sorgf\u00e4ltig ausgew\u00e4hlten Steinen mit besonderen Sch\u00e4rfeeigenschaften und attraktiver Textur hergestellt wird. Dieser Stein ist die perfekte Wahl sowohl f\u00fcr erfahrene Handwerker als auch f\u00fcr Anf\u00e4nger, die ein hochwertiges Sch\u00e4rfergebnis erzielen wollen.<\/p>\n\n\n\n<p>Der Nakayama Asagi ist nicht nur ein Stein, sondern auch ein Kunstwerk, das Sie in die Welt der japanischen Handwerkskunst eintauchen l\u00e4sst. Erwerben Sie diesen einzigartigen und hochwertigen Stein und erleben Sie die scharfe Magie des japanischen Sch\u00e4rfens bei jedem Schnitt!<\/p>","protected":false},"excerpt":{"rendered":"<ul>\n<li><strong>H\u00e4rte: Lv 4,8<\/strong><\/li>\n<li><strong>Abmessungen: 167x50x37 mm<\/strong><\/li>\n<li><strong>Gewicht (mit St\u00e4nder): 1140 g<\/strong><\/li>\n<li><strong>Ein harter Stein mit einer homogenen Struktur. Die Linien sind v\u00f6llig sicher und f\u00fchlen sich \u00fcberhaupt nicht beim Sch\u00e4rfen. Perfekt f\u00fcr die Endbearbeitung von Messern, Tischlerei und andere Werkzeuge.\u00a0<\/strong><\/li>\n<\/ul>","protected":false},"featured_media":1228,"comment_status":"open","ping_status":"closed","template":"","meta":[],"product_brand":[],"product_cat":[22],"product_tag":[49],"class_list":{"0":"post-159","1":"product","2":"type-product","3":"status-publish","4":"has-post-thumbnail","6":"product_cat-jnats","7":"product_tag-nakayama","8":"product_shipping_class-iprastas","10":"first","11":"outofstock","12":"shipping-taxable","13":"purchasable","14":"product-type-simple"},"_links":{"self":[{"href":"https:\/\/jnats.eu\/de\/wp-json\/wp\/v2\/product\/159","targetHints":{"allow":["GET"]}}],"collection":[{"href":"https:\/\/jnats.eu\/de\/wp-json\/wp\/v2\/product"}],"about":[{"href":"https:\/\/jnats.eu\/de\/wp-json\/wp\/v2\/types\/product"}],"replies":[{"embeddable":true,"href":"https:\/\/jnats.eu\/de\/wp-json\/wp\/v2\/comments?post=159"}],"wp:featuredmedia":[{"embeddable":true,"href":"https:\/\/jnats.eu\/de\/wp-json\/wp\/v2\/media\/1228"}],"wp:attachment":[{"href":"https:\/\/jnats.eu\/de\/wp-json\/wp\/v2\/media?parent=159"}],"wp:term":[{"taxonomy":"product_brand","embeddable":true,"href":"https:\/\/jnats.eu\/de\/wp-json\/wp\/v2\/product_brand?post=159"},{"taxonomy":"product_cat","embeddable":true,"href":"https:\/\/jnats.eu\/de\/wp-json\/wp\/v2\/product_cat?post=159"},{"taxonomy":"product_tag","embeddable":true,"href":"https:\/\/jnats.eu\/de\/wp-json\/wp\/v2\/product_tag?post=159"}],"curies":[{"name":"wp","href":"https:\/\/api.w.org\/{rel}","templated":true}]}}