{"id":164,"date":"2024-02-22T18:10:31","date_gmt":"2024-02-22T16:10:31","guid":{"rendered":"http:\/\/jnats.eu\/?post_type=product&#038;p=164"},"modified":"2024-08-18T23:33:41","modified_gmt":"2024-08-18T20:33:41","slug":"nakayama-hondomae-asayo","status":"publish","type":"product","link":"https:\/\/jnats.eu\/de\/produkt-2\/nakayama-hondomae-asayo\/","title":{"rendered":"Nakayama Hondomae Asayo Japanischer nat\u00fcrlicher Schleifstein"},"content":{"rendered":"<p>Die Abmessungen sind ungef\u00e4hre Angaben. 18,5 x 5,6 x 2,1 cm<\/p>\n\n\n\n<p>Gewicht 640 g (mit St\u00e4nder)<\/p>\n\n\n\n<p>Es wird eine kleine Schicht Merganser im Stein sein, gemischt mit einer Schicht Tomae und Shikitomae. Das Finish ist nahe an Hondo-mae, die Textur ist gut und gleitet gut, so dass es einfach zu bedienen. Da es sich um einen Schleifstein aus rohem Stein handelt, ist der Preis f\u00fcr die Qualit\u00e4t niedrig. <\/p>\n\n\n\n<p>Er ist auf einem alten Gestell befestigt. Es ist eine hohe Qualit\u00e4t Schleifstein, so dass ich denke, es wird f\u00fcr sich selbst zu zahlen, auch wenn Sie in ein wenig M\u00fche setzen. Dieser Schleifstein schont die Klinge, so dass er f\u00fcr die Bearbeitung von Rasiermessern, Messern und Mei\u00dfeln verwendet werden kann. Um die besten Ergebnisse zu erzielen, sollten Sie zu dieser Jahreszeit warmes Wasser von etwa 40 Grad Celsius verwenden. Ich finde, dass es bei der Verwendung von kaltem Wasser schwierig w\u00e4re, die beste Leistung aus diesem Schleifstein herauszuholen. <\/p>\n\n\n\n<p>Wenn Sie ein Anf\u00e4nger sind und einen hochwertigen Schleifstein zu einem g\u00fcnstigen Preis suchen, empfehlen wir Ihnen diesen Schleifstein.<\/p>","protected":false},"excerpt":{"rendered":"<ul>\n<li><strong>Ma\u00dfe: ca. 18,5 x 5,6 x 2,1 cm<\/strong><\/li>\n<li><strong>Gewicht: 640 g (mit St\u00e4nder)<\/strong><\/li>\n<li><strong>H\u00e4rte: Lv 4.7<\/strong><\/li>\n<\/ul>\n<p>Hochwertiger Vintage-Stein aus der hoch angesehenen Nakayama-Mine.<\/p>","protected":false},"featured_media":1243,"comment_status":"open","ping_status":"closed","template":"","meta":[],"product_brand":[],"product_cat":[22],"product_tag":[51,49],"class_list":{"0":"post-164","1":"product","2":"type-product","3":"status-publish","4":"has-post-thumbnail","6":"product_cat-jnats","7":"product_tag-hondomae","8":"product_tag-nakayama","9":"product_shipping_class-iprastas","11":"first","12":"outofstock","13":"sale","14":"shipping-taxable","15":"purchasable","16":"product-type-simple"},"_links":{"self":[{"href":"https:\/\/jnats.eu\/de\/wp-json\/wp\/v2\/product\/164","targetHints":{"allow":["GET"]}}],"collection":[{"href":"https:\/\/jnats.eu\/de\/wp-json\/wp\/v2\/product"}],"about":[{"href":"https:\/\/jnats.eu\/de\/wp-json\/wp\/v2\/types\/product"}],"replies":[{"embeddable":true,"href":"https:\/\/jnats.eu\/de\/wp-json\/wp\/v2\/comments?post=164"}],"wp:featuredmedia":[{"embeddable":true,"href":"https:\/\/jnats.eu\/de\/wp-json\/wp\/v2\/media\/1243"}],"wp:attachment":[{"href":"https:\/\/jnats.eu\/de\/wp-json\/wp\/v2\/media?parent=164"}],"wp:term":[{"taxonomy":"product_brand","embeddable":true,"href":"https:\/\/jnats.eu\/de\/wp-json\/wp\/v2\/product_brand?post=164"},{"taxonomy":"product_cat","embeddable":true,"href":"https:\/\/jnats.eu\/de\/wp-json\/wp\/v2\/product_cat?post=164"},{"taxonomy":"product_tag","embeddable":true,"href":"https:\/\/jnats.eu\/de\/wp-json\/wp\/v2\/product_tag?post=164"}],"curies":[{"name":"wp","href":"https:\/\/api.w.org\/{rel}","templated":true}]}}