{"id":1648,"date":"2024-04-16T12:34:16","date_gmt":"2024-04-16T09:34:16","guid":{"rendered":"http:\/\/jnats.eu\/?post_type=product&#038;p=1648"},"modified":"2025-09-25T22:47:52","modified_gmt":"2025-09-25T19:47:52","slug":"das-yakut-messer-ist-der-fehler","status":"publish","type":"product","link":"https:\/\/jnats.eu\/de\/produkt-2\/das-yakut-messer-ist-der-fehler\/","title":{"rendered":"Yakutisches Messer ist schuld"},"content":{"rendered":"<p>MATERIALIEN <br>F\u00fcr die Herstellung unserer Produkte verwenden wir Stahl, Leder und Holz h\u00f6chster Qualit\u00e4t. Au\u00dferdem verzichten wir auf Plastik, da es umweltsch\u00e4dlich ist. Dadurch sind unsere Produkte sehr langlebig, zuverl\u00e4ssig und werden Ihnen lange Freude bereiten.<\/p>\n\n\n\n<p> FERTIGUNGSPROZESS<br>Die Ukraine ist seit jeher f\u00fcr das Schmieden und H\u00e4rten von Metall sowie f\u00fcr die Holzschnitzerei bekannt. Seit den Tagen der Kiewer Rus haben unsere Handwerker ihre F\u00e4higkeiten verfeinert, um Produkte von h\u00f6chster Qualit\u00e4t herzustellen. F\u00fcr die Herstellung unserer Produkte haben wir ein erfahrenes und kompetentes Team aus Handwerkern und Designern ausgew\u00e4hlt. Alle unsere Produkte sind handgefertigt und authentisch, nicht in einer Fabrik oder \u00e4hnlichem hergestellt.<\/p>\n\n\n\n<figure class=\"wp-block-embed is-type-video is-provider-youtube wp-block-embed-youtube wp-embed-aspect-16-9 wp-has-aspect-ratio\"><div class=\"wp-block-embed__wrapper\">\n<div class=\"video-container\"><iframe title=\"Geschmiedetes YAKUT-Messer\" width=\"1170\" height=\"658\" src=\"https:\/\/www.youtube.com\/embed\/Hht7zvNtczg?feature=oembed\" frameborder=\"0\" allow=\"accelerometer; autoplay; clipboard-write; encrypted-media; gyroscope; picture-in-picture; web-share\" referrerpolicy=\"strict-origin-when-cross-origin\" allowfullscreen><\/iframe><\/div>\n<\/div><\/figure>","protected":false},"excerpt":{"rendered":"<ul>\n<li>Gesamtl\u00e4nge: 223 mm.<\/li>\n<li>Klingenl\u00e4nge: 110 mm.<\/li>\n<li>Griffl\u00e4nge: 110 mm.<\/li>\n<li>Klingenst\u00e4rke: 3,5 mm<\/li>\n<li>Das Gewicht des Messers betr\u00e4gt 99 g<\/li>\n<li>Gewicht mit Koffer 170 g<\/li>\n<li>Stahl: SX15SG, H\u00e4rte 59-60 HRC<\/li>\n<li>Griffmaterial: Capa-Esche<\/li>\n<li>Hergestellt in der Ukraine<\/li>\n<li>Das Holzgeh\u00e4use ist mit Naturleder bezogen.<\/li>\n<\/ul>","protected":false},"featured_media":1653,"comment_status":"open","ping_status":"closed","template":"","meta":[],"product_brand":[],"product_cat":[24],"product_tag":[210,76],"class_list":{"0":"post-1648","1":"product","2":"type-product","3":"status-publish","4":"has-post-thumbnail","6":"product_cat-knifes","7":"product_tag-jakutas","8":"product_tag-peilis","9":"product_shipping_class-iprastas","11":"first","12":"outofstock","13":"sale","14":"shipping-taxable","15":"purchasable","16":"product-type-simple"},"_links":{"self":[{"href":"https:\/\/jnats.eu\/de\/wp-json\/wp\/v2\/product\/1648","targetHints":{"allow":["GET"]}}],"collection":[{"href":"https:\/\/jnats.eu\/de\/wp-json\/wp\/v2\/product"}],"about":[{"href":"https:\/\/jnats.eu\/de\/wp-json\/wp\/v2\/types\/product"}],"replies":[{"embeddable":true,"href":"https:\/\/jnats.eu\/de\/wp-json\/wp\/v2\/comments?post=1648"}],"wp:featuredmedia":[{"embeddable":true,"href":"https:\/\/jnats.eu\/de\/wp-json\/wp\/v2\/media\/1653"}],"wp:attachment":[{"href":"https:\/\/jnats.eu\/de\/wp-json\/wp\/v2\/media?parent=1648"}],"wp:term":[{"taxonomy":"product_brand","embeddable":true,"href":"https:\/\/jnats.eu\/de\/wp-json\/wp\/v2\/product_brand?post=1648"},{"taxonomy":"product_cat","embeddable":true,"href":"https:\/\/jnats.eu\/de\/wp-json\/wp\/v2\/product_cat?post=1648"},{"taxonomy":"product_tag","embeddable":true,"href":"https:\/\/jnats.eu\/de\/wp-json\/wp\/v2\/product_tag?post=1648"}],"curies":[{"name":"wp","href":"https:\/\/api.w.org\/{rel}","templated":true}]}}