{"id":1654,"date":"2024-04-16T12:58:49","date_gmt":"2024-04-16T09:58:49","guid":{"rendered":"http:\/\/jnats.eu\/?post_type=product&#038;p=1654"},"modified":"2026-02-22T14:16:03","modified_gmt":"2026-02-22T12:16:03","slug":"universalmesser-vanax-37-eisenholz","status":"publish","type":"product","link":"https:\/\/jnats.eu\/de\/produkt-2\/universalmesser-vanax-37-eisenholz\/","title":{"rendered":"Universalmesser Kmet Pancuj Vanax 37, Eisenholz"},"content":{"rendered":"<p>Uddeholm Vanax (Schweden) \u2013 Stahl wird durch Festphasennitrieren aus Spr\u00fchpulver hergestellt. Der hohe Stickstoffgehalt sorgt f\u00fcr eine hohe Verschlei\u00dffestigkeit der Produkte, die im Vergleich zu \u201enormalem\u201c Stahl oft um ein Vielfaches h\u00f6her ist. VANAX-Stahl verf\u00fcgt \u00fcber eine hohe mechanische Festigkeit, gute Flexibilit\u00e4t, Verschlei\u00dffestigkeit und eine extrem hohe Korrosionsbest\u00e4ndigkeit. Es gibt keine Serienmesser aus diesem Stahl, da die Wahl der richtigen W\u00e4rmebehandlung notwendig ist, was viel Zeit, Energie, Geschick und M\u00fche erfordert.\u00a0<\/p>\n\n\n\n<figure class=\"wp-block-image size-full\"><img decoding=\"async\" width=\"561\" height=\"755\" src=\"http:\/\/jnats.eu\/wp-content\/uploads\/2024\/04\/stainless-ratings-table2-1.webp\" alt=\"\" class=\"wp-image-1852\" srcset=\"https:\/\/jnats.eu\/wp-content\/uploads\/2024\/04\/stainless-ratings-table2-1.webp 561w, https:\/\/jnats.eu\/wp-content\/uploads\/2024\/04\/stainless-ratings-table2-1-223x300.webp 223w, https:\/\/jnats.eu\/wp-content\/uploads\/2024\/04\/stainless-ratings-table2-1-9x12.webp 9w, https:\/\/jnats.eu\/wp-content\/uploads\/2024\/04\/stainless-ratings-table2-1-441x594.webp 441w, https:\/\/jnats.eu\/wp-content\/uploads\/2024\/04\/stainless-ratings-table2-1-150x202.webp 150w\" sizes=\"(max-width: 561px) 100vw, 561px\" \/><\/figure>\n\n\n\n<p>Typische Verwendungen von Stahl:<\/p>\n\n\n\n<ul class=\"wp-block-list\">\n<li>Mobile Formteile, die eine hohe Korrosionsbest\u00e4ndigkeit erfordern<\/li>\n\n\n\n<li>Handmesser<\/li>\n\n\n\n<li>Komponenten und Messer f\u00fcr die Lebensmittelindustrie<\/li>\n\n\n\n<li>Teile, die in einer aggressiven Umgebung betrieben werden<\/li>\n\n\n\n<li>Stark belastete Maschinenteile in korrosiver Umgebung<\/li>\n<\/ul>\n\n\n\n<p><br><strong>Chemische Zusammensetzung von Vanax 37-Stahl<\/strong><\/p>\n\n\n\n<ul class=\"wp-block-list\">\n<li>C (Kohlenstoff)-0,36% <\/li>\n\n\n\n<li>Mo (Molybd\u00e4n)-1.05%<\/li>\n\n\n\n<li>Mn (Mangan)-0,34%<\/li>\n\n\n\n<li>V (Vanadium)-3.38%<\/li>\n\n\n\n<li>Cr (Chrom)-18.00%<\/li>\n\n\n\n<li>Si (Silizium)-0,35%<\/li>\n\n\n\n<li>N (Stickstoff)-1.53%<\/li>\n\n\n\n<li>Ni (Nickel)-0,18%<\/li>\n\n\n\n<li>P (Phosphor) -0,18%<\/li>\n\n\n\n<li>S (Schwefel) -0,009%<\/li>\n\n\n\n<li>W (Wolfram) -0,06%<\/li>\n\n\n\n<li>Co (Kobalt) -0,05%<\/li>\n\n\n\n<li>Cu (Kupfer) -0,09%<\/li>\n\n\n\n<li>Al (Aluminium) -0,0005%<\/li>\n<\/ul>\n\n\n\n<figure class=\"wp-block-embed is-type-video is-provider-youtube wp-block-embed-youtube wp-embed-aspect-16-9 wp-has-aspect-ratio\"><div class=\"wp-block-embed__wrapper\">\n<div class=\"video-container\"><iframe title=\"Universalmesser Kmet Pancuj Vanax 37, Eisenholz\" width=\"1170\" height=\"658\" src=\"https:\/\/www.youtube.com\/embed\/4FYzvMo9BQ8?feature=oembed\" frameborder=\"0\" allow=\"accelerometer; autoplay; clipboard-write; encrypted-media; gyroscope; picture-in-picture; web-share\" referrerpolicy=\"strict-origin-when-cross-origin\" allowfullscreen><\/iframe><\/div>\n<\/div><\/figure>","protected":false},"excerpt":{"rendered":"<ul>\n<li>Klingenl\u00e4nge: 130 mm.<\/li>\n<li>Klingenbreite: 30 mm.<\/li>\n<li>Klingenoberfl\u00e4che: sandgestrahlt<\/li>\n<li>Klingenst\u00e4rke: 3,0 mm<\/li>\n<li>Stahl Vanax 37. Geh\u00e4rtet von einem der besten Thermistoren Russlands, Alan Balikoev.\u00a0<\/li>\n<li>Der Hauptvorteil dieses Stahls ist seine extrem hohe Korrosionsbest\u00e4ndigkeit, die meisten anderen Pulver behalten jedoch ihre Sch\u00e4rfe viel l\u00e4nger.<\/li>\n<li>H\u00e4rte: 60 HRC<\/li>\n<li>Pisten: gerade<\/li>\n<li>Klingensch\u00e4rfe: 0,3\u20130,4 mm<\/li>\n<li>Griffl\u00e4nge: 120 mm<\/li>\n<li>Griffmontage: durch<\/li>\n<li>Das Griffmaterial ist nat\u00fcrliches Eisenholz. Da es von Natur aus viele Harze enth\u00e4lt, ist eine Stabilisierung unn\u00f6tig und sogar unm\u00f6glich.<\/li>\n<li>Gewicht mit Etui: 250 g<\/li>\n<li>Gewicht: 163 g<\/li>\n<li>Hergestellt in Russland Kmet<\/li>\n<\/ul>","protected":false},"featured_media":1658,"comment_status":"open","ping_status":"closed","template":"","meta":[],"product_brand":[],"product_cat":[24],"product_tag":[211],"class_list":{"0":"post-1654","1":"product","2":"type-product","3":"status-publish","4":"has-post-thumbnail","6":"product_cat-knifes","7":"product_tag-vanax","8":"product_shipping_class-iprastas","10":"first","11":"outofstock","12":"sale","13":"shipping-taxable","14":"purchasable","15":"product-type-simple"},"_links":{"self":[{"href":"https:\/\/jnats.eu\/de\/wp-json\/wp\/v2\/product\/1654","targetHints":{"allow":["GET"]}}],"collection":[{"href":"https:\/\/jnats.eu\/de\/wp-json\/wp\/v2\/product"}],"about":[{"href":"https:\/\/jnats.eu\/de\/wp-json\/wp\/v2\/types\/product"}],"replies":[{"embeddable":true,"href":"https:\/\/jnats.eu\/de\/wp-json\/wp\/v2\/comments?post=1654"}],"wp:featuredmedia":[{"embeddable":true,"href":"https:\/\/jnats.eu\/de\/wp-json\/wp\/v2\/media\/1658"}],"wp:attachment":[{"href":"https:\/\/jnats.eu\/de\/wp-json\/wp\/v2\/media?parent=1654"}],"wp:term":[{"taxonomy":"product_brand","embeddable":true,"href":"https:\/\/jnats.eu\/de\/wp-json\/wp\/v2\/product_brand?post=1654"},{"taxonomy":"product_cat","embeddable":true,"href":"https:\/\/jnats.eu\/de\/wp-json\/wp\/v2\/product_cat?post=1654"},{"taxonomy":"product_tag","embeddable":true,"href":"https:\/\/jnats.eu\/de\/wp-json\/wp\/v2\/product_tag?post=1654"}],"curies":[{"name":"wp","href":"https:\/\/api.w.org\/{rel}","templated":true}]}}