{"id":1665,"date":"2024-04-16T13:22:53","date_gmt":"2024-04-16T10:22:53","guid":{"rendered":"http:\/\/jnats.eu\/?post_type=product&#038;p=1665"},"modified":"2024-07-24T11:05:08","modified_gmt":"2024-07-24T08:05:08","slug":"interokularer-messerschaler-cpm110v","status":"publish","type":"product","link":"https:\/\/jnats.eu\/de\/produkt-2\/interokularer-messerschaler-cpm110v\/","title":{"rendered":"Jagdmesser Skineris CPM s110v"},"content":{"rendered":"<figure class=\"wp-block-embed is-type-video is-provider-youtube wp-block-embed-youtube wp-embed-aspect-16-9 wp-has-aspect-ratio\"><div class=\"wp-block-embed__wrapper\">\n<div class=\"video-container\"><iframe title=\"Jagdmesser Skinner CPM110V\" width=\"1170\" height=\"658\" src=\"https:\/\/www.youtube.com\/embed\/ozYnW_Wzp44?feature=oembed\" frameborder=\"0\" allow=\"accelerometer; autoplay; clipboard-write; encrypted-media; gyroscope; picture-in-picture; web-share\" referrerpolicy=\"strict-origin-when-cross-origin\" allowfullscreen><\/iframe><\/div>\n<\/div><\/figure>\n\n\n\n<p>Der S110V ist ein sehr interessanter Stahl aufgrund der Innovationen in seiner Entwicklung, darunter Niob zur Verbesserung der Karbidstruktur und der Korrosionsbest\u00e4ndigkeit und Kobalt, um sicherzustellen, dass er trotz seiner hervorragenden Korrosionsbest\u00e4ndigkeit w\u00e4rmebehandelt werden kann. Der Stahl verf\u00fcgt \u00fcber gute Eigenschaften, darunter eine lange Sch\u00e4rfeerhaltung und Korrosionsbest\u00e4ndigkeit sowie eine angemessene H\u00e4rte. S110V und S90V sind bei vielen J\u00e4gern die Favoriten unter den nichtrostenden St\u00e4hlen, da sie eine sehr gute Sch\u00e4rfeerhaltung und aggressive Schneidleistung aufweisen.<\/p>\n\n\n\n<figure class=\"wp-block-image size-full is-resized\"><img decoding=\"async\" width=\"752\" height=\"452\" src=\"http:\/\/jnats.eu\/wp-content\/uploads\/2024\/04\/M398-toughness-edge-retention-balance.webp\" alt=\"\" class=\"wp-image-1666\" style=\"width:900px;height:auto\" srcset=\"https:\/\/jnats.eu\/wp-content\/uploads\/2024\/04\/M398-toughness-edge-retention-balance.webp 752w, https:\/\/jnats.eu\/wp-content\/uploads\/2024\/04\/M398-toughness-edge-retention-balance-300x180.webp 300w, https:\/\/jnats.eu\/wp-content\/uploads\/2024\/04\/M398-toughness-edge-retention-balance-18x12.webp 18w, https:\/\/jnats.eu\/wp-content\/uploads\/2024\/04\/M398-toughness-edge-retention-balance-441x265.webp 441w, https:\/\/jnats.eu\/wp-content\/uploads\/2024\/04\/M398-toughness-edge-retention-balance-600x361.webp 600w, https:\/\/jnats.eu\/wp-content\/uploads\/2024\/04\/M398-toughness-edge-retention-balance-150x90.webp 150w\" sizes=\"(max-width: 752px) 100vw, 752px\" \/><\/figure>\n\n\n\n<figure class=\"wp-block-embed is-type-wp-embed is-provider-knife-steel-nerds wp-block-embed-knife-steel-nerds\"><div class=\"wp-block-embed__wrapper\">\n<div class=\"video-container\"><blockquote class=\"wp-embedded-content\" data-secret=\"4V3dJab2Pm\"><a href=\"https:\/\/knifesteelnerds.com\/2020\/11\/23\/cpm-s110v-steel-history-and-properties\/\">CPM-S110V Stahl - Geschichte und Eigenschaften<\/a><\/blockquote><iframe class=\"wp-embedded-content\" sandbox=\"allow-scripts\" security=\"restricted\" style=\"position: absolute; clip: rect(1px, 1px, 1px, 1px);\" title=\"&quot;CPM-S110V Stahl - Geschichte und Eigenschaften&quot; - Knife Steel Nerds\" src=\"https:\/\/knifesteelnerds.com\/2020\/11\/23\/cpm-s110v-steel-history-and-properties\/embed\/#?secret=vHuqxkcbBg#?secret=4V3dJab2Pm\" data-secret=\"4V3dJab2Pm\" width=\"600\" height=\"338\" frameborder=\"0\" marginwidth=\"0\" marginheight=\"0\" scrolling=\"no\"><\/iframe><\/div>\n<\/div><\/figure>","protected":false},"excerpt":{"rendered":"<ul>\n<li>Klingenl\u00e4nge: 122 mm.<\/li>\n<li>Klingenbreite: 31 mm.<\/li>\n<li>Oberfl\u00e4che der Klinge: poliert<\/li>\n<li>Klingenst\u00e4rke (Stahl): 3,6 mm.<\/li>\n<li>Boden: gerade<\/li>\n<li>Klingensteigung: 0,3-0,4 mm.<\/li>\n<li>L\u00e4nge des Griffs: 125 mm. H\u00f6he des Griffs: 32 mm. Dicke 18 mm (schm\u00e4ler als \"Standard\")<\/li>\n<li>Installation des Griffs: bepflanzt<\/li>\n<li>Griffmaterial: Mammutzahn, stabilisiertes kaukasisches Nussbaumholz.<\/li>\n<li>Stahl: CPM s110v. H\u00e4rte: 63 HRC. Geh\u00e4rtet von Alan Balikoev, einem der besten Thermisten Russlands. Dieser Stahl ist nicht in Serie erh\u00e4ltlich, da er schwierig zu verarbeiten ist und die W\u00e4rmebehandlung richtig ausgew\u00e4hlt werden muss, was viel Zeit, Energie, K\u00f6nnen und M\u00fche erfordert.\u00a0\u00a0<\/li>\n<li>Der Hauptvorteil dieses Stahls ist seine extrem gute Sch\u00e4rfeerhaltung und Korrosionsbest\u00e4ndigkeit.<\/li>\n<li>Gewicht mit Etui: 250 g<\/li>\n<li>Gewicht: 139 g<\/li>\n<li>Etui aus echtem Leder<\/li>\n<li>Hergestellt in Russland, Meister: Yakov Shishkin<\/li>\n<\/ul>","protected":false},"featured_media":1672,"comment_status":"open","ping_status":"closed","template":"","meta":[],"product_brand":[],"product_cat":[24],"product_tag":[212,75,213],"class_list":{"0":"post-1665","1":"product","2":"type-product","3":"status-publish","4":"has-post-thumbnail","6":"product_cat-knifes","7":"product_tag-cpm110v","8":"product_tag-medzioklinis-peilis","9":"product_tag-skineris","10":"product_shipping_class-iprastas","12":"first","13":"outofstock","14":"sale","15":"shipping-taxable","16":"purchasable","17":"product-type-simple"},"_links":{"self":[{"href":"https:\/\/jnats.eu\/de\/wp-json\/wp\/v2\/product\/1665","targetHints":{"allow":["GET"]}}],"collection":[{"href":"https:\/\/jnats.eu\/de\/wp-json\/wp\/v2\/product"}],"about":[{"href":"https:\/\/jnats.eu\/de\/wp-json\/wp\/v2\/types\/product"}],"replies":[{"embeddable":true,"href":"https:\/\/jnats.eu\/de\/wp-json\/wp\/v2\/comments?post=1665"}],"wp:featuredmedia":[{"embeddable":true,"href":"https:\/\/jnats.eu\/de\/wp-json\/wp\/v2\/media\/1672"}],"wp:attachment":[{"href":"https:\/\/jnats.eu\/de\/wp-json\/wp\/v2\/media?parent=1665"}],"wp:term":[{"taxonomy":"product_brand","embeddable":true,"href":"https:\/\/jnats.eu\/de\/wp-json\/wp\/v2\/product_brand?post=1665"},{"taxonomy":"product_cat","embeddable":true,"href":"https:\/\/jnats.eu\/de\/wp-json\/wp\/v2\/product_cat?post=1665"},{"taxonomy":"product_tag","embeddable":true,"href":"https:\/\/jnats.eu\/de\/wp-json\/wp\/v2\/product_tag?post=1665"}],"curies":[{"name":"wp","href":"https:\/\/api.w.org\/{rel}","templated":true}]}}