{"id":1697,"date":"2024-04-17T08:43:17","date_gmt":"2024-04-17T05:43:17","guid":{"rendered":"http:\/\/jnats.eu\/?post_type=product&#038;p=1697"},"modified":"2024-04-20T20:25:47","modified_gmt":"2024-04-20T17:25:47","slug":"jagdmesser-kmet-klyk-bohler-s390","status":"publish","type":"product","link":"https:\/\/jnats.eu\/de\/produkt-2\/jagdmesser-kmet-klyk-bohler-s390\/","title":{"rendered":"Jagdmesser Kmet Klyk Bohler S390"},"content":{"rendered":"<figure class=\"wp-block-embed is-type-video is-provider-youtube wp-block-embed-youtube wp-embed-aspect-16-9 wp-has-aspect-ratio\"><div class=\"wp-block-embed__wrapper\">\n<div class=\"video-container\"><iframe title=\"Jagdmesser Kmet Klyk Bohler S390\" width=\"1170\" height=\"658\" src=\"https:\/\/www.youtube.com\/embed\/QKNgcgKUPKQ?feature=oembed\" frameborder=\"0\" allow=\"accelerometer; autoplay; clipboard-write; encrypted-media; gyroscope; picture-in-picture; web-share\" referrerpolicy=\"strict-origin-when-cross-origin\" allowfullscreen><\/iframe><\/div>\n<\/div><\/figure>\n\n\n\n<p>BOHLER S390 MICROCLEAN ist ein pulvermetallurgisch hergestellter Hochgeschwindigkeits-Pulverstahl, der sich durch gute Arbeitsh\u00e4rte, Verschlei\u00dffestigkeit und Druckfestigkeit auszeichnet. Die Pulvermetallurgie-Technologie verleiht dem Material au\u00dferdem eine hervorragende H\u00e4rte und Bearbeitbarkeit, beispielsweise ein einfaches Schleifen. BOHLER S390 wird zur Herstellung von Formfr\u00e4sern, W\u00e4lzfr\u00e4sern, Muttern aller Art, Gewindebohrern, Spiralbohrern, Lurkern, Schrauben und Bimetall-S\u00e4gebl\u00e4ttern verwendet.<\/p>\n\n\n\n<p><strong>Chemische Zusammensetzung von BOHLER S390-Stahl<\/strong><\/p>\n\n\n\n<p>C (Kohlenstoff) \u2013 1,60 % Mo (Molybd\u00e4n) \u2013 2,00 % Co (Kobalt) \u2013 8,00 %<br>Cr (Chrom)-4,80% W (Wolfram)-10,50% V (Vanadium)-5,00%<\/p>","protected":false},"excerpt":{"rendered":"<p><!-- wp:list --><\/p>\n<ul><!-- wp:list-item --><\/p>\n<li>Klingenl\u00e4nge: 120 mm.<\/li>\n<p><!-- \/wp:list-item --> <!-- wp:list-item --><\/p>\n<li>Klingenbreite: 28 mm.<\/li>\n<p><!-- \/wp:list-item --> <!-- wp:list-item --><\/p>\n<li>Klingenoberfl\u00e4che: Chrom poliert mit Sandstrahlen<\/li>\n<p><!-- \/wp:list-item --> <!-- wp:list-item --><\/p>\n<li>Klingenst\u00e4rke: 3,0 mm<\/li>\n<p><!-- \/wp:list-item --> <!-- wp:list-item --><\/p>\n<li>Stahl BOHLER S390 MICROCLEAN. In jeder Hinsicht einer der h\u00e4rtesten: Er h\u00e4lt die Klinge perfekt und erm\u00f6glicht maximale Sch\u00e4rfe. Der einzige Nachteil ist vielleicht die geringe Korrosionsbest\u00e4ndigkeit, aber dieses Problem wird bei diesem Messer durch die Beschichtung der Klinge mit Chrom gel\u00f6st. Da die Klinge nat\u00fcrlich nicht so gesch\u00fctzt ist, empfehlen wir, das Messer nicht nass zu lassen.<\/li>\n<p><!-- \/wp:list-item --> <!-- wp:list-item --><\/p>\n<li><strong>H\u00e4rte: 68 HRC!<\/strong><\/li>\n<p><!-- \/wp:list-item --> <!-- wp:list-item --><\/p>\n<li>Pisten: gerade<\/li>\n<p><!-- \/wp:list-item --> <!-- wp:list-item --><\/p>\n<li>Klingensteigung: 0,3-0,4 mm.<\/li>\n<p><!-- \/wp:list-item --> <!-- wp:list-item --><\/p>\n<li>Griffl\u00e4nge: 120 mm.<\/li>\n<p><!-- \/wp:list-item --> <!-- wp:list-item --><\/p>\n<li>Griffmontage: durch<\/li>\n<p><!-- \/wp:list-item --> <!-- wp:list-item --><\/p>\n<li>Griffmaterial: Stabilisierte karelische Birke.<\/li>\n<p><!-- \/wp:list-item --> <!-- wp:list-item --><\/p>\n<li>Gewicht mit Koffer: 272 g<\/li>\n<p><!-- \/wp:list-item --> <!-- wp:list-item --><\/p>\n<li>Gewicht: 185 g<\/li>\n<p><!-- \/wp:list-item --> <!-- wp:list-item --><\/p>\n<li>Echtes Lederetui<\/li>\n<p><!-- \/wp:list-item --> <!-- wp:list-item --><\/p>\n<li>Hergestellt in Russland Kmet<\/li>\n<p><!-- \/wp:list-item --><\/ul>\n<p><!-- \/wp:list --><\/p>","protected":false},"featured_media":1698,"comment_status":"open","ping_status":"closed","template":"","meta":[],"product_brand":[],"product_cat":[24],"product_tag":[215,216],"class_list":{"0":"post-1697","1":"product","2":"type-product","3":"status-publish","4":"has-post-thumbnail","6":"product_cat-knifes","7":"product_tag-kmet","8":"product_tag-s390","9":"product_shipping_class-iprastas","11":"first","12":"outofstock","13":"shipping-taxable","14":"purchasable","15":"product-type-simple"},"_links":{"self":[{"href":"https:\/\/jnats.eu\/de\/wp-json\/wp\/v2\/product\/1697","targetHints":{"allow":["GET"]}}],"collection":[{"href":"https:\/\/jnats.eu\/de\/wp-json\/wp\/v2\/product"}],"about":[{"href":"https:\/\/jnats.eu\/de\/wp-json\/wp\/v2\/types\/product"}],"replies":[{"embeddable":true,"href":"https:\/\/jnats.eu\/de\/wp-json\/wp\/v2\/comments?post=1697"}],"wp:featuredmedia":[{"embeddable":true,"href":"https:\/\/jnats.eu\/de\/wp-json\/wp\/v2\/media\/1698"}],"wp:attachment":[{"href":"https:\/\/jnats.eu\/de\/wp-json\/wp\/v2\/media?parent=1697"}],"wp:term":[{"taxonomy":"product_brand","embeddable":true,"href":"https:\/\/jnats.eu\/de\/wp-json\/wp\/v2\/product_brand?post=1697"},{"taxonomy":"product_cat","embeddable":true,"href":"https:\/\/jnats.eu\/de\/wp-json\/wp\/v2\/product_cat?post=1697"},{"taxonomy":"product_tag","embeddable":true,"href":"https:\/\/jnats.eu\/de\/wp-json\/wp\/v2\/product_tag?post=1697"}],"curies":[{"name":"wp","href":"https:\/\/api.w.org\/{rel}","templated":true}]}}