{"id":1719,"date":"2024-04-18T09:52:30","date_gmt":"2024-04-18T06:52:30","guid":{"rendered":"http:\/\/jnats.eu\/?post_type=product&#038;p=1719"},"modified":"2025-12-10T14:29:40","modified_gmt":"2025-12-10T12:29:40","slug":"shobu-karasu","status":"publish","type":"product","link":"https:\/\/jnats.eu\/de\/produkt-2\/shobu-karasu\/","title":{"rendered":"Shobu Karasu Suite"},"content":{"rendered":"<p>Dieser Stein ist einfach zu bedienen und ist ideal f\u00fcr die Fertigstellung Rasiermesser, Polieren und Sch\u00e4rfen von K\u00fcchenmessern. Er ist schnell und hinterl\u00e4sst eine kontrastreiche Kasumi-Linie. Seine gro\u00dfe Oberfl\u00e4che macht es ideal zum Sch\u00e4rfen und Polieren.<\/p>\n\n\n\n<p>Dieses Gestein ist dunkel- und hellgrau mit vielen karassischen Flecken.<\/p>\n\n\n\n<p><strong>Shobu (\u83d6\u84b2\u8c37, Shobudani, Shoubu)<\/strong><br>\u00d6stliche Mine, die f\u00fcr die Qualit\u00e4t ihrer Sch\u00e4rfsteine bekannt ist. Auch wenn diese Mine nicht so hoch angesehen ist wie Ohira oder Nakayama im Westen, sind die Steine aus dieser Mine im Allgemeinen von sehr hoher Qualit\u00e4t. Die Gro\u00dfhandelspreise f\u00fcr Shoubu geh\u00f6ren zu den am schnellsten steigenden Preisen f\u00fcr alle Steine.<\/p>\n\n\n\n<figure class=\"wp-block-embed is-type-video is-provider-youtube wp-block-embed-youtube wp-embed-aspect-16-9 wp-has-aspect-ratio\"><div class=\"wp-block-embed__wrapper\">\n<div class=\"video-container\"><iframe title=\"Nakayama und Shobudani Karasu\" width=\"1170\" height=\"658\" src=\"https:\/\/www.youtube.com\/embed\/lYPMCssaMn0?feature=oembed\" frameborder=\"0\" allow=\"accelerometer; autoplay; clipboard-write; encrypted-media; gyroscope; picture-in-picture; web-share\" referrerpolicy=\"strict-origin-when-cross-origin\" allowfullscreen><\/iframe><\/div>\n<\/div><\/figure>","protected":false},"excerpt":{"rendered":"<ul>\n<li>Geeignet f\u00fcr die Endbearbeitung von Rasiermessern, Messern, Scheren, Tischlerei- und anderen Werkzeugen.<\/li>\n<li>Abmessungen: 220x93x35 mm<\/li>\n<li>Gewicht: 1550 g<\/li>\n<li>H\u00e4rte: Lv 5<\/li>\n<li>Arbeitsfertige Oberfl\u00e4che ohne jegliche M\u00e4ngel<\/li>\n<li>Wir empfehlen, mit warmem Wasser zu arbeiten, da kaltes Wasser die Geschwindigkeit und die Reaktion beeintr\u00e4chtigt.<\/li>\n<\/ul>","protected":false},"featured_media":1721,"comment_status":"open","ping_status":"closed","template":"","meta":[],"product_brand":[],"product_cat":[22],"product_tag":[57,219,44,218,50],"class_list":{"0":"post-1719","1":"product","2":"type-product","3":"status-publish","4":"has-post-thumbnail","6":"product_cat-jnats","7":"product_tag-karasu","8":"product_tag-shobu","9":"product_tag-shobudani","10":"product_tag-shoubu","11":"product_tag-suita","12":"product_shipping_class-iprastas","14":"first","15":"outofstock","16":"sale","17":"shipping-taxable","18":"purchasable","19":"product-type-simple"},"_links":{"self":[{"href":"https:\/\/jnats.eu\/de\/wp-json\/wp\/v2\/product\/1719","targetHints":{"allow":["GET"]}}],"collection":[{"href":"https:\/\/jnats.eu\/de\/wp-json\/wp\/v2\/product"}],"about":[{"href":"https:\/\/jnats.eu\/de\/wp-json\/wp\/v2\/types\/product"}],"replies":[{"embeddable":true,"href":"https:\/\/jnats.eu\/de\/wp-json\/wp\/v2\/comments?post=1719"}],"wp:featuredmedia":[{"embeddable":true,"href":"https:\/\/jnats.eu\/de\/wp-json\/wp\/v2\/media\/1721"}],"wp:attachment":[{"href":"https:\/\/jnats.eu\/de\/wp-json\/wp\/v2\/media?parent=1719"}],"wp:term":[{"taxonomy":"product_brand","embeddable":true,"href":"https:\/\/jnats.eu\/de\/wp-json\/wp\/v2\/product_brand?post=1719"},{"taxonomy":"product_cat","embeddable":true,"href":"https:\/\/jnats.eu\/de\/wp-json\/wp\/v2\/product_cat?post=1719"},{"taxonomy":"product_tag","embeddable":true,"href":"https:\/\/jnats.eu\/de\/wp-json\/wp\/v2\/product_tag?post=1719"}],"curies":[{"name":"wp","href":"https:\/\/api.w.org\/{rel}","templated":true}]}}