{"id":1777,"date":"2024-04-18T16:02:45","date_gmt":"2024-04-18T13:02:45","guid":{"rendered":"http:\/\/jnats.eu\/?post_type=product&#038;p=1777"},"modified":"2024-06-29T15:55:34","modified_gmt":"2024-06-29T12:55:34","slug":"shobudani-karasu-suite-3","status":"publish","type":"product","link":"https:\/\/jnats.eu\/de\/produkt-2\/shobudani-karasu-suite-3\/","title":{"rendered":"Shobudani Karasu Suite"},"content":{"rendered":"<p>Dieser Stein ist einfach zu bedienen und ist ideal f\u00fcr die Fertigstellung Rasiermesser, Polieren und Sch\u00e4rfen von K\u00fcchenmessern. Er ist schnell und hinterl\u00e4sst eine kontrastreiche Kasumi-Linie. Seine gro\u00dfe Oberfl\u00e4che macht es ideal zum Sch\u00e4rfen und Polieren.<\/p>\n\n\n\n<p>Dieser Stein hat eine hellgraue Farbe mit Karasu-Flecken (Kr\u00e4henflecken).<\/p>\n\n\n\n<p><strong>Shobu (\u83d6\u84b2\u8c37, Shobudani, Shoubu)<\/strong><br>\u00d6stliche Mine, die f\u00fcr die Qualit\u00e4t ihrer Sch\u00e4rfsteine bekannt ist. Auch wenn diese Mine nicht so hoch angesehen ist wie Ohira oder Nakayama im Westen, sind die Steine aus dieser Mine im Allgemeinen von sehr hoher Qualit\u00e4t. Die Gro\u00dfhandelspreise f\u00fcr Shoubu geh\u00f6ren zu den am schnellsten steigenden Preisen f\u00fcr alle Steine.<\/p>","protected":false},"excerpt":{"rendered":"<ul>\n<li>Geeignet f\u00fcr die Endbearbeitung von Rasiermessern, Messern, Scheren, Tischlerei- und anderen Werkzeugen.<\/li>\n<li>Abmessungen: 192x75x34 mm<\/li>\n<li>Gewicht: 1340 g<\/li>\n<li>H\u00e4rte: Lv 5<\/li>\n<li>Die Oberfl\u00e4che ist ohne M\u00e4ngel bearbeitbar. Ein paar Ecken sind nicht vollst\u00e4ndig ausgerichtet.<\/li>\n<li>Die Leitungen sind sicher.<\/li>\n<li>Wir empfehlen, mit warmem Wasser zu arbeiten, da kaltes Wasser die Geschwindigkeit und Reaktion beeintr\u00e4chtigt.<\/li>\n<\/ul>","protected":false},"featured_media":1784,"comment_status":"open","ping_status":"closed","template":"","meta":[],"product_brand":[],"product_cat":[22],"product_tag":[57,44,50],"class_list":{"0":"post-1777","1":"product","2":"type-product","3":"status-publish","4":"has-post-thumbnail","6":"product_cat-jnats","7":"product_tag-karasu","8":"product_tag-shobudani","9":"product_tag-suita","10":"product_shipping_class-iprastas","12":"first","13":"outofstock","14":"shipping-taxable","15":"purchasable","16":"product-type-simple"},"_links":{"self":[{"href":"https:\/\/jnats.eu\/de\/wp-json\/wp\/v2\/product\/1777","targetHints":{"allow":["GET"]}}],"collection":[{"href":"https:\/\/jnats.eu\/de\/wp-json\/wp\/v2\/product"}],"about":[{"href":"https:\/\/jnats.eu\/de\/wp-json\/wp\/v2\/types\/product"}],"replies":[{"embeddable":true,"href":"https:\/\/jnats.eu\/de\/wp-json\/wp\/v2\/comments?post=1777"}],"wp:featuredmedia":[{"embeddable":true,"href":"https:\/\/jnats.eu\/de\/wp-json\/wp\/v2\/media\/1784"}],"wp:attachment":[{"href":"https:\/\/jnats.eu\/de\/wp-json\/wp\/v2\/media?parent=1777"}],"wp:term":[{"taxonomy":"product_brand","embeddable":true,"href":"https:\/\/jnats.eu\/de\/wp-json\/wp\/v2\/product_brand?post=1777"},{"taxonomy":"product_cat","embeddable":true,"href":"https:\/\/jnats.eu\/de\/wp-json\/wp\/v2\/product_cat?post=1777"},{"taxonomy":"product_tag","embeddable":true,"href":"https:\/\/jnats.eu\/de\/wp-json\/wp\/v2\/product_tag?post=1777"}],"curies":[{"name":"wp","href":"https:\/\/api.w.org\/{rel}","templated":true}]}}