{"id":1805,"date":"2024-04-19T10:30:22","date_gmt":"2024-04-19T07:30:22","guid":{"rendered":"http:\/\/jnats.eu\/?post_type=product&#038;p=1805"},"modified":"2024-10-27T13:00:39","modified_gmt":"2024-10-27T11:00:39","slug":"ohira-renge-suita","status":"publish","type":"product","link":"https:\/\/jnats.eu\/de\/produkt-2\/ohira-renge-suita\/","title":{"rendered":"Ohira Renge Suite"},"content":{"rendered":"<p>Hochwertige Schleifsteine von Ohira Renge Suita sind selten. Der Stein ist schnell, liefert eine gute Reaktion und au\u00dfergew\u00f6hnliche Ergebnisse. Hochwertiger Ohira-Stein wird immer seltener und dieser Stein ist ein perfektes Beispiel daf\u00fcr, warum die Mine ihren Ruf verdient hat. Dieser Stein eignet sich ganz gut f\u00fcr die Ohira-Suite. Ganz gleich, ob Ihr Hauptziel das Sch\u00e4rfen der Klinge oder das Polieren von Kasumi ist, dieser Stein wird Sie nicht entt\u00e4uschen. Bitte kaufen Sie es nicht, ich m\u00f6chte es behalten.<\/p>\n\n\n\n<p>Eine reinwei\u00dfe Basis mit einem dichten, gleichm\u00e4\u00dfigen Renge-Muster. Eine der Ecken ist leicht besto\u00dfen und weist Sicherheitsleinen auf. Das ist das Einzige, was verhindert, dass dieser Stein zu einem Museumsexemplar mit einem wirklich astronomischen Preis wird. <\/p>\n\n\n\n<p><strong>Ohira (\u5927\u5e73, Oohira, Ohirayama)<\/strong><br>Eine westliche Mine, ber\u00fchmt f\u00fcr Uchigumori und die Qualit\u00e4t ihrer Suita. Obwohl in der Mine immer noch gelegentlich gearbeitet wird, ist es immer schwieriger, exportierbare Uchigumori und Ohira Suita zu finden. Aufgrund der hervorragenden Qualit\u00e4t von Ohira Suita und Uchigumori ist es nicht ungew\u00f6hnlich, dass Steine aus anderen Minen als Ohira gestempelt oder verkauft werden.<\/p>\n\n\n\n<figure class=\"wp-block-embed is-type-video is-provider-youtube wp-block-embed-youtube wp-embed-aspect-16-9 wp-has-aspect-ratio\"><div class=\"wp-block-embed__wrapper\">\n<div class=\"video-container\"><iframe title=\"Ohira Renge Suita, Nishiyama Shiro Suita, Nakayama Asagi Nashiji, Kyoto Shomotoyama, Atago\" width=\"1170\" height=\"658\" src=\"https:\/\/www.youtube.com\/embed\/NhqN2jyKzUg?start=167&#038;feature=oembed\" frameborder=\"0\" allow=\"accelerometer; autoplay; clipboard-write; encrypted-media; gyroscope; picture-in-picture; web-share\" referrerpolicy=\"strict-origin-when-cross-origin\" allowfullscreen><\/iframe><\/div>\n<\/div><\/figure>","protected":false},"excerpt":{"rendered":"<ul>\n<li>Geeignet f\u00fcr die Endbearbeitung von Messern, Scheren, Tischlerarbeiten, anderen Werkzeugen und der Kasumi-Endbearbeitung.<\/li>\n<li>Abmessungen: 204x75x24 mm<\/li>\n<li>Gewicht: 1150 g<\/li>\n<li>H\u00e4rte: Lv 4<\/li>\n<li>Die Oberfl\u00e4che ist glatt und arbeitsbereit.<\/li>\n<li>Die Leitungen sind sicher.<\/li>\n<li>Wir empfehlen, mit warmem Wasser zu arbeiten, da kaltes Wasser die Geschwindigkeit und Reaktion beeintr\u00e4chtigt.<\/li>\n<\/ul>","protected":false},"featured_media":2115,"comment_status":"open","ping_status":"closed","template":"","meta":[],"product_brand":[],"product_cat":[22],"product_tag":[47,86,50],"class_list":{"0":"post-1805","1":"product","2":"type-product","3":"status-publish","4":"has-post-thumbnail","6":"product_cat-jnats","7":"product_tag-ohira","8":"product_tag-renge","9":"product_tag-suita","10":"product_shipping_class-iprastas","12":"first","13":"outofstock","14":"shipping-taxable","15":"purchasable","16":"product-type-simple"},"_links":{"self":[{"href":"https:\/\/jnats.eu\/de\/wp-json\/wp\/v2\/product\/1805","targetHints":{"allow":["GET"]}}],"collection":[{"href":"https:\/\/jnats.eu\/de\/wp-json\/wp\/v2\/product"}],"about":[{"href":"https:\/\/jnats.eu\/de\/wp-json\/wp\/v2\/types\/product"}],"replies":[{"embeddable":true,"href":"https:\/\/jnats.eu\/de\/wp-json\/wp\/v2\/comments?post=1805"}],"wp:featuredmedia":[{"embeddable":true,"href":"https:\/\/jnats.eu\/de\/wp-json\/wp\/v2\/media\/2115"}],"wp:attachment":[{"href":"https:\/\/jnats.eu\/de\/wp-json\/wp\/v2\/media?parent=1805"}],"wp:term":[{"taxonomy":"product_brand","embeddable":true,"href":"https:\/\/jnats.eu\/de\/wp-json\/wp\/v2\/product_brand?post=1805"},{"taxonomy":"product_cat","embeddable":true,"href":"https:\/\/jnats.eu\/de\/wp-json\/wp\/v2\/product_cat?post=1805"},{"taxonomy":"product_tag","embeddable":true,"href":"https:\/\/jnats.eu\/de\/wp-json\/wp\/v2\/product_tag?post=1805"}],"curies":[{"name":"wp","href":"https:\/\/api.w.org\/{rel}","templated":true}]}}