{"id":1853,"date":"2024-04-21T09:08:54","date_gmt":"2024-04-21T06:08:54","guid":{"rendered":"http:\/\/jnats.eu\/?post_type=product&#038;p=1853"},"modified":"2025-02-25T17:38:38","modified_gmt":"2025-02-25T15:38:38","slug":"yaginoshima-asagi","status":"publish","type":"product","link":"https:\/\/jnats.eu\/de\/produkt-2\/yaginoshima-asagi\/","title":{"rendered":"Riesiger Yaginoshima Asagi + Kizuyama Awasedo"},"content":{"rendered":"<p>Dieser asagi in Monstergr\u00f6\u00dfe ist ein gro\u00dfartiger Allzweck-Finishing-Stein zum Sch\u00e4rfen. Es ist cool, klein und recht einfach zu bedienen. Ein Arbeitstier ohne Sorgen. Durch sorgf\u00e4ltiges Schleifen k\u00f6nnen Rasiermesser und Zimmermannswerkzeuge veredelt werden, es eignet sich aber auch zum raffinierten Kasumi-Polieren. Aufgrund der extra gro\u00dfen Oberfl\u00e4che ist es f\u00fcr Schwerter und \u00c4xte geeignet.<\/p>\n\n\n\n<p>Der Stein ist in seinem gesamten grauen \u201eDelfinhaut\u201c-Muster sehr homogen.<\/p>\n\n\n\n<p><strong>Yaginoshima (\u516b\u6728\u306e\u5d8b)<\/strong><br>East Mine in der Region Kyoto.<\/p>\n\n\n\n<figure class=\"wp-block-embed is-type-video is-provider-youtube wp-block-embed-youtube wp-embed-aspect-16-9 wp-has-aspect-ratio\"><div class=\"wp-block-embed__wrapper\">\n<div class=\"video-container\"><iframe title=\"Yaginoshima Asagi, Nakayama Kiita, Shomotoyama Kiita\" width=\"1170\" height=\"658\" src=\"https:\/\/www.youtube.com\/embed\/BfthwASlRYw?start=105&#038;feature=oembed\" frameborder=\"0\" allow=\"accelerometer; autoplay; clipboard-write; encrypted-media; gyroscope; picture-in-picture; web-share\" referrerpolicy=\"strict-origin-when-cross-origin\" allowfullscreen><\/iframe><\/div>\n<\/div><\/figure>","protected":false},"excerpt":{"rendered":"<ul>\n<li>Geeignet f\u00fcr die Endbearbeitung von Rasierklingen, Scheren, Zimmermanns- und anderen Werkzeugen.<\/li>\n<li>Abmessungen: 252x89x45 mm<\/li>\n<li>Gewicht: 2340 g<\/li>\n<li>H\u00e4rte: Lv 4.8<\/li>\n<li>Die Oberfl\u00e4che ist glatt und arbeitsbereit.<\/li>\n<li>Wir empfehlen, mit warmem Wasser zu arbeiten, da kaltes Wasser die Geschwindigkeit und Reaktion beeintr\u00e4chtigt.<\/li>\n<\/ul>","protected":false},"featured_media":1856,"comment_status":"open","ping_status":"closed","template":"","meta":[],"product_brand":[],"product_cat":[22],"product_tag":[226],"class_list":{"0":"post-1853","1":"product","2":"type-product","3":"status-publish","4":"has-post-thumbnail","6":"product_cat-jnats","7":"product_tag-yaginoshima","8":"product_shipping_class-iprastas","10":"first","11":"outofstock","12":"shipping-taxable","13":"purchasable","14":"product-type-simple"},"_links":{"self":[{"href":"https:\/\/jnats.eu\/de\/wp-json\/wp\/v2\/product\/1853","targetHints":{"allow":["GET"]}}],"collection":[{"href":"https:\/\/jnats.eu\/de\/wp-json\/wp\/v2\/product"}],"about":[{"href":"https:\/\/jnats.eu\/de\/wp-json\/wp\/v2\/types\/product"}],"replies":[{"embeddable":true,"href":"https:\/\/jnats.eu\/de\/wp-json\/wp\/v2\/comments?post=1853"}],"wp:featuredmedia":[{"embeddable":true,"href":"https:\/\/jnats.eu\/de\/wp-json\/wp\/v2\/media\/1856"}],"wp:attachment":[{"href":"https:\/\/jnats.eu\/de\/wp-json\/wp\/v2\/media?parent=1853"}],"wp:term":[{"taxonomy":"product_brand","embeddable":true,"href":"https:\/\/jnats.eu\/de\/wp-json\/wp\/v2\/product_brand?post=1853"},{"taxonomy":"product_cat","embeddable":true,"href":"https:\/\/jnats.eu\/de\/wp-json\/wp\/v2\/product_cat?post=1853"},{"taxonomy":"product_tag","embeddable":true,"href":"https:\/\/jnats.eu\/de\/wp-json\/wp\/v2\/product_tag?post=1853"}],"curies":[{"name":"wp","href":"https:\/\/api.w.org\/{rel}","templated":true}]}}