{"id":1860,"date":"2024-04-21T09:13:48","date_gmt":"2024-04-21T06:13:48","guid":{"rendered":"http:\/\/jnats.eu\/?post_type=product&#038;p=1860"},"modified":"2026-02-13T11:09:09","modified_gmt":"2026-02-13T09:09:09","slug":"yaginoshima-asagi-2","status":"publish","type":"product","link":"https:\/\/jnats.eu\/de\/produkt-2\/yaginoshima-asagi-2\/","title":{"rendered":"Yaginoshima Asagi"},"content":{"rendered":"<p>Der Yaginoshima Asagi ist ein ausgezeichneter Allzweck-Feinstein zum abschlie\u00dfenden Sch\u00e4rfen. Es ist cool, klein und recht einfach zu bedienen. Ein Arbeitstier ohne Sorgen. Durch sorgf\u00e4ltiges Schleifen k\u00f6nnen Rasiermesser und Zimmermannswerkzeuge veredelt werden, es eignet sich aber auch zum raffinierten Kasumi-Polieren. Aufgrund der extra gro\u00dfen Oberfl\u00e4che ist es f\u00fcr Schwerter und \u00c4xte geeignet.<\/p>\n\n\n\n<p>Der Stein ist in seinem gesamten grauen \u201eDelfinhaut\u201c-Muster sehr homogen.<\/p>\n\n\n\n<p><strong>Yaginoshima (\u516b\u6728\u306e\u5d8b)<\/strong><br>East Mine in der Region Kyoto.<\/p>\n\n\n\n<figure class=\"wp-block-embed is-type-video is-provider-youtube wp-block-embed-youtube wp-embed-aspect-16-9 wp-has-aspect-ratio\"><div class=\"wp-block-embed__wrapper\">\n<div class=\"video-container\"><iframe title=\"Yaginoshima Asagi, Nakayama Kiita, Shomotoyama Kiita\" width=\"1170\" height=\"658\" src=\"https:\/\/www.youtube.com\/embed\/BfthwASlRYw?feature=oembed\" frameborder=\"0\" allow=\"accelerometer; autoplay; clipboard-write; encrypted-media; gyroscope; picture-in-picture; web-share\" referrerpolicy=\"strict-origin-when-cross-origin\" allowfullscreen><\/iframe><\/div>\n<\/div><\/figure>","protected":false},"excerpt":{"rendered":"<ul>\n<li>Geeignet f\u00fcr die Endbearbeitung von Rasierklingen, Scheren, Zimmermanns- und anderen Werkzeugen.<\/li>\n<li>Abmessungen: 206x70x32 mm<\/li>\n<li>Gewicht mit St\u00e4nder: 1380 g<\/li>\n<li>H\u00e4rte: Lv 4,5<\/li>\n<li>Die Oberfl\u00e4che ist glatt und arbeitsbereit.<\/li>\n<li>Wir empfehlen, mit warmem Wasser zu arbeiten, da kaltes Wasser die Geschwindigkeit und Reaktion beeintr\u00e4chtigt.<\/li>\n<\/ul>","protected":false},"featured_media":1861,"comment_status":"open","ping_status":"closed","template":"","meta":[],"product_brand":[],"product_cat":[22],"product_tag":[45,226],"class_list":{"0":"post-1860","1":"product","2":"type-product","3":"status-publish","4":"has-post-thumbnail","6":"product_cat-jnats","7":"product_tag-asagi","8":"product_tag-yaginoshima","9":"product_shipping_class-iprastas","11":"first","12":"instock","13":"shipping-taxable","14":"purchasable","15":"product-type-simple"},"_links":{"self":[{"href":"https:\/\/jnats.eu\/de\/wp-json\/wp\/v2\/product\/1860","targetHints":{"allow":["GET"]}}],"collection":[{"href":"https:\/\/jnats.eu\/de\/wp-json\/wp\/v2\/product"}],"about":[{"href":"https:\/\/jnats.eu\/de\/wp-json\/wp\/v2\/types\/product"}],"replies":[{"embeddable":true,"href":"https:\/\/jnats.eu\/de\/wp-json\/wp\/v2\/comments?post=1860"}],"wp:featuredmedia":[{"embeddable":true,"href":"https:\/\/jnats.eu\/de\/wp-json\/wp\/v2\/media\/1861"}],"wp:attachment":[{"href":"https:\/\/jnats.eu\/de\/wp-json\/wp\/v2\/media?parent=1860"}],"wp:term":[{"taxonomy":"product_brand","embeddable":true,"href":"https:\/\/jnats.eu\/de\/wp-json\/wp\/v2\/product_brand?post=1860"},{"taxonomy":"product_cat","embeddable":true,"href":"https:\/\/jnats.eu\/de\/wp-json\/wp\/v2\/product_cat?post=1860"},{"taxonomy":"product_tag","embeddable":true,"href":"https:\/\/jnats.eu\/de\/wp-json\/wp\/v2\/product_tag?post=1860"}],"curies":[{"name":"wp","href":"https:\/\/api.w.org\/{rel}","templated":true}]}}