{"id":1873,"date":"2024-04-21T09:33:15","date_gmt":"2024-04-21T06:33:15","guid":{"rendered":"http:\/\/jnats.eu\/?post_type=product&#038;p=1873"},"modified":"2025-03-06T13:21:20","modified_gmt":"2025-03-06T11:21:20","slug":"shomotoyama-ist-anders","status":"publish","type":"product","link":"https:\/\/jnats.eu\/de\/produkt-2\/shomotoyama-ist-anders\/","title":{"rendered":"Shomotoyama Kiita"},"content":{"rendered":"<p>Obwohl dieser Kiita ziemlich robust ist, l\u00e4sst er sich leicht verarbeiten. Der Stein ist gut genug, um ein Rasiermesser fertigzustellen, aber einfach genug zu verwenden, dass er auch f\u00fcr Messer geeignet ist. Eine Nagura- oder Diamantplatte ist nicht erforderlich, da der Stein seine eigene Suspension freigibt und die Reste des polierten Metalls bald sichtbar werden. Aufgrund seiner Gr\u00f6\u00dfe eignet es sich perfekt f\u00fcr Rasierarbeiten, eignet sich aber auch gut zum Sch\u00e4rfen gr\u00f6\u00dferer Werkzeuge. <\/p>\n\n\n\n<p>Shomotoyama wurde nach Nakayama- und Okudo-Steinen benannt. Um welche Mine es sich in diesem Fall handelt, kann ich nicht sagen.<\/p>\n\n\n\n<figure class=\"wp-block-embed is-type-video is-provider-youtube wp-block-embed-youtube wp-embed-aspect-16-9 wp-has-aspect-ratio\"><div class=\"wp-block-embed__wrapper\">\n<div class=\"video-container\"><iframe title=\"Yaginoshima Asagi, Nakayama Kiita, Shomotoyama Kiita\" width=\"1170\" height=\"658\" src=\"https:\/\/www.youtube.com\/embed\/BfthwASlRYw?start=204&#038;feature=oembed\" frameborder=\"0\" allow=\"accelerometer; autoplay; clipboard-write; encrypted-media; gyroscope; picture-in-picture; web-share\" referrerpolicy=\"strict-origin-when-cross-origin\" allowfullscreen><\/iframe><\/div>\n<\/div><\/figure>","protected":false},"excerpt":{"rendered":"<ul>\n<li>Geeignet f\u00fcr die Endbearbeitung von Rasiermessern, Messern, Scheren, Tischlerei- und anderen Werkzeugen.<\/li>\n<li>Abmessungen: 208x77x24 mm<\/li>\n<li>Gewicht mit St\u00e4nder: 1020 g<\/li>\n<li>H\u00e4rte: Lv 4,5<\/li>\n<li>Die Oberfl\u00e4che ist glatt und arbeitsbereit.<\/li>\n<li>Die Leitungen sind sicher<\/li>\n<li><strong>Ungleichm\u00e4\u00dfige Abnutzung: Ecken auf unterschiedlicher H\u00f6he.<\/strong><\/li>\n<li>Wir empfehlen, mit warmem Wasser zu arbeiten, da kaltes Wasser die Geschwindigkeit und Reaktion beeintr\u00e4chtigt.<\/li>\n<\/ul>","protected":false},"featured_media":1875,"comment_status":"open","ping_status":"closed","template":"","meta":[],"product_brand":[],"product_cat":[22],"product_tag":[141,227],"class_list":{"0":"post-1873","1":"product","2":"type-product","3":"status-publish","4":"has-post-thumbnail","6":"product_cat-jnats","7":"product_tag-kiita","8":"product_tag-shomotoyama-kiita","10":"first","11":"outofstock","12":"sale","13":"shipping-taxable","14":"purchasable","15":"product-type-simple"},"_links":{"self":[{"href":"https:\/\/jnats.eu\/de\/wp-json\/wp\/v2\/product\/1873","targetHints":{"allow":["GET"]}}],"collection":[{"href":"https:\/\/jnats.eu\/de\/wp-json\/wp\/v2\/product"}],"about":[{"href":"https:\/\/jnats.eu\/de\/wp-json\/wp\/v2\/types\/product"}],"replies":[{"embeddable":true,"href":"https:\/\/jnats.eu\/de\/wp-json\/wp\/v2\/comments?post=1873"}],"wp:featuredmedia":[{"embeddable":true,"href":"https:\/\/jnats.eu\/de\/wp-json\/wp\/v2\/media\/1875"}],"wp:attachment":[{"href":"https:\/\/jnats.eu\/de\/wp-json\/wp\/v2\/media?parent=1873"}],"wp:term":[{"taxonomy":"product_brand","embeddable":true,"href":"https:\/\/jnats.eu\/de\/wp-json\/wp\/v2\/product_brand?post=1873"},{"taxonomy":"product_cat","embeddable":true,"href":"https:\/\/jnats.eu\/de\/wp-json\/wp\/v2\/product_cat?post=1873"},{"taxonomy":"product_tag","embeddable":true,"href":"https:\/\/jnats.eu\/de\/wp-json\/wp\/v2\/product_tag?post=1873"}],"curies":[{"name":"wp","href":"https:\/\/api.w.org\/{rel}","templated":true}]}}