{"id":1899,"date":"2024-04-22T10:03:17","date_gmt":"2024-04-22T07:03:17","guid":{"rendered":"http:\/\/jnats.eu\/?post_type=product&#038;p=1899"},"modified":"2026-02-13T11:06:39","modified_gmt":"2026-02-13T09:06:39","slug":"shohonyama-ohira-roter-japanischer-naturstein-zum-scharfen","status":"publish","type":"product","link":"https:\/\/jnats.eu\/de\/produkt-2\/shohonyama-ohira-roter-japanischer-naturstein-zum-scharfen\/","title":{"rendered":"Shohonyama Ohira Roter japanischer Naturstein zum Sch\u00e4rfen"},"content":{"rendered":"<p>Dies ist Shohonyama Red Ohira Ipponsen aus Kyoto. F\u00fcr die Herstellung von Messern und Tischlerwerkzeugen. Der Rote Ohira ist einer der besten und wertvollsten in dieser Mine. Dieser Red Ohira, eine sch\u00f6ne rosa Abstufung, zeigt ein auff\u00e4lliges Gesicht. Es ist weich und hat eine sehr gute Schleifleistung. Der Sch\u00e4rfvorgang ist sehr sanft, die feine Suspension wird recht schnell freigesetzt, leicht zu sch\u00e4rfen. Die Oberfl\u00e4che ist glatt und weist keine \u201egiftigen\u201d Linien oder Einschl\u00fcsse auf. <\/p>\n\n\n\n<figure class=\"wp-block-embed is-type-video is-provider-youtube wp-block-embed-youtube wp-embed-aspect-16-9 wp-has-aspect-ratio\"><div class=\"wp-block-embed__wrapper\">\n<div class=\"video-container\"><iframe title=\"XINZUO Knife Review | Verkauft als Kamazaki in Litauen | Heimcut in Russland\" width=\"1170\" height=\"658\" src=\"https:\/\/www.youtube.com\/embed\/htGmVVVoAwg?start=184&feature=oembed\" frameborder=\"0\" allow=\"accelerometer; autoplay; clipboard-write; encrypted-media; gyroscope; picture-in-picture; web-share\" referrerpolicy=\"strict-origin-when-cross-origin\" allowfullscreen><\/iframe><\/div>\n<\/div><\/figure>\n\n\n\n<p>Beachten Sie, dass japanische Naturschleifsteine f\u00fcr unerfahrene Sch\u00e4rfer m\u00f6glicherweise nicht attraktiv sind, da sie schwieriger zu verwenden sind und langsamer arbeiten als k\u00fcnstliche. Da es sich um Natursteine handelt, ist jeder Stein anders, sodass meine Ma\u00dfe nicht genau sind. Es ist eine lebenslange Investition f\u00fcr Menschen, die ihre Messer und Werkzeuge sch\u00e4rfen. <\/p>\n\n\n\n<p>Wenn Sie Fragen haben, k\u00f6nnen Sie gerne Ihre Fragen stellen.<\/p>","protected":false},"excerpt":{"rendered":"<ul>\n<li>Geeignet f\u00fcr die Bearbeitung von Messern, Scheren, Tischler- und anderen Werkzeugen.<\/li>\n<li>Abmessungen: 206x75x36 mm<\/li>\n<li>Gewicht mit St\u00e4nder: 1880 g<\/li>\n<li>H\u00e4rte: Lv 4<\/li>\n<li>Die Oberfl\u00e4che ist glatt und arbeitsbereit<\/li>\n<li>Wir empfehlen, mit warmem Wasser zu arbeiten, da kaltes Wasser die Arbeitsgeschwindigkeit und das Ansprechverhalten verschlechtert.<\/li>\n<\/ul>","protected":false},"featured_media":1903,"comment_status":"open","ping_status":"closed","template":"","meta":[],"product_brand":[],"product_cat":[22],"product_tag":[47,235],"class_list":{"0":"post-1899","1":"product","2":"type-product","3":"status-publish","4":"has-post-thumbnail","6":"product_cat-jnats","7":"product_tag-ohira","8":"product_tag-shohonyama","9":"product_shipping_class-iprastas","11":"first","12":"instock","13":"shipping-taxable","14":"purchasable","15":"product-type-simple"},"_links":{"self":[{"href":"https:\/\/jnats.eu\/de\/wp-json\/wp\/v2\/product\/1899","targetHints":{"allow":["GET"]}}],"collection":[{"href":"https:\/\/jnats.eu\/de\/wp-json\/wp\/v2\/product"}],"about":[{"href":"https:\/\/jnats.eu\/de\/wp-json\/wp\/v2\/types\/product"}],"replies":[{"embeddable":true,"href":"https:\/\/jnats.eu\/de\/wp-json\/wp\/v2\/comments?post=1899"}],"wp:featuredmedia":[{"embeddable":true,"href":"https:\/\/jnats.eu\/de\/wp-json\/wp\/v2\/media\/1903"}],"wp:attachment":[{"href":"https:\/\/jnats.eu\/de\/wp-json\/wp\/v2\/media?parent=1899"}],"wp:term":[{"taxonomy":"product_brand","embeddable":true,"href":"https:\/\/jnats.eu\/de\/wp-json\/wp\/v2\/product_brand?post=1899"},{"taxonomy":"product_cat","embeddable":true,"href":"https:\/\/jnats.eu\/de\/wp-json\/wp\/v2\/product_cat?post=1899"},{"taxonomy":"product_tag","embeddable":true,"href":"https:\/\/jnats.eu\/de\/wp-json\/wp\/v2\/product_tag?post=1899"}],"curies":[{"name":"wp","href":"https:\/\/api.w.org\/{rel}","templated":true}]}}