{"id":1905,"date":"2024-04-22T10:14:02","date_gmt":"2024-04-22T07:14:02","guid":{"rendered":"http:\/\/jnats.eu\/?post_type=product&#038;p=1905"},"modified":"2024-04-22T10:14:04","modified_gmt":"2024-04-22T07:14:04","slug":"okudo-asagi-japanischer-naturstein-zum-scharfen","status":"publish","type":"product","link":"https:\/\/jnats.eu\/de\/produkt-2\/okudo-asagi-japanischer-naturstein-zum-scharfen\/","title":{"rendered":"Okudo Asagi japanischer nat\u00fcrlicher Schleifstein"},"content":{"rendered":"<p>Dieser Stein ist \u00fcberraschend flexibel und eignet sich f\u00fcr die Endbearbeitung jedes Werkzeugs. Es schleift alle Stahlsorten sehr schnell und eignet sich hervorragend zum Finishen von Rasiermessern, K\u00fcchenmessern oder Werkzeugen. <\/p>\n\n\n\n<p>Sch\u00f6nes Grau mit schwachen dunkleren Linien Asagi von Okudo. Der Stein ist auf einen Holzst\u00e4nder geklebt. <\/p>\n\n\n\n<p><strong>Okudo (\u5965\u6bbf)<\/strong><br>Eastern Mine, ber\u00fchmt f\u00fcr seine Suite und andere Abschlusssteine. Sie sind normalerweise sehr hart, ziemlich klein und ziemlich schnell. Authentische Okudo-Steine sind normalerweise sehr teuer und selten, und es wird fast unm\u00f6glich, einen mit authentischen Stempeln zu finden.<\/p>","protected":false},"excerpt":{"rendered":"<ul>\n<li>Geeignet f\u00fcr die Endbearbeitung von Rasiermessern, Messern, Scheren, Tischlerei- und anderen Werkzeugen.<\/li>\n<li>Abmessungen: 206x78x35 mm<\/li>\n<li>Gewicht mit St\u00e4nder: 1550 g<\/li>\n<li>H\u00e4rte: Lv 5<\/li>\n<li>Die Oberfl\u00e4che ist glatt und arbeitsbereit<\/li>\n<li>Wir empfehlen, mit warmem Wasser zu arbeiten, da kaltes Wasser die Arbeitsgeschwindigkeit und das Ansprechverhalten verschlechtert.<\/li>\n<\/ul>","protected":false},"featured_media":1912,"comment_status":"open","ping_status":"closed","template":"","meta":[],"product_brand":[],"product_cat":[22],"product_tag":[45,142],"class_list":{"0":"post-1905","1":"product","2":"type-product","3":"status-publish","4":"has-post-thumbnail","6":"product_cat-jnats","7":"product_tag-asagi","8":"product_tag-okudo","9":"product_shipping_class-iprastas","11":"first","12":"instock","13":"shipping-taxable","14":"purchasable","15":"product-type-simple"},"_links":{"self":[{"href":"https:\/\/jnats.eu\/de\/wp-json\/wp\/v2\/product\/1905","targetHints":{"allow":["GET"]}}],"collection":[{"href":"https:\/\/jnats.eu\/de\/wp-json\/wp\/v2\/product"}],"about":[{"href":"https:\/\/jnats.eu\/de\/wp-json\/wp\/v2\/types\/product"}],"replies":[{"embeddable":true,"href":"https:\/\/jnats.eu\/de\/wp-json\/wp\/v2\/comments?post=1905"}],"wp:featuredmedia":[{"embeddable":true,"href":"https:\/\/jnats.eu\/de\/wp-json\/wp\/v2\/media\/1912"}],"wp:attachment":[{"href":"https:\/\/jnats.eu\/de\/wp-json\/wp\/v2\/media?parent=1905"}],"wp:term":[{"taxonomy":"product_brand","embeddable":true,"href":"https:\/\/jnats.eu\/de\/wp-json\/wp\/v2\/product_brand?post=1905"},{"taxonomy":"product_cat","embeddable":true,"href":"https:\/\/jnats.eu\/de\/wp-json\/wp\/v2\/product_cat?post=1905"},{"taxonomy":"product_tag","embeddable":true,"href":"https:\/\/jnats.eu\/de\/wp-json\/wp\/v2\/product_tag?post=1905"}],"curies":[{"name":"wp","href":"https:\/\/api.w.org\/{rel}","templated":true}]}}