{"id":1919,"date":"2024-04-22T10:35:33","date_gmt":"2024-04-22T07:35:33","guid":{"rendered":"http:\/\/jnats.eu\/?post_type=product&#038;p=1919"},"modified":"2025-01-21T18:15:52","modified_gmt":"2025-01-21T16:15:52","slug":"nakayama-tomae-iromono-japanischer-naturstein-zum-scharfen","status":"publish","type":"product","link":"https:\/\/jnats.eu\/de\/produkt-2\/nakayama-tomae-iromono-japanischer-naturstein-zum-scharfen\/","title":{"rendered":"Nakayama Tomae Iromono Japanischer nat\u00fcrlicher Schleifstein"},"content":{"rendered":"<p>Dieser wundersch\u00f6ne Nakayama-Iromono ist ein harter und perfekter japanischer Naturstein zum Abschluss jedes Werkzeugsch\u00e4rfens. Es ist am besten f\u00fcr diejenigen mit mehr Erfahrung geeignet, kann aber f\u00fcr ein benutzerfreundlicheres Erlebnis mit einem Nagura kombiniert werden. Die Textur ist sehr fein (10k+) und der Lack neigt zum Spiegeln. <\/p>\n\n\n\n<p><strong>Nakayama (\u4e2d\u5c71)<\/strong><\/p>\n\n\n\n<p>Diese \u00f6stliche Mine ist ber\u00fchmt f\u00fcr ihre Awasedo-Finishing-Steine und m\u00f6glicherweise die gefragteste unter Sch\u00e4rfprofis und Bastlern. Im Vergleich zu Steinen \u00e4hnlicher H\u00e4rte und Feinheit aus anderen Minen sind Nakayama-Steine f\u00fcr ein angenehmeres Schleifgef\u00fchl und eine hohe Arbeitsgeschwindigkeit bekannt. Besonders gesch\u00e4tzt werden mehrschichtige Steine (Hondomae, Shikitomae) und andere. <\/p>","protected":false},"excerpt":{"rendered":"<ul>\n<li>Geeignet f\u00fcr die Endbearbeitung von Rasiermessern, Messern, Scheren, Tischlerei- und anderen Werkzeugen.<\/li>\n<li>Abmessungen: 141x90x32 mm<\/li>\n<li>Gewicht: 900 g<\/li>\n<li>H\u00e4rte: Lv 4.7<\/li>\n<li>Die Oberfl\u00e4che ist glatt und arbeitsbereit<\/li>\n<li>Wir empfehlen, mit warmem Wasser zu arbeiten, da kaltes Wasser die Arbeitsgeschwindigkeit und das Ansprechverhalten verschlechtert.<\/li>\n<\/ul>","protected":false},"featured_media":1921,"comment_status":"open","ping_status":"closed","template":"","meta":[],"product_brand":[],"product_cat":[22],"product_tag":[41,49,67],"class_list":{"0":"post-1919","1":"product","2":"type-product","3":"status-publish","4":"has-post-thumbnail","6":"product_cat-jnats","7":"product_tag-iromono","8":"product_tag-nakayama","9":"product_tag-tomae","10":"product_shipping_class-iprastas","12":"first","13":"outofstock","14":"shipping-taxable","15":"purchasable","16":"product-type-simple"},"_links":{"self":[{"href":"https:\/\/jnats.eu\/de\/wp-json\/wp\/v2\/product\/1919","targetHints":{"allow":["GET"]}}],"collection":[{"href":"https:\/\/jnats.eu\/de\/wp-json\/wp\/v2\/product"}],"about":[{"href":"https:\/\/jnats.eu\/de\/wp-json\/wp\/v2\/types\/product"}],"replies":[{"embeddable":true,"href":"https:\/\/jnats.eu\/de\/wp-json\/wp\/v2\/comments?post=1919"}],"wp:featuredmedia":[{"embeddable":true,"href":"https:\/\/jnats.eu\/de\/wp-json\/wp\/v2\/media\/1921"}],"wp:attachment":[{"href":"https:\/\/jnats.eu\/de\/wp-json\/wp\/v2\/media?parent=1919"}],"wp:term":[{"taxonomy":"product_brand","embeddable":true,"href":"https:\/\/jnats.eu\/de\/wp-json\/wp\/v2\/product_brand?post=1919"},{"taxonomy":"product_cat","embeddable":true,"href":"https:\/\/jnats.eu\/de\/wp-json\/wp\/v2\/product_cat?post=1919"},{"taxonomy":"product_tag","embeddable":true,"href":"https:\/\/jnats.eu\/de\/wp-json\/wp\/v2\/product_tag?post=1919"}],"curies":[{"name":"wp","href":"https:\/\/api.w.org\/{rel}","templated":true}]}}