{"id":192,"date":"2024-02-25T13:37:39","date_gmt":"2024-02-25T11:37:39","guid":{"rendered":"http:\/\/jnats.eu\/?post_type=product&#038;p=192"},"modified":"2024-07-20T04:48:16","modified_gmt":"2024-07-20T01:48:16","slug":"shobudani-karasu-suite-hybrid","status":"publish","type":"product","link":"https:\/\/jnats.eu\/de\/produkt-2\/shobudani-karasu-suite-hybrid\/","title":{"rendered":"Shobudani Karasu Suita Hybrid japanischer nat\u00fcrlicher Schleifstein"},"content":{"rendered":"<p>Ein einzigartiges Werk der Natur: Der Shobudani Karasu Suite Hybrid fasziniert durch seine homogene Struktur mit \"Kr\u00e4hen\" und \"Lotusblumen\". Die Karasu-Seite ist perfekt f\u00fcr die Bearbeitung von Rasierklingen. Sie l\u00e4sst sich nat\u00fcrlich auch gut mit Messern und anderen Werkzeugen bearbeiten. Die Suuta-Seite ist etwas rauer. Ein \u00e4hnlicher Stein mit normaler Form w\u00fcrde mehrere tausend Euro kosten.<\/p>\n\n\n\n<p><\/p>\n\n\n\n<ul class=\"wp-block-list\">\n<li><strong>H\u00e4rte: Lv 4.8<\/strong><\/li>\n\n\n\n<li><strong>Abmessungen (ca.): 180x100x40 mm<\/strong><\/li>\n\n\n\n<li><strong>Gewicht (mit St\u00e4nder): 1540 g.<\/strong><\/li>\n\n\n\n<li><strong>Cool<strong>, schnelles Arbeiten<\/strong> ein Stein mit einer homogenen Struktur. Die Linien sind v\u00f6llig sicher und f\u00fchlen sich \u00fcberhaupt nicht beim Sch\u00e4rfen. Perfekt f\u00fcr die Endbearbeitung von Rasiermessern, Messern, Schreinern und anderen Werkzeugen.&nbsp;<\/strong><\/li>\n<\/ul>\n\n\n\n<p>Nat\u00fcrliche japanische Steine verschmutzen bei der Arbeit nicht, verursachen keine Verstopfungen, die Klinge h\u00e4lt l\u00e4nger, aber die maximale Sch\u00e4rfe ist der von k\u00fcnstlichen etwas unterlegen.<\/p>\n\n\n\n<figure class=\"wp-block-embed is-type-video is-provider-youtube wp-block-embed-youtube wp-embed-aspect-16-9 wp-has-aspect-ratio\"><div class=\"wp-block-embed__wrapper\">\n<div class=\"video-container\"><iframe title=\"Messer sch\u00e4rfen mit japanischen Naturschleifsteinen: Shobudani Suita-Karasu, Ohira, Nakayama Maruka\" width=\"1170\" height=\"658\" src=\"https:\/\/www.youtube.com\/embed\/SqtxWfIvc8M?feature=oembed\" frameborder=\"0\" allow=\"accelerometer; autoplay; clipboard-write; encrypted-media; gyroscope; picture-in-picture; web-share\" referrerpolicy=\"strict-origin-when-cross-origin\" allowfullscreen><\/iframe><\/div>\n<\/div><\/figure>","protected":false},"excerpt":{"rendered":"<p><!-- wp:list --><\/p>\n<ul><!-- wp:list-item --><\/p>\n<li><strong>H\u00e4rte: Lv 4.8<\/strong><\/li>\n<p><!-- \/wp:list-item --><\/p>\n<p><!-- wp:list-item --><\/p>\n<li><strong>Abmessungen (ca.): 180x100x40 mm<\/strong><\/li>\n<p><!-- \/wp:list-item --><\/p>\n<p><!-- wp:list-item --><\/p>\n<li><strong>Gewicht (mit St\u00e4nder): 1540 g.<\/strong><\/li>\n<p><!-- \/wp:list-item --><\/p>\n<p><!-- wp:list-item --><\/p>\n<li><strong>Ein harter, schnell arbeitender Stein mit einer homogenen Struktur. Die Linien sind v\u00f6llig sicher und f\u00fchlen sich beim Sch\u00e4rfen \u00fcberhaupt nicht an. Ideal f\u00fcr die Endbearbeitung von Rasiermessern, Messern, Schreinern und anderen Werkzeugen.\u00a0<\/strong><\/li>\n<p><!-- \/wp:list-item --><\/ul>\n<p><!-- \/wp:list --><\/p>","protected":false},"featured_media":1179,"comment_status":"open","ping_status":"closed","template":"","meta":[],"product_brand":[],"product_cat":[22],"product_tag":[57,44,56,50],"class_list":{"0":"post-192","1":"product","2":"type-product","3":"status-publish","4":"has-post-thumbnail","6":"product_cat-jnats","7":"product_tag-karasu","8":"product_tag-shobudani","9":"product_tag-shobudani-karasu-suita","10":"product_tag-suita","11":"product_shipping_class-iprastas","13":"first","14":"outofstock","15":"sale","16":"shipping-taxable","17":"purchasable","18":"product-type-simple"},"_links":{"self":[{"href":"https:\/\/jnats.eu\/de\/wp-json\/wp\/v2\/product\/192","targetHints":{"allow":["GET"]}}],"collection":[{"href":"https:\/\/jnats.eu\/de\/wp-json\/wp\/v2\/product"}],"about":[{"href":"https:\/\/jnats.eu\/de\/wp-json\/wp\/v2\/types\/product"}],"replies":[{"embeddable":true,"href":"https:\/\/jnats.eu\/de\/wp-json\/wp\/v2\/comments?post=192"}],"wp:featuredmedia":[{"embeddable":true,"href":"https:\/\/jnats.eu\/de\/wp-json\/wp\/v2\/media\/1179"}],"wp:attachment":[{"href":"https:\/\/jnats.eu\/de\/wp-json\/wp\/v2\/media?parent=192"}],"wp:term":[{"taxonomy":"product_brand","embeddable":true,"href":"https:\/\/jnats.eu\/de\/wp-json\/wp\/v2\/product_brand?post=192"},{"taxonomy":"product_cat","embeddable":true,"href":"https:\/\/jnats.eu\/de\/wp-json\/wp\/v2\/product_cat?post=192"},{"taxonomy":"product_tag","embeddable":true,"href":"https:\/\/jnats.eu\/de\/wp-json\/wp\/v2\/product_tag?post=192"}],"curies":[{"name":"wp","href":"https:\/\/api.w.org\/{rel}","templated":true}]}}