{"id":1945,"date":"2024-04-23T10:06:17","date_gmt":"2024-04-23T07:06:17","guid":{"rendered":"http:\/\/jnats.eu\/?post_type=product&#038;p=1945"},"modified":"2024-06-29T15:55:34","modified_gmt":"2024-06-29T12:55:34","slug":"okudo-tenjyou-suite","status":"publish","type":"product","link":"https:\/\/jnats.eu\/de\/produkt-2\/okudo-tenjyou-suite\/","title":{"rendered":"Okudo Tenjyou Suite"},"content":{"rendered":"<p>Dieser Stein ist hart und fein, hat aber ein ausgezeichnetes Schleifgef\u00fchl und eine hervorragende Geschwindigkeit. Da es keinen Schlamm bildet, empfehlen wir die Verwendung von Nagura, um das Polieren der Messer zu beschleunigen. Umgekehrt bilden sich beim Arbeiten mit der Klinge am Stein schnell schwarze Metallabf\u00e4lle. Mit der entsprechenden Geduld und Technik hinterlassen die Steine sowohl auf dem weichen Laminat als auch auf dem harten Kernstahl einen gl\u00e4nzenden, raffinierten Kasumi. <\/p>\n\n\n\n<p>Die Klinge ist recht nicht aggressiv, eignet sich aber perfekt f\u00fcr K\u00fcchenmesser. Dieser Stein eignet sich auch gut f\u00fcr Zimmermannswerkzeuge, z.B. f\u00fcr Mei\u00dfel und Hobel und eignet sich hervorragend als Vorbereitung f\u00fcr die Vorbearbeitung von Rasiermessern. Bei Rasierern, Werkzeugen und Polieren raten wir von der Verwendung einer Diamantplatte ab, da mir aufgefallen ist, dass die Aufh\u00e4ngung ungleichm\u00e4\u00dfig und nicht so fein ist, wie ich es gerne h\u00e4tte. <\/p>\n\n\n\n<p>Ein kleiner Stein erledigt die Aufgabe perfekt und ist deutlich g\u00fcnstiger als ein normaler Stein vergleichbarer Qualit\u00e4t. Derzeit ist der Stein gelb und wei\u00df. Tiefer an den Seiten ist kaum noch etwas zu sehen <em>MIT<\/em> (L\u00f6cher) und keine giftigen Leitungen. Es gibt auch ein seltenes Renge- und Namazu-Muster.<\/p>\n\n\n\n<p><strong>Okudo (\u5965\u6bbf)<\/strong><br>Eastern Mine, ber\u00fchmt f\u00fcr seine Suite. Diese Steine werden oft als \u201eK\u00f6nig der Anz\u00fcge\u201c bezeichnet und sind unter ihren \u201eKollegen\u201c vielleicht die begehrtesten. Sie sind normalerweise sehr hart, ziemlich klein und schnell. Authentische Okudo-Steine sind meist sehr teuer und selten erh\u00e4ltlich.<\/p>\n\n\n\n<figure class=\"wp-block-embed is-type-video is-provider-youtube wp-block-embed-youtube wp-embed-aspect-16-9 wp-has-aspect-ratio\"><div class=\"wp-block-embed__wrapper\">\n<div class=\"video-container\"><iframe title=\"Okudo Tenjyou Suita, Okudo Black Lotus Shiro Suita, Ohira Renge Suita, Atago Shiro Suita\" width=\"1170\" height=\"658\" src=\"https:\/\/www.youtube.com\/embed\/rH67SY_9N9o?start=526&#038;feature=oembed\" frameborder=\"0\" allow=\"accelerometer; autoplay; clipboard-write; encrypted-media; gyroscope; picture-in-picture; web-share\" referrerpolicy=\"strict-origin-when-cross-origin\" allowfullscreen><\/iframe><\/div>\n<\/div><\/figure>","protected":false},"excerpt":{"rendered":"<ul>\n<li>Geeignet f\u00fcr die Bearbeitung von Messern, Scheren, Tischler- und anderen Werkzeugen.<\/li>\n<li>Abmessungen: 155x63x16 mm<\/li>\n<li>Gewicht: 740 g<\/li>\n<li>H\u00e4rte: Lv 4.8<\/li>\n<li>Die Leitungen sind sicher<\/li>\n<li>Die Oberfl\u00e4che ist glatt und arbeitsbereit<\/li>\n<li>Wir empfehlen, mit warmem Wasser zu arbeiten, da kaltes Wasser die Arbeitsgeschwindigkeit und das Ansprechverhalten verschlechtert.<\/li>\n<\/ul>","protected":false},"featured_media":1950,"comment_status":"open","ping_status":"closed","template":"","meta":[],"product_brand":[],"product_cat":[22],"product_tag":[142,50,239],"class_list":{"0":"post-1945","1":"product","2":"type-product","3":"status-publish","4":"has-post-thumbnail","6":"product_cat-jnats","7":"product_tag-okudo","8":"product_tag-suita","9":"product_tag-tenjyou","10":"product_shipping_class-iprastas","12":"first","13":"outofstock","14":"sale","15":"shipping-taxable","16":"purchasable","17":"product-type-simple"},"_links":{"self":[{"href":"https:\/\/jnats.eu\/de\/wp-json\/wp\/v2\/product\/1945","targetHints":{"allow":["GET"]}}],"collection":[{"href":"https:\/\/jnats.eu\/de\/wp-json\/wp\/v2\/product"}],"about":[{"href":"https:\/\/jnats.eu\/de\/wp-json\/wp\/v2\/types\/product"}],"replies":[{"embeddable":true,"href":"https:\/\/jnats.eu\/de\/wp-json\/wp\/v2\/comments?post=1945"}],"wp:featuredmedia":[{"embeddable":true,"href":"https:\/\/jnats.eu\/de\/wp-json\/wp\/v2\/media\/1950"}],"wp:attachment":[{"href":"https:\/\/jnats.eu\/de\/wp-json\/wp\/v2\/media?parent=1945"}],"wp:term":[{"taxonomy":"product_brand","embeddable":true,"href":"https:\/\/jnats.eu\/de\/wp-json\/wp\/v2\/product_brand?post=1945"},{"taxonomy":"product_cat","embeddable":true,"href":"https:\/\/jnats.eu\/de\/wp-json\/wp\/v2\/product_cat?post=1945"},{"taxonomy":"product_tag","embeddable":true,"href":"https:\/\/jnats.eu\/de\/wp-json\/wp\/v2\/product_tag?post=1945"}],"curies":[{"name":"wp","href":"https:\/\/api.w.org\/{rel}","templated":true}]}}