{"id":1952,"date":"2024-04-23T10:23:13","date_gmt":"2024-04-23T07:23:13","guid":{"rendered":"http:\/\/jnats.eu\/?post_type=product&#038;p=1952"},"modified":"2024-12-24T12:06:35","modified_gmt":"2024-12-24T10:06:35","slug":"okudo-schwarzer-lotus-shiro-anzug","status":"publish","type":"product","link":"https:\/\/jnats.eu\/de\/produkt-2\/okudo-schwarzer-lotus-shiro-anzug\/","title":{"rendered":"Okudos schwarzer Lotus-Shiro-Anzug"},"content":{"rendered":"<p>Dieser Stein ist hart und ziemlich fein, verf\u00fcgt aber \u00fcber eine ausgezeichnete Schleifreaktion und -geschwindigkeit. Seine Federung l\u00f6st sich kaum, aber auch ohne ist die Arbeitsgeschwindigkeit hoch. Das Polieren kann mit einer Nagura- oder Diamantplatte beschleunigt werden. Dies ist beim Sch\u00e4rfen nicht wirklich notwendig, da die Kontaktfl\u00e4che des Stahls viel kleiner ist. Mit der entsprechenden Geduld und Technik hinterlassen die Steine sowohl auf dem weichen Laminat als auch auf dem harten Kernstahl einen gl\u00e4nzenden, raffinierten Kasumi.<\/p>\n\n\n\n<p>Die Klinge ist ziemlich aggressiv und eignet sich perfekt f\u00fcr K\u00fcchenmesser. Dieser Stein eignet sich auch gut f\u00fcr Zimmermannswerkzeuge, z.B. Mei\u00dfel und Hobel. Bei Rasierern, Werkzeugen und Polieren raten wir von der Verwendung einer Diamantplatte ab, da mir aufgefallen ist, dass die Aufh\u00e4ngung ungleichm\u00e4\u00dfig und nicht so fein ist, wie ich es gerne h\u00e4tte.<\/p>\n\n\n\n<p>Dank der Abmessungen des Steins k\u00f6nnen Sie alle Arbeiten bequem erledigen. Der Stein hat eine wei\u00dfe Farbe mit schwarzen \u201eLotusblumen\u201c-Punkten, die \u00fcber die gesamte Oberfl\u00e4che und Dicke verteilt sind. Tiefer an den Seiten gibt es einige kleine, die kaum sichtbar sind\u00a0<em>MIT<\/em>\u00a0(L\u00f6cher), die den Suita-Schleifsteinen eine noch h\u00f6here Arbeitsgeschwindigkeit verleihen. Absolut keine giftigen Linien, aber <strong>Die Ansammlung schwarzer Flecken kann in manchen F\u00e4llen l\u00e4stig sein. Wenn die Klinge zum Beispiel mit einer gebogenen Klinge getroffen wird, kann sie besch\u00e4digt werden!<\/strong><\/p>\n\n\n\n<p>Beide Seiten sind einsatzbereit. Eine gr\u00f6bere f\u00fcr den ersten Sch\u00e4rfvorgang, die andere feinere f\u00fcr die Endbearbeitung.<\/p>\n\n\n\n<p><strong>Okudo (\u5965\u6bbf)<\/strong><br>Eastern Mine, ber\u00fchmt f\u00fcr seine Suite. Diese Steine werden oft als \u201eK\u00f6nig der Anz\u00fcge\u201c bezeichnet und sind unter ihren \u201eKollegen\u201c vielleicht die begehrtesten. Sie sind normalerweise sehr hart, recht klein und schnell. Authentische Okudo-Steine sind meist sehr teuer und selten.<\/p>\n\n\n\n<figure class=\"wp-block-embed is-type-video is-provider-youtube wp-block-embed-youtube wp-embed-aspect-16-9 wp-has-aspect-ratio\"><div class=\"wp-block-embed__wrapper\">\n<div class=\"video-container\"><iframe title=\"Okudo Tenjyou Suita, Okudo Black Lotus Shiro Suita, Ohira Renge Suita, Atago Shiro Suita\" width=\"1170\" height=\"658\" src=\"https:\/\/www.youtube.com\/embed\/rH67SY_9N9o?start=218&#038;feature=oembed\" frameborder=\"0\" allow=\"accelerometer; autoplay; clipboard-write; encrypted-media; gyroscope; picture-in-picture; web-share\" referrerpolicy=\"strict-origin-when-cross-origin\" allowfullscreen><\/iframe><\/div>\n<\/div><\/figure>","protected":false},"excerpt":{"rendered":"<ul>\n<li>Geeignet f\u00fcr die Endbearbeitung von Messern, Scheren, Tischler- und anderen Werkzeugen. F\u00fcr Rasiermesser - ein Prefinish.<\/li>\n<li>Abmessungen: 200x132x20 mm<\/li>\n<li>Gewicht: 1300 g<\/li>\n<li>H\u00e4rte: Lv 5<\/li>\n<li>Beide Seiten sind einsatzbereit<\/li>\n<li><strong>Schwarzer Fleck Ansammlungen k\u00f6nnen ein \u00c4rgernis in einigen F\u00e4llen sein. Zum Beispiel, wenn Sie mit der Klinge gekr\u00fcmmt getroffen, kann es besch\u00e4digt werden! Es gibt 2 auf der einen Seite und mehr auf der anderen Seite.<\/strong><\/li>\n<\/ul>","protected":false},"featured_media":1954,"comment_status":"open","ping_status":"closed","template":"","meta":[],"product_brand":[],"product_cat":[22],"product_tag":[240,142,87,50],"class_list":{"0":"post-1952","1":"product","2":"type-product","3":"status-publish","4":"has-post-thumbnail","6":"product_cat-jnats","7":"product_tag-black-lotus","8":"product_tag-okudo","9":"product_tag-shiro","10":"product_tag-suita","11":"product_shipping_class-iprastas","13":"first","14":"outofstock","15":"sale","16":"shipping-taxable","17":"purchasable","18":"product-type-simple"},"_links":{"self":[{"href":"https:\/\/jnats.eu\/de\/wp-json\/wp\/v2\/product\/1952","targetHints":{"allow":["GET"]}}],"collection":[{"href":"https:\/\/jnats.eu\/de\/wp-json\/wp\/v2\/product"}],"about":[{"href":"https:\/\/jnats.eu\/de\/wp-json\/wp\/v2\/types\/product"}],"replies":[{"embeddable":true,"href":"https:\/\/jnats.eu\/de\/wp-json\/wp\/v2\/comments?post=1952"}],"wp:featuredmedia":[{"embeddable":true,"href":"https:\/\/jnats.eu\/de\/wp-json\/wp\/v2\/media\/1954"}],"wp:attachment":[{"href":"https:\/\/jnats.eu\/de\/wp-json\/wp\/v2\/media?parent=1952"}],"wp:term":[{"taxonomy":"product_brand","embeddable":true,"href":"https:\/\/jnats.eu\/de\/wp-json\/wp\/v2\/product_brand?post=1952"},{"taxonomy":"product_cat","embeddable":true,"href":"https:\/\/jnats.eu\/de\/wp-json\/wp\/v2\/product_cat?post=1952"},{"taxonomy":"product_tag","embeddable":true,"href":"https:\/\/jnats.eu\/de\/wp-json\/wp\/v2\/product_tag?post=1952"}],"curies":[{"name":"wp","href":"https:\/\/api.w.org\/{rel}","templated":true}]}}