{"id":1969,"date":"2024-04-23T10:39:40","date_gmt":"2024-04-23T07:39:40","guid":{"rendered":"http:\/\/jnats.eu\/?post_type=product&#038;p=1969"},"modified":"2024-11-28T00:01:11","modified_gmt":"2024-11-27T22:01:11","slug":"ohira-renge-suita-kopa","status":"publish","type":"product","link":"https:\/\/jnats.eu\/de\/produkt-2\/ohira-renge-suita-kopa\/","title":{"rendered":"Ohira Renge Suite Koppa"},"content":{"rendered":"<p>Ein gro\u00dfartiger, vielseitiger Ohira Renge-Anzug f\u00fcr eine Vielzahl von Aufgaben. Die Ansprache ist sehr sanft, die Linien stellen an dieser Stelle kein Problem dar, sichtbare braune Flecken sollte man jedoch am besten vermeiden, da diese die Klinge besch\u00e4digen k\u00f6nnen, sodass der Preis stark reduziert wird. Das Kasumi-Finish ist hell und raffiniert, bringt die Details des Klingenmaterials zur Geltung und hinterl\u00e4sst eine Oberfl\u00e4che, die selbst bei grellem Licht \u201ekratzerfrei\u201c ist. Es ist ein ausgezeichneter Stein, der f\u00fcr eine Vielzahl von Aufgaben geeignet ist \u2013 abschlie\u00dfendes Sch\u00e4rfen von K\u00fcchenmessern, Kasumi-Polieren, Werkzeugen, Scheren. Diese Ohira Suita verhalf der Mine zu einem so hervorragenden Ruf.<\/p>\n\n\n\n<p>Dieser wei\u00dfe Shiro-Anzug ist mit roten \u201eLotusblumen\u201c verziert, die auch als Renge-Muster bekannt sind. Es hat eine anst\u00e4ndige Form und Gr\u00f6\u00dfe und die Linien sind beim Sch\u00e4rfen kein Problem. Die Unterseite des Steins ist mit Polymer gef\u00fcllt.<\/p>\n\n\n\n<p><strong>Ohira (\u5927\u5e73, Oohira, Ohirayama)<\/strong><br>Western-Mine, ber\u00fchmt f\u00fcr die Qualit\u00e4t von Uchigumori und Suita. Obwohl in der Mine immer noch gelegentlich gearbeitet wird, ist es immer schwieriger, exportierbare Uchigumori und Ohira Suita zu finden. Berichten zufolge sind viele Bergleute besorgt \u00fcber die langfristige Versorgung mit hochwertigen Uchigumori-Steinen. Aufgrund der hervorragenden Qualit\u00e4t von Ohira Suita und Uchigumori ist es nicht ungew\u00f6hnlich, dass Steine aus anderen Minen als Ohira gestempelt oder verkauft werden.<\/p>\n\n\n\n<figure class=\"wp-block-embed is-type-video is-provider-youtube wp-block-embed-youtube wp-embed-aspect-16-9 wp-has-aspect-ratio\"><div class=\"wp-block-embed__wrapper\">\n<div class=\"video-container\"><iframe title=\"Kasumi-Finish bei Jnats: Ohira, Nisshoyama Naikumo Suita, Shobudani Karasu\" width=\"1170\" height=\"658\" src=\"https:\/\/www.youtube.com\/embed\/EufKzrz4gFs?start=147&#038;feature=oembed\" frameborder=\"0\" allow=\"accelerometer; autoplay; clipboard-write; encrypted-media; gyroscope; picture-in-picture; web-share\" referrerpolicy=\"strict-origin-when-cross-origin\" allowfullscreen><\/iframe><\/div>\n<\/div><\/figure>","protected":false},"excerpt":{"rendered":"<ul>\n<li>Geeignet f\u00fcr die Endbearbeitung von Messern, Scheren, Zimmermanns- und anderen Werkzeugen. Zum Schluss noch Kasumi.<\/li>\n<li>Abmessungen: 180x120x28 mm<\/li>\n<li>Gewicht: 1390 g<\/li>\n<li>H\u00e4rte: Lv 4<\/li>\n<li>Leitungen sind sicher, <span style=\"color: #993300;\"><strong>Flecken \u201egiftig\u201c<\/strong><\/span><\/li>\n<li>Wir empfehlen, mit warmem Wasser zu arbeiten, da kaltes Wasser die Arbeitsgeschwindigkeit und das Ansprechverhalten verschlechtert.<\/li>\n<\/ul>","protected":false},"featured_media":1971,"comment_status":"open","ping_status":"closed","template":"","meta":[],"product_brand":[],"product_cat":[22],"product_tag":[241,47,86,50],"class_list":{"0":"post-1969","1":"product","2":"type-product","3":"status-publish","4":"has-post-thumbnail","6":"product_cat-jnats","7":"product_tag-kopa","8":"product_tag-ohira","9":"product_tag-renge","10":"product_tag-suita","11":"product_shipping_class-iprastas","13":"first","14":"outofstock","15":"sale","16":"shipping-taxable","17":"purchasable","18":"product-type-simple"},"_links":{"self":[{"href":"https:\/\/jnats.eu\/de\/wp-json\/wp\/v2\/product\/1969","targetHints":{"allow":["GET"]}}],"collection":[{"href":"https:\/\/jnats.eu\/de\/wp-json\/wp\/v2\/product"}],"about":[{"href":"https:\/\/jnats.eu\/de\/wp-json\/wp\/v2\/types\/product"}],"replies":[{"embeddable":true,"href":"https:\/\/jnats.eu\/de\/wp-json\/wp\/v2\/comments?post=1969"}],"wp:featuredmedia":[{"embeddable":true,"href":"https:\/\/jnats.eu\/de\/wp-json\/wp\/v2\/media\/1971"}],"wp:attachment":[{"href":"https:\/\/jnats.eu\/de\/wp-json\/wp\/v2\/media?parent=1969"}],"wp:term":[{"taxonomy":"product_brand","embeddable":true,"href":"https:\/\/jnats.eu\/de\/wp-json\/wp\/v2\/product_brand?post=1969"},{"taxonomy":"product_cat","embeddable":true,"href":"https:\/\/jnats.eu\/de\/wp-json\/wp\/v2\/product_cat?post=1969"},{"taxonomy":"product_tag","embeddable":true,"href":"https:\/\/jnats.eu\/de\/wp-json\/wp\/v2\/product_tag?post=1969"}],"curies":[{"name":"wp","href":"https:\/\/api.w.org\/{rel}","templated":true}]}}