{"id":1976,"date":"2024-04-23T10:52:41","date_gmt":"2024-04-23T07:52:41","guid":{"rendered":"http:\/\/jnats.eu\/?post_type=product&#038;p=1976"},"modified":"2024-04-26T10:14:33","modified_gmt":"2024-04-26T07:14:33","slug":"atago-shiro-suita","status":"publish","type":"product","link":"https:\/\/jnats.eu\/de\/produkt-2\/atago-shiro-suita\/","title":{"rendered":"Atago Shiro Suite"},"content":{"rendered":"<p>Ein sehr seltener Anzug, den ich nur wenige Male im Handel gesehen habe. Dieser Stein ist mittelhart und fein mit einem mittleren Schleifgef\u00fchl und einer mittleren Schleifgeschwindigkeit. Da es keinen Schlamm bildet, empfehlen wir die Verwendung von Nagura, um das Polieren der Messer zu beschleunigen. Umgekehrt bilden sich beim Arbeiten mit der Klinge am Stein schnell schwarze Metallabf\u00e4lle. Mit der entsprechenden Geduld und Technik hinterlassen die Steine sowohl auf dem weichen Laminat als auch auf dem harten Kernstahl einen gl\u00e4nzenden, raffinierten Kasumi.<\/p>\n\n\n\n<p>Die Klinge ist recht nicht aggressiv, eignet sich aber perfekt f\u00fcr K\u00fcchenmesser. Dieser Stein eignet sich auch gut f\u00fcr Zimmermannswerkzeuge, z.B. f\u00fcr Mei\u00dfel und Hobel und eignet sich hervorragend als Vorbereitung f\u00fcr die Vorbearbeitung von Rasiermessern. <\/p>\n\n\n\n<p>Der Atago Shiro Suita Schleifstein erledigt die ganze Arbeit perfekt. Der Stein hat eine graue Farbe mit rosafarbenen Flecken und gelblichen Linien im Namaz, die auf den ersten Blick wie Kratzer aussehen k\u00f6nnen. Keine giftigen Leitungen.<\/p>\n\n\n\n<p><strong>Atagoyama<\/strong><br>In dieser Mine wurden Steine aus Chu-ishi-Naori hergestellt, die im Allgemeinen gro\u00df und sauber sind. Der Berg Atago wird oft als Zentrum des Schleifsteinabbaugebiets Kyotos angesehen.<\/p>\n\n\n\n<figure class=\"wp-block-embed is-type-video is-provider-youtube wp-block-embed-youtube wp-embed-aspect-16-9 wp-has-aspect-ratio\"><div class=\"wp-block-embed__wrapper\">\n<div class=\"video-container\"><iframe title=\"Okudo Tenjyou Suita, Okudo Black Lotus Shiro Suita, Ohira Renge Suita, Atago Shiro Suita\" width=\"1170\" height=\"658\" src=\"https:\/\/www.youtube.com\/embed\/rH67SY_9N9o?start=549&#038;feature=oembed\" frameborder=\"0\" allow=\"accelerometer; autoplay; clipboard-write; encrypted-media; gyroscope; picture-in-picture; web-share\" referrerpolicy=\"strict-origin-when-cross-origin\" allowfullscreen><\/iframe><\/div>\n<\/div><\/figure>","protected":false},"excerpt":{"rendered":"<ul>\n<li>Geeignet f\u00fcr die Endbearbeitung von Messern, Scheren, Tischler- und anderen Werkzeugen. F\u00fcr Rasiermesser - ein Prefinish.<\/li>\n<li>Abmessungen: 204x75x33 mm<\/li>\n<li>Gewicht mit St\u00e4nder: 1780 g<\/li>\n<li>H\u00e4rte: Lv 4<\/li>\n<li>Die Leitungen sind sicher<\/li>\n<li>Die Oberfl\u00e4che ist glatt und arbeitsbereit<\/li>\n<li>Wir empfehlen, mit warmem Wasser zu arbeiten, da kaltes Wasser die Arbeitsgeschwindigkeit und das Ansprechverhalten verschlechtert.<\/li>\n<\/ul>","protected":false},"featured_media":1980,"comment_status":"open","ping_status":"closed","template":"","meta":[],"product_brand":[],"product_cat":[22],"product_tag":[242,87,50],"class_list":{"0":"post-1976","1":"product","2":"type-product","3":"status-publish","4":"has-post-thumbnail","6":"product_cat-jnats","7":"product_tag-atago","8":"product_tag-shiro","9":"product_tag-suita","10":"product_shipping_class-iprastas","12":"first","13":"instock","14":"sale","15":"shipping-taxable","16":"purchasable","17":"product-type-simple"},"_links":{"self":[{"href":"https:\/\/jnats.eu\/de\/wp-json\/wp\/v2\/product\/1976","targetHints":{"allow":["GET"]}}],"collection":[{"href":"https:\/\/jnats.eu\/de\/wp-json\/wp\/v2\/product"}],"about":[{"href":"https:\/\/jnats.eu\/de\/wp-json\/wp\/v2\/types\/product"}],"replies":[{"embeddable":true,"href":"https:\/\/jnats.eu\/de\/wp-json\/wp\/v2\/comments?post=1976"}],"wp:featuredmedia":[{"embeddable":true,"href":"https:\/\/jnats.eu\/de\/wp-json\/wp\/v2\/media\/1980"}],"wp:attachment":[{"href":"https:\/\/jnats.eu\/de\/wp-json\/wp\/v2\/media?parent=1976"}],"wp:term":[{"taxonomy":"product_brand","embeddable":true,"href":"https:\/\/jnats.eu\/de\/wp-json\/wp\/v2\/product_brand?post=1976"},{"taxonomy":"product_cat","embeddable":true,"href":"https:\/\/jnats.eu\/de\/wp-json\/wp\/v2\/product_cat?post=1976"},{"taxonomy":"product_tag","embeddable":true,"href":"https:\/\/jnats.eu\/de\/wp-json\/wp\/v2\/product_tag?post=1976"}],"curies":[{"name":"wp","href":"https:\/\/api.w.org\/{rel}","templated":true}]}}