{"id":1982,"date":"2024-04-23T11:05:48","date_gmt":"2024-04-23T08:05:48","guid":{"rendered":"http:\/\/jnats.eu\/?post_type=product&#038;p=1982"},"modified":"2024-12-15T22:12:52","modified_gmt":"2024-12-15T20:12:52","slug":"rishonzan-shiro-red-lotus-suita","status":"publish","type":"product","link":"https:\/\/jnats.eu\/de\/produkt-2\/rishonzan-shiro-red-lotus-suita\/","title":{"rendered":"Nisshoyama Rishonzan Shiro Red Lotus Suita"},"content":{"rendered":"<p>Sehr seltene Nisshoyama Rishonzan Shiro Red Lotus Suite. Dieser Stein ist mittelhart und fein mit einem mittleren Schleifgef\u00fchl und einer mittleren Schleifgeschwindigkeit. Es ist schwierig, die eigene Federung zu l\u00f6sen, daher empfehlen wir die Verwendung von Nagura, um das Polieren der Messer zu beschleunigen. Umgekehrt bilden sich beim Sch\u00e4rfen der Klinge auf Stein schnell schwarze Metallabf\u00e4lle. Mit der entsprechenden Geduld und Technik hinterlassen die Steine sowohl auf dem weichen Laminat als auch auf dem harten Kernstahl einen gl\u00e4nzenden, raffinierten Kasumi.<\/p>\n\n\n\n<p>Die Klinge ist ziemlich aggressiv und eignet sich perfekt f\u00fcr K\u00fcchenmesser. Dieser Stein eignet sich auch gut f\u00fcr Zimmermannswerkzeuge, z.B. Mei\u00dfel und Hobel. Rasierer funktionieren aufgrund der relativ gro\u00dfen L\u00f6cher auf der Oberfl\u00e4che, die in Japan so genannt werden, nicht <em>mit<\/em>. Aus letzterem Grund ist es auch besser, beim Sch\u00e4rfen nicht viel Kraft anzuwenden.<\/p>\n\n\n\n<p>Die Unterseite ist nicht glatt, deshalb w\u00e4re es besser, den Stein auf das Holz zu kleben oder zu gl\u00e4tten.<\/p>\n\n\n\n<figure class=\"wp-block-embed is-type-video is-provider-youtube wp-block-embed-youtube wp-embed-aspect-16-9 wp-has-aspect-ratio\"><div class=\"wp-block-embed__wrapper\">\n<div class=\"video-container\"><iframe title=\"Kasumi-Finish bei Jnats: Ohira, Nisshoyama Naikumo Suita, Shobudani Karasu\" width=\"1170\" height=\"658\" src=\"https:\/\/www.youtube.com\/embed\/EufKzrz4gFs?start=437&#038;feature=oembed\" frameborder=\"0\" allow=\"accelerometer; autoplay; clipboard-write; encrypted-media; gyroscope; picture-in-picture; web-share\" referrerpolicy=\"strict-origin-when-cross-origin\" allowfullscreen><\/iframe><\/div>\n<\/div><\/figure>","protected":false},"excerpt":{"rendered":"<ul>\n<li>Geeignet f\u00fcr die Bearbeitung von Messern, Scheren, Tischler- und anderen Werkzeugen.<\/li>\n<li>Abmessungen: 150x90x30 mm<\/li>\n<li>Gewicht: 960 g<\/li>\n<li>H\u00e4rte: Lv 4<\/li>\n<li>Die Leitungen sind sicher<\/li>\n<li>Die Oberfl\u00e4che ist glatt und arbeitsbereit<\/li>\n<li>Wir empfehlen, mit warmem Wasser zu arbeiten, da kaltes Wasser die Arbeitsgeschwindigkeit und das Ansprechverhalten verschlechtert.<\/li>\n<\/ul>","protected":false},"featured_media":1985,"comment_status":"open","ping_status":"closed","template":"","meta":[],"product_brand":[],"product_cat":[22],"product_tag":[179,244,243,87,50],"class_list":{"0":"post-1982","1":"product","2":"type-product","3":"status-publish","4":"has-post-thumbnail","6":"product_cat-jnats","7":"product_tag-nisshoyama","8":"product_tag-red-lotus","9":"product_tag-rishonzan","10":"product_tag-shiro","11":"product_tag-suita","12":"product_shipping_class-iprastas","14":"first","15":"outofstock","16":"sale","17":"shipping-taxable","18":"purchasable","19":"product-type-simple"},"_links":{"self":[{"href":"https:\/\/jnats.eu\/de\/wp-json\/wp\/v2\/product\/1982","targetHints":{"allow":["GET"]}}],"collection":[{"href":"https:\/\/jnats.eu\/de\/wp-json\/wp\/v2\/product"}],"about":[{"href":"https:\/\/jnats.eu\/de\/wp-json\/wp\/v2\/types\/product"}],"replies":[{"embeddable":true,"href":"https:\/\/jnats.eu\/de\/wp-json\/wp\/v2\/comments?post=1982"}],"wp:featuredmedia":[{"embeddable":true,"href":"https:\/\/jnats.eu\/de\/wp-json\/wp\/v2\/media\/1985"}],"wp:attachment":[{"href":"https:\/\/jnats.eu\/de\/wp-json\/wp\/v2\/media?parent=1982"}],"wp:term":[{"taxonomy":"product_brand","embeddable":true,"href":"https:\/\/jnats.eu\/de\/wp-json\/wp\/v2\/product_brand?post=1982"},{"taxonomy":"product_cat","embeddable":true,"href":"https:\/\/jnats.eu\/de\/wp-json\/wp\/v2\/product_cat?post=1982"},{"taxonomy":"product_tag","embeddable":true,"href":"https:\/\/jnats.eu\/de\/wp-json\/wp\/v2\/product_tag?post=1982"}],"curies":[{"name":"wp","href":"https:\/\/api.w.org\/{rel}","templated":true}]}}