{"id":200,"date":"2024-02-25T13:49:31","date_gmt":"2024-02-25T11:49:31","guid":{"rendered":"http:\/\/jnats.eu\/?post_type=product&#038;p=200"},"modified":"2024-07-03T10:06:44","modified_gmt":"2024-07-03T07:06:44","slug":"nakayama-gruner-stein-fur-rasiermesser","status":"publish","type":"product","link":"https:\/\/jnats.eu\/de\/produkt-2\/nakayama-gruner-stein-fur-rasiermesser\/","title":{"rendered":"Nakayama Honzan gr\u00fcner Rasierklingenstein"},"content":{"rendered":"<p>Der gr\u00fcne Nakayama-Stein eignet sich perfekt f\u00fcr die Endbearbeitung von Rasierern. Selbstverst\u00e4ndlich kommt er problemlos mit Messern und anderen Werkzeugen zurecht. Ein homogener Naturstein der Spitzenklasse, der in der richtigen Form sicherlich das Maruka-Label verdienen w\u00fcrde. Hier ist alles perfekt: Struktur, Arbeitsgeschwindigkeit, Gl\u00e4tte, Reaktion usw. Diese Art von Stein ist nicht nur in Japan, sondern auch bei Meistern auf der ganzen Welt einer der am meisten gesch\u00e4tzten, weshalb er Tausende von Euro kostet. Es ist eine Investition f\u00fcr Ihr ganzes Leben und f\u00fcr kommende Generationen, da sich der Stein nur sehr langsam abnutzt.<\/p>\n\n\n\n<p>Der Nakayama-Schleifstein ist die feinste Spitze, die vor fast 900 Jahren in der Pr\u00e4fektur Kyoto abgebaut wurde. Die Mine wurde vor mehr als 30 Jahren geschlossen. Die Mine war als Milit\u00e4rbergwerk sehr wichtig, da die dort abgebauten Steine zum Sch\u00e4rfen von Schwertern verwendet wurden, und wurde daher lange Zeit vom Kaiser von Japan oder der japanischen Regierung bewacht. Lange Zeit durfte nur die Familie Honma die Mine betreiben. Nakayama Maruka ist ein sehr begehrter Schleifstein, selbst in Japan, denn die Mine wurde geschlossen und es wird immer schwieriger, ihn zu finden. Er ist ideal zum Sch\u00e4rfen von Rasiermessern, Messern oder anderen Werkzeugen, die einen sehr feinen Schliff ben\u00f6tigen.<\/p>\n\n\n\n<ul class=\"wp-block-list\">\n<li><strong>H\u00e4rte: Lv <\/strong>5+<\/li>\n\n\n\n<li><strong>Abmessungen (ca.): 190x120x20 mm<\/strong><\/li>\n\n\n\n<li><strong>Gewicht (mit St\u00e4nder): 1310 g.<\/strong><\/li>\n\n\n\n<li><strong>Ein harter, schneller Stein mit homogener Struktur. Ideal f\u00fcr die Endbearbeitung von Rasiermessern, Messern, Schreinern und anderen Werkzeugen.&nbsp;<\/strong><\/li>\n<\/ul>","protected":false},"excerpt":{"rendered":"<p><!-- wp:list --><\/p>\n<ul><!-- wp:list-item --><\/p>\n<li><strong>H\u00e4rte: Lv 5+<\/strong><\/li>\n<p><!-- \/wp:list-item --><\/p>\n<p><!-- wp:list-item --><\/p>\n<li><strong>Abmessungen (ca.): 190x120x20 mm<\/strong><\/li>\n<p><!-- \/wp:list-item --><\/p>\n<p><!-- wp:list-item --><\/p>\n<li><strong>Gewicht (mit St\u00e4nder): 1310 g.<\/strong><\/li>\n<p><!-- \/wp:list-item --><\/p>\n<p><!-- wp:list-item --><\/p>\n<li><strong>Ein harter, schneller Stein mit homogener Struktur. Ideal f\u00fcr die Endbearbeitung von Rasiermessern, Messern, Schreinern und anderen Werkzeugen.\u00a0<\/strong><\/li>\n<p><!-- \/wp:list-item --><\/ul>\n<p><!-- \/wp:list --><\/p>","protected":false},"featured_media":1210,"comment_status":"open","ping_status":"closed","template":"","meta":[],"product_brand":[],"product_cat":[22],"product_tag":[58,49],"class_list":{"0":"post-200","1":"product","2":"type-product","3":"status-publish","4":"has-post-thumbnail","6":"product_cat-jnats","7":"product_tag-maruka","8":"product_tag-nakayama","9":"product_shipping_class-iprastas","11":"first","12":"outofstock","13":"sale","14":"shipping-taxable","15":"purchasable","16":"product-type-simple"},"_links":{"self":[{"href":"https:\/\/jnats.eu\/de\/wp-json\/wp\/v2\/product\/200","targetHints":{"allow":["GET"]}}],"collection":[{"href":"https:\/\/jnats.eu\/de\/wp-json\/wp\/v2\/product"}],"about":[{"href":"https:\/\/jnats.eu\/de\/wp-json\/wp\/v2\/types\/product"}],"replies":[{"embeddable":true,"href":"https:\/\/jnats.eu\/de\/wp-json\/wp\/v2\/comments?post=200"}],"wp:featuredmedia":[{"embeddable":true,"href":"https:\/\/jnats.eu\/de\/wp-json\/wp\/v2\/media\/1210"}],"wp:attachment":[{"href":"https:\/\/jnats.eu\/de\/wp-json\/wp\/v2\/media?parent=200"}],"wp:term":[{"taxonomy":"product_brand","embeddable":true,"href":"https:\/\/jnats.eu\/de\/wp-json\/wp\/v2\/product_brand?post=200"},{"taxonomy":"product_cat","embeddable":true,"href":"https:\/\/jnats.eu\/de\/wp-json\/wp\/v2\/product_cat?post=200"},{"taxonomy":"product_tag","embeddable":true,"href":"https:\/\/jnats.eu\/de\/wp-json\/wp\/v2\/product_tag?post=200"}],"curies":[{"name":"wp","href":"https:\/\/api.w.org\/{rel}","templated":true}]}}