{"id":2025,"date":"2024-04-24T10:29:46","date_gmt":"2024-04-24T07:29:46","guid":{"rendered":"http:\/\/jnats.eu\/?post_type=product&#038;p=2025"},"modified":"2025-10-06T23:26:09","modified_gmt":"2025-10-06T20:26:09","slug":"ohira-jungfraulichkeitssuite","status":"publish","type":"product","link":"https:\/\/jnats.eu\/de\/produkt-2\/ohira-jungfraulichkeitssuite\/","title":{"rendered":"Ohira Virginity Suite"},"content":{"rendered":"<p>Der eher kleine Ohira Naikumo Suita ist einfach zu benutzen und ideal zum Polieren und Sch\u00e4rfen von K\u00fcchenmessern. Bei starkem Druck gibt der Stein eine Suspension frei und sch\u00e4rft das Messer, bei leichterem Druck wird er poliert.  Die Reaktion ist sanft und informativ genug, um dem Benutzer ein gutes Gef\u00fchl f\u00fcr den Sch\u00e4rfvorgang zu vermitteln. Dieser Stein ist ein hervorragendes, wertvolles Arbeitspferd zum Sch\u00e4rfen und Polieren.<\/p>\n\n\n\n<p>Dieser Anzug hat eine blass cremefarbene\/blaue Basis, sp\u00e4rliche rote Flecken auf dem Renge und einige harmlose braune Linien.<\/p>\n\n\n\n<figure class=\"wp-block-embed is-type-video is-provider-youtube wp-block-embed-youtube wp-embed-aspect-16-9 wp-has-aspect-ratio\"><div class=\"wp-block-embed__wrapper\">\n<div class=\"video-container\"><iframe title=\"Kasumi-Finish bei Jnats: Ohira, Nisshoyama Naikumo Suita, Shobudani Karasu\" width=\"1170\" height=\"658\" src=\"https:\/\/www.youtube.com\/embed\/EufKzrz4gFs?start=715&feature=oembed\" frameborder=\"0\" allow=\"accelerometer; autoplay; clipboard-write; encrypted-media; gyroscope; picture-in-picture; web-share\" referrerpolicy=\"strict-origin-when-cross-origin\" allowfullscreen><\/iframe><\/div>\n<\/div><\/figure>\n\n\n\n<p><strong>Ohira (\u5927\u5e73, Oohira, Ohirayama)<\/strong><br>Western-Mine, ber\u00fchmt f\u00fcr die Qualit\u00e4t von Uchigumori und Suita. Obwohl in der Mine immer noch gelegentlich gearbeitet wird, ist es immer schwieriger, exportierbare Uchigumori und Ohira Suita zu finden. Berichten zufolge sind viele Bergleute besorgt \u00fcber die langfristige Versorgung mit hochwertigen Uchigumori-Steinen. Aufgrund der hervorragenden Qualit\u00e4t von Ohira Suita und Uchigumori ist es nicht ungew\u00f6hnlich, dass Steine aus anderen Minen als Ohira gestempelt oder verkauft werden.<\/p>","protected":false},"excerpt":{"rendered":"<ul>\n<li>Geeignet f\u00fcr die Bearbeitung von Messern, Scheren, Tischler- und anderen Werkzeugen.<\/li>\n<li>Abmessungen: 205x74x27 mm<\/li>\n<li>Gewicht: 985 g<\/li>\n<li>H\u00e4rte: Lv 4<\/li>\n<li>Die Leitungen sind sicher<\/li>\n<li>Die Oberfl\u00e4che ist nicht ganz glatt, an den R\u00e4ndern sind Gr\u00fcbchen vorhanden.<\/li>\n<li>Wir empfehlen, mit warmem Wasser zu arbeiten, da kaltes Wasser die Arbeitsgeschwindigkeit und das Ansprechverhalten verschlechtert.<\/li>\n<\/ul>","protected":false},"featured_media":2026,"comment_status":"open","ping_status":"closed","template":"","meta":[],"product_brand":[],"product_cat":[22],"product_tag":[252,47,50],"class_list":{"0":"post-2025","1":"product","2":"type-product","3":"status-publish","4":"has-post-thumbnail","6":"product_cat-jnats","7":"product_tag-naikumo","8":"product_tag-ohira","9":"product_tag-suita","10":"product_shipping_class-iprastas","12":"first","13":"outofstock","14":"sale","15":"shipping-taxable","16":"purchasable","17":"product-type-simple"},"_links":{"self":[{"href":"https:\/\/jnats.eu\/de\/wp-json\/wp\/v2\/product\/2025","targetHints":{"allow":["GET"]}}],"collection":[{"href":"https:\/\/jnats.eu\/de\/wp-json\/wp\/v2\/product"}],"about":[{"href":"https:\/\/jnats.eu\/de\/wp-json\/wp\/v2\/types\/product"}],"replies":[{"embeddable":true,"href":"https:\/\/jnats.eu\/de\/wp-json\/wp\/v2\/comments?post=2025"}],"wp:featuredmedia":[{"embeddable":true,"href":"https:\/\/jnats.eu\/de\/wp-json\/wp\/v2\/media\/2026"}],"wp:attachment":[{"href":"https:\/\/jnats.eu\/de\/wp-json\/wp\/v2\/media?parent=2025"}],"wp:term":[{"taxonomy":"product_brand","embeddable":true,"href":"https:\/\/jnats.eu\/de\/wp-json\/wp\/v2\/product_brand?post=2025"},{"taxonomy":"product_cat","embeddable":true,"href":"https:\/\/jnats.eu\/de\/wp-json\/wp\/v2\/product_cat?post=2025"},{"taxonomy":"product_tag","embeddable":true,"href":"https:\/\/jnats.eu\/de\/wp-json\/wp\/v2\/product_tag?post=2025"}],"curies":[{"name":"wp","href":"https:\/\/api.w.org\/{rel}","templated":true}]}}