{"id":2033,"date":"2024-04-24T10:37:39","date_gmt":"2024-04-24T07:37:39","guid":{"rendered":"http:\/\/jnats.eu\/?post_type=product&#038;p=2033"},"modified":"2024-12-05T07:22:36","modified_gmt":"2024-12-05T05:22:36","slug":"ohira-renge-suite-2","status":"publish","type":"product","link":"https:\/\/jnats.eu\/de\/produkt-2\/ohira-renge-suite-2\/","title":{"rendered":"Ohira Renge Suite"},"content":{"rendered":"<p>Ein gro\u00dfartiger, vielseitiger Ohira Renge-Anzug f\u00fcr eine Vielzahl von Aufgaben. Die Ansprache ist sehr fl\u00fcssig, die Linien sind im Moment kein Problem. Das Kasumi-Finish ist hell und raffiniert, bringt die Details des Klingenmaterials zur Geltung und hinterl\u00e4sst eine Oberfl\u00e4che, die selbst bei grellem Licht \u201ekratzerfrei\u201c ist. Es ist ein ausgezeichneter Stein, der f\u00fcr eine Vielzahl von Aufgaben geeignet ist \u2013 abschlie\u00dfendes Sch\u00e4rfen von K\u00fcchenmessern, Kasumi-Polieren, Werkzeuge, Scheren. Diese Ohira Suita verhalf der Mine zu einem so hervorragenden Ruf.<\/p>\n\n\n\n<p>Dieser wei\u00dfe Ohira Shiro Suita ist mit roten \u201eLotusbl\u00fcten\u201d verziert, auch bekannt als Renge-Muster. Der Stein hat eine gute Form und Gr\u00f6\u00dfe, und die Linien sind leicht zu sch\u00e4rfen. Beide Seiten sind bereit f\u00fcr die Arbeit.<\/p>\n\n\n\n<figure class=\"wp-block-embed is-type-video is-provider-youtube wp-block-embed-youtube wp-embed-aspect-16-9 wp-has-aspect-ratio\"><div class=\"wp-block-embed__wrapper\">\n<div class=\"video-container\"><iframe title=\"Aoto, Aizu, Ohira Suite, Ozuku - Le Moulin Rasiermesser sch\u00e4rfen\" width=\"1170\" height=\"658\" src=\"https:\/\/www.youtube.com\/embed\/5Q8Nm6aKSYc?start=612&feature=oembed\" frameborder=\"0\" allow=\"accelerometer; autoplay; clipboard-write; encrypted-media; gyroscope; picture-in-picture; web-share\" referrerpolicy=\"strict-origin-when-cross-origin\" allowfullscreen><\/iframe><\/div>\n<\/div><\/figure>\n\n\n\n<p><strong>Ohira (\u5927\u5e73, Oohira, Ohirayama)<\/strong><br>Western-Mine, ber\u00fchmt f\u00fcr die Qualit\u00e4t von Uchigumori und Suita. Obwohl in der Mine immer noch gelegentlich gearbeitet wird, ist es immer schwieriger, exportierbare Uchigumori und Ohira Suita zu finden. Berichten zufolge sind viele Bergleute besorgt \u00fcber die langfristige Versorgung mit hochwertigen Uchigumori-Steinen. Aufgrund der hervorragenden Qualit\u00e4t von Ohira Suita und Uchigumori ist es nicht ungew\u00f6hnlich, dass Steine aus anderen Minen als Ohira gestempelt oder verkauft werden.<\/p>","protected":false},"excerpt":{"rendered":"<ul>\n<li>Geeignet f\u00fcr die Endbearbeitung von Messern, Scheren, Zimmermanns- und anderen Werkzeugen. Zum Schluss noch Kasumi.<\/li>\n<li>Abmessungen: 207x76x22 mm<\/li>\n<li>Gewicht: 707 g<\/li>\n<li>H\u00e4rte: Lv 4<\/li>\n<li>Die Leitungen sind sicher<\/li>\n<li>Beide Seiten sind einsatzbereit.<\/li>\n<li>Wir empfehlen, mit warmem Wasser zu arbeiten, da kaltes Wasser die Arbeitsgeschwindigkeit und das Ansprechverhalten verschlechtert.<\/li>\n<\/ul>","protected":false},"featured_media":2036,"comment_status":"open","ping_status":"closed","template":"","meta":[],"product_brand":[],"product_cat":[22],"product_tag":[47,86,50],"class_list":{"0":"post-2033","1":"product","2":"type-product","3":"status-publish","4":"has-post-thumbnail","6":"product_cat-jnats","7":"product_tag-ohira","8":"product_tag-renge","9":"product_tag-suita","10":"product_shipping_class-iprastas","12":"first","13":"outofstock","14":"sale","15":"shipping-taxable","16":"purchasable","17":"product-type-simple"},"_links":{"self":[{"href":"https:\/\/jnats.eu\/de\/wp-json\/wp\/v2\/product\/2033","targetHints":{"allow":["GET"]}}],"collection":[{"href":"https:\/\/jnats.eu\/de\/wp-json\/wp\/v2\/product"}],"about":[{"href":"https:\/\/jnats.eu\/de\/wp-json\/wp\/v2\/types\/product"}],"replies":[{"embeddable":true,"href":"https:\/\/jnats.eu\/de\/wp-json\/wp\/v2\/comments?post=2033"}],"wp:featuredmedia":[{"embeddable":true,"href":"https:\/\/jnats.eu\/de\/wp-json\/wp\/v2\/media\/2036"}],"wp:attachment":[{"href":"https:\/\/jnats.eu\/de\/wp-json\/wp\/v2\/media?parent=2033"}],"wp:term":[{"taxonomy":"product_brand","embeddable":true,"href":"https:\/\/jnats.eu\/de\/wp-json\/wp\/v2\/product_brand?post=2033"},{"taxonomy":"product_cat","embeddable":true,"href":"https:\/\/jnats.eu\/de\/wp-json\/wp\/v2\/product_cat?post=2033"},{"taxonomy":"product_tag","embeddable":true,"href":"https:\/\/jnats.eu\/de\/wp-json\/wp\/v2\/product_tag?post=2033"}],"curies":[{"name":"wp","href":"https:\/\/api.w.org\/{rel}","templated":true}]}}