{"id":2039,"date":"2025-06-30T11:10:34","date_gmt":"2025-06-30T08:10:34","guid":{"rendered":"http:\/\/jnats.eu\/?post_type=product&#038;p=2039"},"modified":"2025-11-28T09:00:18","modified_gmt":"2025-11-28T07:00:18","slug":"ohira-renge-shiro-suite","status":"publish","type":"product","link":"https:\/\/jnats.eu\/de\/produkt-2\/ohira-renge-shiro-suite\/","title":{"rendered":"Nat\u00fcrlicher japanischer Schleifstein von Ohira Shiro Suita"},"content":{"rendered":"<p>Ein vielseitiger Ohira Renge Suita, der sich f\u00fcr eine Vielzahl von Aufgaben eignet. Die Reaktion ist ausreichend gleichm\u00e4\u00dfig, die Linien verursachen im Moment keine sp\u00fcrbaren Probleme, sind aber manchmal leicht sp\u00fcrbar. Dies ist ein guter Stein, der sich f\u00fcr eine Vielzahl von Aufgaben eignet \u2013 zum Nachsch\u00e4rfen von K\u00fcchenmessern, Tischlerwerkzeugen, Scheren usw. Solche Ohira Suita haben der Mine zu ihrem hervorragenden Ruf verholfen.<\/p>\n\n\n\n<p>Der Stein hat eine ordentliche Form und Gr\u00f6\u00dfe und die Linien bereiten beim Sch\u00e4rfen keine Probleme.<\/p>\n\n\n\n<figure class=\"wp-block-embed is-type-video is-provider-youtube wp-block-embed-youtube wp-embed-aspect-16-9 wp-has-aspect-ratio\"><div class=\"wp-block-embed__wrapper\">\n<div class=\"video-container\"><iframe title=\"Suncraft \u2013 Gef\u00e4lschtes SG2 oder das beste Messer der Welt? Galandam mit Ohira Suita\" width=\"1170\" height=\"658\" src=\"https:\/\/www.youtube.com\/embed\/oKKMLcZ-l28?start=450&#038;feature=oembed\" frameborder=\"0\" allow=\"accelerometer; autoplay; clipboard-write; encrypted-media; gyroscope; picture-in-picture; web-share\" referrerpolicy=\"strict-origin-when-cross-origin\" allowfullscreen><\/iframe><\/div>\n<\/div><\/figure>\n\n\n\n<p><strong>Ohira (\u5927\u5e73, Oohira, Ohirayama)<\/strong><br>Western-Mine, ber\u00fchmt f\u00fcr die Qualit\u00e4t von Uchigumori und Suita. Obwohl in der Mine immer noch gelegentlich gearbeitet wird, ist es immer schwieriger, exportierbare Uchigumori und Ohira Suita zu finden. Berichten zufolge sind viele Bergleute besorgt \u00fcber die langfristige Versorgung mit hochwertigen Uchigumori-Steinen. Aufgrund der hervorragenden Qualit\u00e4t von Ohira Suita und Uchigumori ist es nicht ungew\u00f6hnlich, dass Steine aus anderen Minen als Ohira gestempelt oder verkauft werden.<\/p>","protected":false},"excerpt":{"rendered":"<ul>\n<li>Geeignet f\u00fcr die Bearbeitung von Messern, Scheren, Tischler- und anderen Werkzeugen.\u00a0<\/li>\n<li>Abmessungen: 206x75x42 mm<\/li>\n<li>Gewicht: 1720 g<\/li>\n<li>H\u00e4rte: Stufe 4,3<\/li>\n<li>Die Linien sind sicher, aber eine der auff\u00e4lligsten ist manchmal etwas auff\u00e4llig<\/li>\n<li>Wir empfehlen, mit warmem Wasser zu arbeiten, da kaltes Wasser die Arbeitsgeschwindigkeit und das Ansprechverhalten verschlechtert.<\/li>\n<\/ul>","protected":false},"featured_media":4835,"comment_status":"open","ping_status":"closed","template":"","meta":[],"product_brand":[],"product_cat":[22],"product_tag":[47,86,87,50],"class_list":{"0":"post-2039","1":"product","2":"type-product","3":"status-publish","4":"has-post-thumbnail","6":"product_cat-jnats","7":"product_tag-ohira","8":"product_tag-renge","9":"product_tag-shiro","10":"product_tag-suita","11":"product_shipping_class-iprastas","13":"first","14":"outofstock","15":"shipping-taxable","16":"purchasable","17":"product-type-simple"},"_links":{"self":[{"href":"https:\/\/jnats.eu\/de\/wp-json\/wp\/v2\/product\/2039","targetHints":{"allow":["GET"]}}],"collection":[{"href":"https:\/\/jnats.eu\/de\/wp-json\/wp\/v2\/product"}],"about":[{"href":"https:\/\/jnats.eu\/de\/wp-json\/wp\/v2\/types\/product"}],"replies":[{"embeddable":true,"href":"https:\/\/jnats.eu\/de\/wp-json\/wp\/v2\/comments?post=2039"}],"wp:featuredmedia":[{"embeddable":true,"href":"https:\/\/jnats.eu\/de\/wp-json\/wp\/v2\/media\/4835"}],"wp:attachment":[{"href":"https:\/\/jnats.eu\/de\/wp-json\/wp\/v2\/media?parent=2039"}],"wp:term":[{"taxonomy":"product_brand","embeddable":true,"href":"https:\/\/jnats.eu\/de\/wp-json\/wp\/v2\/product_brand?post=2039"},{"taxonomy":"product_cat","embeddable":true,"href":"https:\/\/jnats.eu\/de\/wp-json\/wp\/v2\/product_cat?post=2039"},{"taxonomy":"product_tag","embeddable":true,"href":"https:\/\/jnats.eu\/de\/wp-json\/wp\/v2\/product_tag?post=2039"}],"curies":[{"name":"wp","href":"https:\/\/api.w.org\/{rel}","templated":true}]}}