{"id":2044,"date":"2024-04-24T11:07:42","date_gmt":"2024-04-24T08:07:42","guid":{"rendered":"http:\/\/jnats.eu\/?post_type=product&#038;p=2044"},"modified":"2024-05-16T10:39:33","modified_gmt":"2024-05-16T07:39:33","slug":"ohira-suzayama-renge-suita-imanishi-co-ltd","status":"publish","type":"product","link":"https:\/\/jnats.eu\/de\/produkt-2\/ohira-suzayama-renge-suita-imanishi-co-ltd\/","title":{"rendered":"Ohira Suzayama Renge Suita Imanishi Co LTD."},"content":{"rendered":"<p>Eine Sitzgruppe dieser Gr\u00f6\u00dfe, idealen Form und Klasse kommt nicht oft vor und eine Vintage-Sitzgruppe mit Markierungen ist eine echte Entdeckung. Der Stein ist schnell, liefert eine gute Reaktion und au\u00dfergew\u00f6hnliche Ergebnisse. Hochwertiger Ohira-Stein wird immer seltener und dieser Stein ist ein hervorragendes Beispiel daf\u00fcr, wie die Mine zu ihrem hohen Ruf gelangt ist. Dieses Exemplar ist recht fein strukturiert. Ganz gleich, ob Ihr Hauptziel das Sch\u00e4rfen der Klinge oder das Polieren von Kasumi ist, der Ohira Suzayama Renge Suita wird Sie nicht entt\u00e4uschen.<\/p>\n\n\n\n<p>Rosafarbene Basis mit kleinem Muster auf dem Kleid. Eine der Ecken ist leicht geneigt und es gibt einige sichere Linien. Das ist das Einzige, was verhindert, dass dieser Stein zu einem Museumsexemplar mit einem wirklich astronomischen Preis wird.<\/p>\n\n\n\n<p><strong>Ohira (\u5927\u5e73, Oohira, Ohirayama)<\/strong><br>Western-Mine, ber\u00fchmt f\u00fcr die Qualit\u00e4t von Uchigumori und Suita. Obwohl in der Mine immer noch gelegentlich gearbeitet wird, ist es immer schwieriger, exportierbare Uchigumori und Ohira Suita zu finden. Aufgrund der hervorragenden Qualit\u00e4t von Ohira Suita und Uchigumori ist es nicht ungew\u00f6hnlich, dass Steine aus anderen Minen als Ohira gestempelt und verkauft werden.<\/p>","protected":false},"excerpt":{"rendered":"<ul>\n<li>Geeignet f\u00fcr die Endbearbeitung von Messern, Scheren, Zimmermanns- und anderen Werkzeugen. Zum Schluss noch Kasumi.<\/li>\n<li>Abmessungen: 204x74x46 mm<\/li>\n<li>Gewicht: 1760 g<\/li>\n<li>H\u00e4rte: Lv 4<\/li>\n<li>Die Leitungen sind sicher<\/li>\n<li>Wir empfehlen, mit warmem Wasser zu arbeiten, da kaltes Wasser die Arbeitsgeschwindigkeit und das Ansprechverhalten verschlechtert.<\/li>\n<\/ul>","protected":false},"featured_media":2051,"comment_status":"open","ping_status":"closed","template":"","meta":[],"product_brand":[],"product_cat":[22],"product_tag":[255,254,47,86,50,253],"class_list":{"0":"post-2044","1":"product","2":"type-product","3":"status-publish","4":"has-post-thumbnail","6":"product_cat-jnats","7":"product_tag-co-ltd","8":"product_tag-imanishi","9":"product_tag-ohira","10":"product_tag-renge","11":"product_tag-suita","12":"product_tag-suzayama","13":"product_shipping_class-iprastas","15":"first","16":"instock","17":"sale","18":"shipping-taxable","19":"purchasable","20":"product-type-simple"},"_links":{"self":[{"href":"https:\/\/jnats.eu\/de\/wp-json\/wp\/v2\/product\/2044","targetHints":{"allow":["GET"]}}],"collection":[{"href":"https:\/\/jnats.eu\/de\/wp-json\/wp\/v2\/product"}],"about":[{"href":"https:\/\/jnats.eu\/de\/wp-json\/wp\/v2\/types\/product"}],"replies":[{"embeddable":true,"href":"https:\/\/jnats.eu\/de\/wp-json\/wp\/v2\/comments?post=2044"}],"wp:featuredmedia":[{"embeddable":true,"href":"https:\/\/jnats.eu\/de\/wp-json\/wp\/v2\/media\/2051"}],"wp:attachment":[{"href":"https:\/\/jnats.eu\/de\/wp-json\/wp\/v2\/media?parent=2044"}],"wp:term":[{"taxonomy":"product_brand","embeddable":true,"href":"https:\/\/jnats.eu\/de\/wp-json\/wp\/v2\/product_brand?post=2044"},{"taxonomy":"product_cat","embeddable":true,"href":"https:\/\/jnats.eu\/de\/wp-json\/wp\/v2\/product_cat?post=2044"},{"taxonomy":"product_tag","embeddable":true,"href":"https:\/\/jnats.eu\/de\/wp-json\/wp\/v2\/product_tag?post=2044"}],"curies":[{"name":"wp","href":"https:\/\/api.w.org\/{rel}","templated":true}]}}