{"id":2052,"date":"2024-04-24T11:11:56","date_gmt":"2024-04-24T08:11:56","guid":{"rendered":"http:\/\/jnats.eu\/?post_type=product&#038;p=2052"},"modified":"2024-10-20T14:58:20","modified_gmt":"2024-10-20T11:58:20","slug":"ohira-renge-shiro-anzug-2","status":"publish","type":"product","link":"https:\/\/jnats.eu\/de\/produkt-2\/ohira-renge-shiro-anzug-2\/","title":{"rendered":"Ohira Renge Shiro Anzug"},"content":{"rendered":"<p>Ein toller, vielseitiger Ohira Renge-Anzug f\u00fcr eine Vielzahl von Aufgaben. Die Ansprache ist sehr sanft und die Linien sind kein Problem. Das Kasumi-Finish ist hell und raffiniert, bringt die Details des Klingenmaterials zur Geltung und hinterl\u00e4sst eine Oberfl\u00e4che, die selbst bei hellstem Licht \u201ekratzerfrei\u201c ist. Es ist ein ausgezeichneter Stein, der f\u00fcr eine Vielzahl von Aufgaben geeignet ist \u2013 abschlie\u00dfendes Sch\u00e4rfen von K\u00fcchenmessern, Kasumi-Polieren, Werkzeugen, Scheren. Diese Ohira Suita verhalf der Mine zu einem so hervorragenden Ruf.<\/p>\n\n\n\n<p>Dieser wei\u00dfe Shiro-Anzug ist mit roten \u201eLotusblumen\u201c verziert, die auch als Renge-Muster bekannt sind. Es hat eine tolle Form und Gr\u00f6\u00dfe und die Linien sind beim Sch\u00e4rfen kein Problem.<\/p>\n\n\n\n<p><strong>Ohira (\u5927\u5e73, Oohira, Ohirayama)<\/strong><br>Western-Mine, ber\u00fchmt f\u00fcr die Qualit\u00e4t von Uchigumori und Suita. Obwohl in der Mine immer noch gelegentlich gearbeitet wird, ist es immer schwieriger, exportierbare Uchigumori und Ohira Suita zu finden. Aufgrund der hervorragenden Qualit\u00e4t von Ohira Suita und Uchigumori ist es nicht ungew\u00f6hnlich, dass Steine aus anderen Minen als Ohira gestempelt oder verkauft werden.<\/p>","protected":false},"excerpt":{"rendered":"<ul>\n<li>Geeignet f\u00fcr die Endbearbeitung von Messern, Scheren, Zimmermanns- und anderen Werkzeugen. Zum Schluss noch Kasumi.<\/li>\n<li>Abmessungen: 204x76x34 mm<\/li>\n<li>Gewicht: 1300 g<\/li>\n<li>H\u00e4rte: Lv 4<\/li>\n<li>Die Leitungen sind sicher<\/li>\n<li>Wir empfehlen, mit warmem Wasser zu arbeiten, da kaltes Wasser die Arbeitsgeschwindigkeit und das Ansprechverhalten verschlechtert.<\/li>\n<\/ul>","protected":false},"featured_media":2110,"comment_status":"open","ping_status":"closed","template":"","meta":[],"product_brand":[],"product_cat":[22],"product_tag":[47,86,87,50],"class_list":{"0":"post-2052","1":"product","2":"type-product","3":"status-publish","4":"has-post-thumbnail","6":"product_cat-jnats","7":"product_tag-ohira","8":"product_tag-renge","9":"product_tag-shiro","10":"product_tag-suita","11":"product_shipping_class-iprastas","13":"first","14":"outofstock","15":"shipping-taxable","16":"purchasable","17":"product-type-simple"},"_links":{"self":[{"href":"https:\/\/jnats.eu\/de\/wp-json\/wp\/v2\/product\/2052","targetHints":{"allow":["GET"]}}],"collection":[{"href":"https:\/\/jnats.eu\/de\/wp-json\/wp\/v2\/product"}],"about":[{"href":"https:\/\/jnats.eu\/de\/wp-json\/wp\/v2\/types\/product"}],"replies":[{"embeddable":true,"href":"https:\/\/jnats.eu\/de\/wp-json\/wp\/v2\/comments?post=2052"}],"wp:featuredmedia":[{"embeddable":true,"href":"https:\/\/jnats.eu\/de\/wp-json\/wp\/v2\/media\/2110"}],"wp:attachment":[{"href":"https:\/\/jnats.eu\/de\/wp-json\/wp\/v2\/media?parent=2052"}],"wp:term":[{"taxonomy":"product_brand","embeddable":true,"href":"https:\/\/jnats.eu\/de\/wp-json\/wp\/v2\/product_brand?post=2052"},{"taxonomy":"product_cat","embeddable":true,"href":"https:\/\/jnats.eu\/de\/wp-json\/wp\/v2\/product_cat?post=2052"},{"taxonomy":"product_tag","embeddable":true,"href":"https:\/\/jnats.eu\/de\/wp-json\/wp\/v2\/product_tag?post=2052"}],"curies":[{"name":"wp","href":"https:\/\/api.w.org\/{rel}","templated":true}]}}