{"id":2059,"date":"2024-04-24T11:22:04","date_gmt":"2024-04-24T08:22:04","guid":{"rendered":"http:\/\/jnats.eu\/?post_type=product&#038;p=2059"},"modified":"2025-10-22T15:09:21","modified_gmt":"2025-10-22T12:09:21","slug":"shiro-anzug-renge-miyadaiku","status":"publish","type":"product","link":"https:\/\/jnats.eu\/de\/produkt-2\/shiro-anzug-renge-miyadaiku\/","title":{"rendered":"Shiro Suita Renge Miyadaiku"},"content":{"rendered":"<p>Die sauberste Suite, die ich je gesehen habe! Japanische Sch\u00e4rf- und Poliersteine dieser Gr\u00f6\u00dfe, Idealform und G\u00fcteklasse sind selten und v\u00f6llig linienfrei nahezu selten. Der Stein ist schnell, liefert eine gute Reaktion und au\u00dfergew\u00f6hnliche Ergebnisse. Hochwertiger Suita wird auf dem Markt immer seltener und dieser Stein ist ein perfektes Beispiel daf\u00fcr, wie diese Schleif- und Poliersteine ihren hohen Ruf erworben haben. Dieses Exemplar ist recht fein strukturiert. Ganz gleich, ob Ihr Hauptziel das Sch\u00e4rfen der Klinge oder das Polieren von Kasumi ist, das Suita Renge Miyadaiku wird Sie nicht entt\u00e4uschen.<\/p>\n\n\n\n<p>Wei\u00dfe Basis mit kleinem schwarzen \u201eLotus\u201c und gelben R\u00e4ndern. <\/p>","protected":false},"excerpt":{"rendered":"<ul>\n<li>Geeignet f\u00fcr die Endbearbeitung von Messern, Scheren, Zimmermanns- und anderen Werkzeugen. Zum Schluss noch Kasumi.<\/li>\n<li>Abmessungen: 213x63x35 mm<\/li>\n<li>Gewicht mit St\u00e4nder: 1340 g<\/li>\n<li>H\u00e4rte: Lv 4<\/li>\n<li>Wir empfehlen, mit warmem Wasser zu arbeiten, da kaltes Wasser die Arbeitsgeschwindigkeit und das Ansprechverhalten verschlechtert.<\/li>\n<\/ul>","protected":false},"featured_media":2063,"comment_status":"open","ping_status":"closed","template":"","meta":[],"product_brand":[],"product_cat":[22],"product_tag":[256,86,87,50],"class_list":{"0":"post-2059","1":"product","2":"type-product","3":"status-publish","4":"has-post-thumbnail","6":"product_cat-jnats","7":"product_tag-miyadaiku","8":"product_tag-renge","9":"product_tag-shiro","10":"product_tag-suita","11":"product_shipping_class-iprastas","13":"first","14":"instock","15":"sale","16":"shipping-taxable","17":"purchasable","18":"product-type-simple"},"_links":{"self":[{"href":"https:\/\/jnats.eu\/de\/wp-json\/wp\/v2\/product\/2059","targetHints":{"allow":["GET"]}}],"collection":[{"href":"https:\/\/jnats.eu\/de\/wp-json\/wp\/v2\/product"}],"about":[{"href":"https:\/\/jnats.eu\/de\/wp-json\/wp\/v2\/types\/product"}],"replies":[{"embeddable":true,"href":"https:\/\/jnats.eu\/de\/wp-json\/wp\/v2\/comments?post=2059"}],"wp:featuredmedia":[{"embeddable":true,"href":"https:\/\/jnats.eu\/de\/wp-json\/wp\/v2\/media\/2063"}],"wp:attachment":[{"href":"https:\/\/jnats.eu\/de\/wp-json\/wp\/v2\/media?parent=2059"}],"wp:term":[{"taxonomy":"product_brand","embeddable":true,"href":"https:\/\/jnats.eu\/de\/wp-json\/wp\/v2\/product_brand?post=2059"},{"taxonomy":"product_cat","embeddable":true,"href":"https:\/\/jnats.eu\/de\/wp-json\/wp\/v2\/product_cat?post=2059"},{"taxonomy":"product_tag","embeddable":true,"href":"https:\/\/jnats.eu\/de\/wp-json\/wp\/v2\/product_tag?post=2059"}],"curies":[{"name":"wp","href":"https:\/\/api.w.org\/{rel}","templated":true}]}}