{"id":2065,"date":"2024-04-24T11:31:35","date_gmt":"2024-04-24T08:31:35","guid":{"rendered":"http:\/\/jnats.eu\/?post_type=product&#038;p=2065"},"modified":"2024-11-09T14:30:29","modified_gmt":"2024-11-09T12:30:29","slug":"shohonyama-shobudani-soft-tomae","status":"publish","type":"product","link":"https:\/\/jnats.eu\/de\/produkt-2\/shohonyama-shobudani-soft-tomae\/","title":{"rendered":"Shohonyama Shobudani Soft Tomae"},"content":{"rendered":"<p>Das ist Shohonyama Shobudani Tomae aus Kyoto. Geeignet zum Finishen von Messern und Werkzeugen. Dieses Tomae wird aus einer weichen Schicht gewonnen, was ein schnelles, sanftes Sch\u00e4rfen der Klinge erm\u00f6glicht. Starke Schleifkraft, feine und reichhaltige Suspension l\u00e4sst sich leicht l\u00f6sen.<\/p>\n\n\n\n<p><strong>Shobu (\u83d6\u84b2\u8c37, Shobudani, Shoubu)<\/strong><br>Eastern Mine, bekannt f\u00fcr seinen Anzug. Obwohl diese Mine im Westen m\u00f6glicherweise nicht so hohes Ansehen genie\u00dft wie Ohira oder Nakayama, sind die Steine aus dieser Mine im Allgemeinen von sehr hoher Qualit\u00e4t. Die Gro\u00dfhandelspreise f\u00fcr Shoubu Suita geh\u00f6ren zu den am schnellsten steigenden japanischen Schleifsteinen.<\/p>","protected":false},"excerpt":{"rendered":"<ul>\n<li>Geeignet f\u00fcr die Bearbeitung von Messern, Scheren, Tischler- und anderen Werkzeugen.<\/li>\n<li>Abmessungen: 191x70x29mm<\/li>\n<li>Gewicht: 850 g<\/li>\n<li>H\u00e4rte: Lv 3.5<\/li>\n<li>Wir empfehlen, mit warmem Wasser zu arbeiten, da kaltes Wasser die Arbeitsgeschwindigkeit und das Ansprechverhalten verschlechtert.<\/li>\n<\/ul>","protected":false},"featured_media":2071,"comment_status":"open","ping_status":"closed","template":"","meta":[],"product_brand":[],"product_cat":[22],"product_tag":[219,44,235,258],"class_list":{"0":"post-2065","1":"product","2":"type-product","3":"status-publish","4":"has-post-thumbnail","6":"product_cat-jnats","7":"product_tag-shobu","8":"product_tag-shobudani","9":"product_tag-shohonyama","10":"product_tag-soft-tomae","11":"product_shipping_class-iprastas","13":"first","14":"outofstock","15":"sale","16":"shipping-taxable","17":"purchasable","18":"product-type-simple"},"_links":{"self":[{"href":"https:\/\/jnats.eu\/de\/wp-json\/wp\/v2\/product\/2065","targetHints":{"allow":["GET"]}}],"collection":[{"href":"https:\/\/jnats.eu\/de\/wp-json\/wp\/v2\/product"}],"about":[{"href":"https:\/\/jnats.eu\/de\/wp-json\/wp\/v2\/types\/product"}],"replies":[{"embeddable":true,"href":"https:\/\/jnats.eu\/de\/wp-json\/wp\/v2\/comments?post=2065"}],"wp:featuredmedia":[{"embeddable":true,"href":"https:\/\/jnats.eu\/de\/wp-json\/wp\/v2\/media\/2071"}],"wp:attachment":[{"href":"https:\/\/jnats.eu\/de\/wp-json\/wp\/v2\/media?parent=2065"}],"wp:term":[{"taxonomy":"product_brand","embeddable":true,"href":"https:\/\/jnats.eu\/de\/wp-json\/wp\/v2\/product_brand?post=2065"},{"taxonomy":"product_cat","embeddable":true,"href":"https:\/\/jnats.eu\/de\/wp-json\/wp\/v2\/product_cat?post=2065"},{"taxonomy":"product_tag","embeddable":true,"href":"https:\/\/jnats.eu\/de\/wp-json\/wp\/v2\/product_tag?post=2065"}],"curies":[{"name":"wp","href":"https:\/\/api.w.org\/{rel}","templated":true}]}}