{"id":2133,"date":"2024-04-27T15:11:40","date_gmt":"2024-04-27T12:11:40","guid":{"rendered":"http:\/\/jnats.eu\/?post_type=product&#038;p=2133"},"modified":"2025-01-11T21:46:17","modified_gmt":"2025-01-11T19:46:17","slug":"nakayama-maruka-8-lagiger-japanischer-naturstein-zum-scharfen","status":"publish","type":"product","link":"https:\/\/jnats.eu\/de\/produkt-2\/nakayama-maruka-8-lagiger-japanischer-naturstein-zum-scharfen\/","title":{"rendered":"Nakayama Maruka 8 Schichten japanischer nat\u00fcrlicher Schleifstein"},"content":{"rendered":"<p>Achtschichtige Schleifsteine von Nakayama sind fast vom Markt verschwunden, da es sich um High-End-Produkte handelt. Es ist in jeder Hinsicht ein perfekter Stein: seine Feinheit, Gl\u00e4tte, Arbeitsgeschwindigkeit und Reaktionsf\u00e4higkeit. In Japan wurden 2,9 kg schwere Exemplare zum Preis von 10.000 Euro gesichtet.<br>Es ist ein perfekter Schleifstein und wird in Japan \u201eohne Decke\u201c genannt. Das bedeutet, dass der angegebene Preis des Steins keine Rolle spielt, egal wie viel der Verk\u00e4ufer ihn anbietet. <\/p>\n\n\n\n<p>Da es sich jedoch um ein Gewerbe handelt, gibt es in der Branche einen fairen Preis. Beim normalen japanischen Natursch\u00e4rfen sind dies die teuersten Schleifsteine.<\/p>\n\n\n\n<p>Dieser Stein hat eine perfekte Form f\u00fcr Rasiermesser und eine Dicke, die mehrere Jahrhunderte h\u00e4lt. Unten verbleibt ein Siegel.<\/p>\n\n\n\n<p>Der Nakayama-Stein ist ber\u00fchmt f\u00fcr das Kato Mutsuyama Maruka-Zeichen mit dem Buchstaben \u201eka\u201c und dem Seihonzan-Siegel \u32d5\u6b63\u672c\u5c71. Kato Mutsuyama war der Erste, der ein solches Siegel schnitzte. Nicht standardm\u00e4\u00dfige Abmessungen, gro\u00dfe oder grobe Steine trugen urspr\u00fcnglich nicht das Zeichen von Maruka. Es gibt jedoch auch Qualit\u00e4tsprodukte und nicht standardm\u00e4\u00dfige Schleifsteine, die bei der Endverarbeitung im Einzelhandel nachtr\u00e4glich mit dem Maruka-Stempel gekennzeichnet wurden, sowie Steine, die vom Verk\u00e4ufer ohne den \u32d5\u6b63\u672c\u5c71-Stempel aus Rohsteinen geschnitten wurden. Au\u00dferdem tragen die Nakayama-Schleifsteine, die vor der Stempelperiode verkauft wurden, nicht den Maruka-Stempel. <\/p>\n\n\n\n<p>Wenn es sich um Kato Mutsuyamas Stein aus dieser Mine handelt, wird es auf jeden Fall derselbe Nakayama-Stein sein, unabh\u00e4ngig davon, ob er das Maruka-Zeichen tr\u00e4gt oder nicht. Der \u32d5\u6b63\u672c\u5c71-Stempel selbst kann je nach Vertriebskanal vorhanden sein oder nicht und garantiert keine Qualit\u00e4t. Nicht nur Nakayama, sondern auch andere nat\u00fcrliche Schleifsteine, jeder ist anders und keine zwei sind gleich. Zudem sind seit der Schlie\u00dfung des Bergwerks viele Jahre vergangen, so dass jedes Jahr immer weniger gute Exemplare auf dem Markt sind.<\/p>\n\n\n\n<p>Aufgrund ihrer Seltenheit und der Kraft der Marke gibt es viele F\u00e4lschungen, daher empfehlen wir Ihnen, dem Maruka-Siegel nicht zu sehr zu vertrauen und den Stein mit eigenen Augen zu bewerten.&nbsp;<\/p>\n\n\n\n<p>Die Kato-Mine liegt in den Nakayama-Bergen, wo Schleifsteine abgebaut wurden. Sie wurde so genannt, weil sie Herrn Kato geh\u00f6rte. Hatanaka Whetstone ist ein alteingesessenes Steingesch\u00e4ft in Kyoto. Nach dem Krieg wurde der Verkauf der in Kato Utsuyama abgebauten Nakayama-Schleifsteine von einer f\u00fcnfk\u00f6pfigen Gruppe eines f\u00fchrenden Steingesch\u00e4fts in Kyoto verwaltet. Unter ihnen soll Hatanaka Toishi eine Zeit lang das gr\u00f6\u00dfte Vertrauen der Bergbesitzer gehabt haben. im Jahr 1952 Hatanaka Toishi lie\u00df die Marke Junshin Honzan (\u7d14\u7a7a\u6b63\u672c\u5c71) registrieren, um sich von anderen Einzelh\u00e4ndlern abzuheben. Nach 1980 Die Rechte an der Nakayama-Mine wurden von Hatanaka Whetstone erworben und wurden Eigent\u00fcmer der Marke Maruka. Gleichzeitig wurden Steine aus dieser Mine auch \u00fcber andere Einzelh\u00e4ndler vertrieben.<\/p>\n\n\n\n<p><strong>Nakayama (\u4e2d\u5c71)<\/strong><\/p>\n\n\n\n<p>Diese \u00f6stliche Mine ist ber\u00fchmt f\u00fcr ihre Awasedo-Finishing-Steine und m\u00f6glicherweise die gefragteste unter Sch\u00e4rfprofis und Bastlern. Im Vergleich zu Steinen \u00e4hnlicher H\u00e4rte und Feinheit aus anderen Minen sind Nakayama-Steine f\u00fcr ein angenehmeres Schleifgef\u00fchl und eine hohe Arbeitsgeschwindigkeit bekannt. Besonders gesch\u00e4tzt werden Mehrschichtsteine (Hondomae, Shikitomae) und Kiita.<\/p>","protected":false},"excerpt":{"rendered":"<ul>\n<li>Ideal f\u00fcr die Endbearbeitung von Rasiermessern, Messern, Scheren, Tischler- und anderen Werkzeugen.<\/li>\n<li>Abmessungen: 143x79x23 mm<\/li>\n<li>Gewicht: 645 g<\/li>\n<li>H\u00e4rte: Lv 5<\/li>\n<li>Die Oberfl\u00e4che ist glatt und arbeitsbereit<\/li>\n<li><span style=\"color: #ff0000;\"><strong>Wenn Sie einen eigenen Preis anbieten, achten Sie bitte auf die korrekte Eingabe Ihrer E-Mail-Adresse. Andernfalls werden Sie keine Antwort erhalten!<\/strong><\/span><\/li>\n<\/ul>","protected":false},"featured_media":2141,"comment_status":"open","ping_status":"closed","template":"","meta":[],"product_brand":[],"product_cat":[22],"product_tag":[58,49],"class_list":{"0":"post-2133","1":"product","2":"type-product","3":"status-publish","4":"has-post-thumbnail","6":"product_cat-jnats","7":"product_tag-maruka","8":"product_tag-nakayama","9":"product_shipping_class-iprastas","11":"first","12":"outofstock","13":"sale","14":"shipping-taxable","15":"purchasable","16":"product-type-simple"},"_links":{"self":[{"href":"https:\/\/jnats.eu\/de\/wp-json\/wp\/v2\/product\/2133","targetHints":{"allow":["GET"]}}],"collection":[{"href":"https:\/\/jnats.eu\/de\/wp-json\/wp\/v2\/product"}],"about":[{"href":"https:\/\/jnats.eu\/de\/wp-json\/wp\/v2\/types\/product"}],"replies":[{"embeddable":true,"href":"https:\/\/jnats.eu\/de\/wp-json\/wp\/v2\/comments?post=2133"}],"wp:featuredmedia":[{"embeddable":true,"href":"https:\/\/jnats.eu\/de\/wp-json\/wp\/v2\/media\/2141"}],"wp:attachment":[{"href":"https:\/\/jnats.eu\/de\/wp-json\/wp\/v2\/media?parent=2133"}],"wp:term":[{"taxonomy":"product_brand","embeddable":true,"href":"https:\/\/jnats.eu\/de\/wp-json\/wp\/v2\/product_brand?post=2133"},{"taxonomy":"product_cat","embeddable":true,"href":"https:\/\/jnats.eu\/de\/wp-json\/wp\/v2\/product_cat?post=2133"},{"taxonomy":"product_tag","embeddable":true,"href":"https:\/\/jnats.eu\/de\/wp-json\/wp\/v2\/product_tag?post=2133"}],"curies":[{"name":"wp","href":"https:\/\/api.w.org\/{rel}","templated":true}]}}