{"id":2142,"date":"2024-04-27T15:16:58","date_gmt":"2024-04-27T12:16:58","guid":{"rendered":"http:\/\/jnats.eu\/?post_type=product&#038;p=2142"},"modified":"2024-06-26T14:57:42","modified_gmt":"2024-06-26T11:57:42","slug":"nakayama-nashiji-8-lagiger-japanischer-naturstein-zum-scharfen","status":"publish","type":"product","link":"https:\/\/jnats.eu\/de\/produkt-2\/nakayama-nashiji-8-lagiger-japanischer-naturstein-zum-scharfen\/","title":{"rendered":"Nakayama Nashiji 8 Schichten japanischer nat\u00fcrlicher Schleifstein"},"content":{"rendered":"<p>Achtschichtige Schleifsteine von Nakayama sind fast vom Markt verschwunden, da es sich um High-End-Produkte handelt. Es ist in jeder Hinsicht ein perfekter Stein: seine Feinheit, Gl\u00e4tte, Arbeitsgeschwindigkeit und Reaktionsf\u00e4higkeit. In Japan wurden 2,9 kg schwere Exemplare zum Preis von 10.000 Euro gesichtet.<\/p>\n\n\n\n<p>Es ist ein perfekter Schleifstein und wird in Japan \u201eohne Decke\u201c genannt. Das bedeutet, dass der angegebene Preis des Steins keine Rolle spielt, egal wie viel der Verk\u00e4ufer ihn anbietet.<\/p>\n\n\n\n<p>Da es sich jedoch um ein Gewerbe handelt, gibt es in der Branche einen fairen Preis. Beim normalen japanischen Natursch\u00e4rfen sind dies die teuersten Schleifsteine.<\/p>\n\n\n\n<p>Dieser Stein verf\u00fcgt \u00fcber eine messerscharfe Form und Dicke, die ein Leben lang h\u00e4lt. <\/p>\n\n\n\n<p><strong>Nakayama (\u4e2d\u5c71)<\/strong><\/p>\n\n\n\n<p>Diese \u00f6stliche Mine ist ber\u00fchmt f\u00fcr ihre Awasedo-Finishing-Steine und m\u00f6glicherweise die gefragteste unter Sch\u00e4rfprofis und Bastlern. Im Vergleich zu Steinen \u00e4hnlicher H\u00e4rte und Feinheit aus anderen Minen sind Nakayama-Steine f\u00fcr ein angenehmeres Schleifgef\u00fchl und eine hohe Arbeitsgeschwindigkeit bekannt. Besonders gesch\u00e4tzt werden Mehrschichtsteine (Hondomae, Shikitomae) und Kiita.<\/p>","protected":false},"excerpt":{"rendered":"<ul>\n<li>Ideal f\u00fcr die Endbearbeitung von Rasiermessern, Messern, Scheren, Tischler- und anderen Werkzeugen.<\/li>\n<li>Abmessungen: 135x80x16 mm<\/li>\n<li>Gewicht: 400 g<\/li>\n<li>H\u00e4rte: Lv 4,5<\/li>\n<li>Die Oberfl\u00e4che ist glatt und arbeitsbereit<\/li>\n<\/ul>","protected":false},"featured_media":2143,"comment_status":"open","ping_status":"closed","template":"","meta":[],"product_brand":[],"product_cat":[22],"product_tag":[260,259,49,48],"class_list":{"0":"post-2142","1":"product","2":"type-product","3":"status-publish","4":"has-post-thumbnail","6":"product_cat-jnats","7":"product_tag-8-sluoksniu","8":"product_tag-japoniskas-naturalus-akmuo-galandimui","9":"product_tag-nakayama","10":"product_tag-nashiji","11":"product_shipping_class-iprastas","13":"first","14":"outofstock","15":"sale","16":"shipping-taxable","17":"purchasable","18":"product-type-simple"},"_links":{"self":[{"href":"https:\/\/jnats.eu\/de\/wp-json\/wp\/v2\/product\/2142","targetHints":{"allow":["GET"]}}],"collection":[{"href":"https:\/\/jnats.eu\/de\/wp-json\/wp\/v2\/product"}],"about":[{"href":"https:\/\/jnats.eu\/de\/wp-json\/wp\/v2\/types\/product"}],"replies":[{"embeddable":true,"href":"https:\/\/jnats.eu\/de\/wp-json\/wp\/v2\/comments?post=2142"}],"wp:featuredmedia":[{"embeddable":true,"href":"https:\/\/jnats.eu\/de\/wp-json\/wp\/v2\/media\/2143"}],"wp:attachment":[{"href":"https:\/\/jnats.eu\/de\/wp-json\/wp\/v2\/media?parent=2142"}],"wp:term":[{"taxonomy":"product_brand","embeddable":true,"href":"https:\/\/jnats.eu\/de\/wp-json\/wp\/v2\/product_brand?post=2142"},{"taxonomy":"product_cat","embeddable":true,"href":"https:\/\/jnats.eu\/de\/wp-json\/wp\/v2\/product_cat?post=2142"},{"taxonomy":"product_tag","embeddable":true,"href":"https:\/\/jnats.eu\/de\/wp-json\/wp\/v2\/product_tag?post=2142"}],"curies":[{"name":"wp","href":"https:\/\/api.w.org\/{rel}","templated":true}]}}