{"id":2149,"date":"2024-04-27T15:27:49","date_gmt":"2024-04-27T12:27:49","guid":{"rendered":"http:\/\/jnats.eu\/?post_type=product&#038;p=2149"},"modified":"2024-10-24T15:59:35","modified_gmt":"2024-10-24T12:59:35","slug":"nakayama-mitsu-asagi","status":"publish","type":"product","link":"https:\/\/jnats.eu\/de\/produkt-2\/nakayama-mitsu-asagi\/","title":{"rendered":"Nakayama Mitsu Asagi"},"content":{"rendered":"<p>Dieses Nakayama-Asagi ist das Sch\u00e4rffinish der Tr\u00e4ume f\u00fcr Rasierer, Werkzeuge und Messer und eignet sich f\u00fcr hochqualitatives Polieren und Klingenverfeinerung. Der Stein ist sehr hart, aber gut zu handhaben \u2013 insbesondere bei Verwendung mit Seitenaufh\u00e4ngung oder Nagura. Das Polieren ist sehr scharf und detailliert, der Kontrast bleibt jedoch erhalten. <\/p>\n\n\n\n<p>Dieser hellgraue Asagi weist im gesamten Stein ein ziemlich markantes Sumingashi-Muster (Tinte auf Wasser) auf. Es sind keine Einschl\u00fcsse sichtbar und die Leitungen sitzen fest. Der Stein ist viel schwerer, als man aufgrund seiner Gr\u00f6\u00dfe erwarten w\u00fcrde, was bedeutet, dass er eine sehr dichte Struktur hat und sich nur sehr langsam abnutzt.<\/p>","protected":false},"excerpt":{"rendered":"<ul>\n<li>Ideal f\u00fcr die Endbearbeitung von Rasiermessern, Messern, Scheren, Tischler- und anderen Werkzeugen.<\/li>\n<li>Abmessungen: 180x66x42 mm<\/li>\n<li>Gewicht: 1420 g<\/li>\n<li>H\u00e4rte: Lv 5+<\/li>\n<li>Die Leitungen sind sicher<\/li>\n<li>Die Oberfl\u00e4che ist glatt und arbeitsbereit<\/li>\n<\/ul>","protected":false},"featured_media":2152,"comment_status":"open","ping_status":"closed","template":"","meta":[],"product_brand":[],"product_cat":[22],"product_tag":[45,261,49],"class_list":{"0":"post-2149","1":"product","2":"type-product","3":"status-publish","4":"has-post-thumbnail","6":"product_cat-jnats","7":"product_tag-asagi","8":"product_tag-mitsu","9":"product_tag-nakayama","10":"product_shipping_class-iprastas","12":"first","13":"outofstock","14":"sale","15":"shipping-taxable","16":"purchasable","17":"product-type-simple"},"_links":{"self":[{"href":"https:\/\/jnats.eu\/de\/wp-json\/wp\/v2\/product\/2149","targetHints":{"allow":["GET"]}}],"collection":[{"href":"https:\/\/jnats.eu\/de\/wp-json\/wp\/v2\/product"}],"about":[{"href":"https:\/\/jnats.eu\/de\/wp-json\/wp\/v2\/types\/product"}],"replies":[{"embeddable":true,"href":"https:\/\/jnats.eu\/de\/wp-json\/wp\/v2\/comments?post=2149"}],"wp:featuredmedia":[{"embeddable":true,"href":"https:\/\/jnats.eu\/de\/wp-json\/wp\/v2\/media\/2152"}],"wp:attachment":[{"href":"https:\/\/jnats.eu\/de\/wp-json\/wp\/v2\/media?parent=2149"}],"wp:term":[{"taxonomy":"product_brand","embeddable":true,"href":"https:\/\/jnats.eu\/de\/wp-json\/wp\/v2\/product_brand?post=2149"},{"taxonomy":"product_cat","embeddable":true,"href":"https:\/\/jnats.eu\/de\/wp-json\/wp\/v2\/product_cat?post=2149"},{"taxonomy":"product_tag","embeddable":true,"href":"https:\/\/jnats.eu\/de\/wp-json\/wp\/v2\/product_tag?post=2149"}],"curies":[{"name":"wp","href":"https:\/\/api.w.org\/{rel}","templated":true}]}}