{"id":2156,"date":"2025-08-26T15:16:22","date_gmt":"2025-08-26T12:16:22","guid":{"rendered":"http:\/\/jnats.eu\/?post_type=product&#038;p=2156"},"modified":"2025-09-04T14:31:44","modified_gmt":"2025-09-04T11:31:44","slug":"vintazinis-nakayama-kiita-tomae-su-dezute","status":"publish","type":"product","link":"https:\/\/jnats.eu\/de\/produkt-2\/vintazinis-nakayama-kiita-tomae-su-dezute\/","title":{"rendered":"Vintage Nakayama Kiita Tomae mit Box"},"content":{"rendered":"<figure class=\"wp-block-embed is-type-video is-provider-youtube wp-block-embed-youtube wp-embed-aspect-16-9 wp-has-aspect-ratio\"><div class=\"wp-block-embed__wrapper\">\n<div class=\"video-container\"><iframe title=\"Sch\u00e4rfen des ikonischen Iwasaki Kamisori auf einem Nakayama-Schleifstein\" width=\"1170\" height=\"658\" src=\"https:\/\/www.youtube.com\/embed\/TnGyRyTGinA?start=1072&#038;feature=oembed\" frameborder=\"0\" allow=\"accelerometer; autoplay; clipboard-write; encrypted-media; gyroscope; picture-in-picture; web-share\" referrerpolicy=\"strict-origin-when-cross-origin\" allowfullscreen><\/iframe><\/div>\n<\/div><\/figure>\n\n\n\n<p>Obwohl dieser Nakayama Kiita aus der Kato-Mine recht hart ist, l\u00e4sst er sich gut bearbeiten. Er ist gut genug, um ein Rasiermesser zu bearbeiten, aber auch so einfach, dass er sich f\u00fcr Messer eignet. Er f\u00fchlt sich weicher und geschmeidiger an, als man es bei dieser H\u00e4rte erwarten w\u00fcrde. Ohne einen Nagel oder eine Diamantplatte gibt der Stein nur wenig Schlamm ab, zeigt aber bald die polierten Metallabf\u00e4lle. Aufgrund seiner Gr\u00f6\u00dfe ist er ideal f\u00fcr die Arbeit mit Rasiermessern, eignet sich aber auch zum Sch\u00e4rfen gr\u00f6\u00dferer Werkzeuge. Wenn Ihr Messer gut pr\u00e4pariert ist, wird es auch eine sehr feine Kasumi-Politur erhalten.<\/p>\n\n\n\n<p>Diese Kiita ist nicht so leuchtend gelb wie andere, hat aber eine gute Farbe mit einigen gelegentlichen br\u00e4unlichen Flecken. <\/p>\n\n\n\n<p><strong>Nakayama (\u4e2d\u5c71)<\/strong><\/p>\n\n\n\n<p>Diese \u00f6stliche Mine ist ber\u00fchmt f\u00fcr ihre Awasedo-Finishing-Steine und m\u00f6glicherweise die gefragteste unter Sch\u00e4rfprofis und Bastlern. Im Vergleich zu Steinen \u00e4hnlicher H\u00e4rte und Feinheit aus anderen Minen sind Nakayama-Steine f\u00fcr ein angenehmeres Schleifgef\u00fchl und eine hohe Arbeitsgeschwindigkeit bekannt. Besonders gesch\u00e4tzt werden Mehrschichtsteine (Hondomae, Shikitomae) und Kiita.<\/p>\n\n\n\n<p><\/p>","protected":false},"excerpt":{"rendered":"<ul>\n<li>Ideal f\u00fcr die Endbearbeitung von Rasiermessern, Messern, Scheren, Tischler- und anderen Werkzeugen.<\/li>\n<li>Abmessungen: 203x75x31-25 mm (Dicke variiert)<\/li>\n<li>Gewicht: 1045 g<\/li>\n<li>H\u00e4rte: Lv 4,5<\/li>\n<li>Die Oberfl\u00e4che ist glatt und arbeitsbereit<\/li>\n<li>In der Mitte der Kante befindet sich ein kleiner Spalt.<\/li>\n<\/ul>","protected":false},"featured_media":5169,"comment_status":"open","ping_status":"closed","template":"","meta":[],"product_brand":[],"product_cat":[22],"product_tag":[141,49,48],"class_list":{"0":"post-2156","1":"product","2":"type-product","3":"status-publish","4":"has-post-thumbnail","6":"product_cat-jnats","7":"product_tag-kiita","8":"product_tag-nakayama","9":"product_tag-nashiji","10":"product_shipping_class-iprastas","12":"first","13":"outofstock","14":"shipping-taxable","15":"purchasable","16":"product-type-simple"},"_links":{"self":[{"href":"https:\/\/jnats.eu\/de\/wp-json\/wp\/v2\/product\/2156","targetHints":{"allow":["GET"]}}],"collection":[{"href":"https:\/\/jnats.eu\/de\/wp-json\/wp\/v2\/product"}],"about":[{"href":"https:\/\/jnats.eu\/de\/wp-json\/wp\/v2\/types\/product"}],"replies":[{"embeddable":true,"href":"https:\/\/jnats.eu\/de\/wp-json\/wp\/v2\/comments?post=2156"}],"wp:featuredmedia":[{"embeddable":true,"href":"https:\/\/jnats.eu\/de\/wp-json\/wp\/v2\/media\/5169"}],"wp:attachment":[{"href":"https:\/\/jnats.eu\/de\/wp-json\/wp\/v2\/media?parent=2156"}],"wp:term":[{"taxonomy":"product_brand","embeddable":true,"href":"https:\/\/jnats.eu\/de\/wp-json\/wp\/v2\/product_brand?post=2156"},{"taxonomy":"product_cat","embeddable":true,"href":"https:\/\/jnats.eu\/de\/wp-json\/wp\/v2\/product_cat?post=2156"},{"taxonomy":"product_tag","embeddable":true,"href":"https:\/\/jnats.eu\/de\/wp-json\/wp\/v2\/product_tag?post=2156"}],"curies":[{"name":"wp","href":"https:\/\/api.w.org\/{rel}","templated":true}]}}