{"id":2162,"date":"2024-04-27T15:44:41","date_gmt":"2024-04-27T12:44:41","guid":{"rendered":"http:\/\/jnats.eu\/?post_type=product&#038;p=2162"},"modified":"2024-05-20T19:52:57","modified_gmt":"2024-05-20T16:52:57","slug":"nakayama-kiita-iromono","status":"publish","type":"product","link":"https:\/\/jnats.eu\/de\/produkt-2\/nakayama-kiita-iromono\/","title":{"rendered":"Nakayama Kiita Iromono"},"content":{"rendered":"<p>Ein robuster Nakayama-Kiita-Schleifstein, mit dem sich leicht arbeiten l\u00e4sst. Es ist gut genug, um ein Rasiermesser zu vervollst\u00e4ndigen, aber einfach genug zu verwenden, dass es auch f\u00fcr Messer geeignet ist. Auf eine R\u00fcckseite oder eine Diamantplatte kann verzichtet werden, da der Stein gen\u00fcgend von seiner eigenen Suspension abgibt und der Abfall des polierten Metalls bald sichtbar wird. Aufgrund seiner Gr\u00f6\u00dfe eignet es sich perfekt zum Sch\u00e4rfen von Rasierern, insbesondere wenn Sie eine sanfte und sichere Rasur bevorzugen. Es kann auch als Suspensionsspender auf Hartgestein eingesetzt werden.<\/p>\n\n\n\n<p>Dieser Stein ist eine einzigartige Kombination aus Kiita (Gelb) und Iromono (Rosa), die sehr selten zu sehen ist.<\/p>\n\n\n\n<figure class=\"wp-block-embed is-type-video is-provider-youtube wp-block-embed-youtube wp-embed-aspect-16-9 wp-has-aspect-ratio\"><div class=\"wp-block-embed__wrapper\">\n<div class=\"video-container\"><iframe title=\"Nakayama Awasedo Soft\" width=\"1170\" height=\"658\" src=\"https:\/\/www.youtube.com\/embed\/-lrea77d1LM?start=332&feature=oembed\" frameborder=\"0\" allow=\"accelerometer; autoplay; clipboard-write; encrypted-media; gyroscope; picture-in-picture; web-share\" referrerpolicy=\"strict-origin-when-cross-origin\" allowfullscreen><\/iframe><\/div>\n<\/div><\/figure>\n\n\n\n<p><strong>Nakayama (\u4e2d\u5c71)<\/strong><\/p>\n\n\n\n<p>Diese \u00f6stliche Mine ist ber\u00fchmt f\u00fcr ihre Awasedo-Finishing-Steine und m\u00f6glicherweise die gefragteste unter Sch\u00e4rfprofis und Bastlern. Im Vergleich zu Steinen \u00e4hnlicher H\u00e4rte und Feinheit aus anderen Minen sind Nakayama-Steine f\u00fcr ein angenehmeres Schleifgef\u00fchl und eine hohe Arbeitsgeschwindigkeit bekannt. Besonders gesch\u00e4tzt werden Mehrschichtsteine (Hondomae, Shikitomae) und Kiita.<\/p>","protected":false},"excerpt":{"rendered":"<ul>\n<li>Geeignet f\u00fcr die Endbearbeitung von Rasiermessern, Messern, Scheren, Zimmermanns- und anderen Werkzeugen. Es kann auch als Suspensionsspender auf Hartgestein eingesetzt werden.<\/li>\n<li>Abmessungen: 145x82x14 mm<\/li>\n<li>Gewicht: 420 g<\/li>\n<li>H\u00e4rte: Lv 3<\/li>\n<li>Die Oberfl\u00e4che ist glatt und arbeitsbereit<\/li>\n<\/ul>","protected":false},"featured_media":2165,"comment_status":"open","ping_status":"closed","template":"","meta":[],"product_brand":[],"product_cat":[22],"product_tag":[41,141,49],"class_list":{"0":"post-2162","1":"product","2":"type-product","3":"status-publish","4":"has-post-thumbnail","6":"product_cat-jnats","7":"product_tag-iromono","8":"product_tag-kiita","9":"product_tag-nakayama","10":"product_shipping_class-iprastas","12":"first","13":"outofstock","14":"shipping-taxable","15":"purchasable","16":"product-type-simple"},"_links":{"self":[{"href":"https:\/\/jnats.eu\/de\/wp-json\/wp\/v2\/product\/2162","targetHints":{"allow":["GET"]}}],"collection":[{"href":"https:\/\/jnats.eu\/de\/wp-json\/wp\/v2\/product"}],"about":[{"href":"https:\/\/jnats.eu\/de\/wp-json\/wp\/v2\/types\/product"}],"replies":[{"embeddable":true,"href":"https:\/\/jnats.eu\/de\/wp-json\/wp\/v2\/comments?post=2162"}],"wp:featuredmedia":[{"embeddable":true,"href":"https:\/\/jnats.eu\/de\/wp-json\/wp\/v2\/media\/2165"}],"wp:attachment":[{"href":"https:\/\/jnats.eu\/de\/wp-json\/wp\/v2\/media?parent=2162"}],"wp:term":[{"taxonomy":"product_brand","embeddable":true,"href":"https:\/\/jnats.eu\/de\/wp-json\/wp\/v2\/product_brand?post=2162"},{"taxonomy":"product_cat","embeddable":true,"href":"https:\/\/jnats.eu\/de\/wp-json\/wp\/v2\/product_cat?post=2162"},{"taxonomy":"product_tag","embeddable":true,"href":"https:\/\/jnats.eu\/de\/wp-json\/wp\/v2\/product_tag?post=2162"}],"curies":[{"name":"wp","href":"https:\/\/api.w.org\/{rel}","templated":true}]}}