{"id":2185,"date":"2024-04-28T11:00:34","date_gmt":"2024-04-28T08:00:34","guid":{"rendered":"http:\/\/jnats.eu\/?post_type=product&#038;p=2185"},"modified":"2024-10-04T17:53:37","modified_gmt":"2024-10-04T14:53:37","slug":"nakayama-asagi-nashiji","status":"publish","type":"product","link":"https:\/\/jnats.eu\/de\/produkt-2\/nakayama-asagi-nashiji\/","title":{"rendered":"Nakayama Asagi Nashiji"},"content":{"rendered":"<p>Japanischer nat\u00fcrlicher Schleifstein Nakayama Asagi Nashiji. Ein ziemlich harter und feiner Stein, den wir als abschlie\u00dfenden Schleifstein am Ende des Schleifvorgangs f\u00fcr Messer oder andere Werkzeuge empfehlen. Auch gut zum Finishen von Rasiermessern geeignet, wenn Sie nicht zu viel Kraft anwenden. <\/p>\n\n\n\n<p>Dies ist ein regelm\u00e4\u00dfig geformter schwerer Stein, der seine Aufgabe sehr gut erf\u00fcllt!<\/p>\n\n\n\n<p>Dieser graue Asagi hat im gesamten Stein ein auff\u00e4lliges Nashiji-Punktmuster. Keine sichtbaren Linien oder Einschl\u00fcsse. Auch die Unterseite des Steins l\u00e4sst sich leicht f\u00fcr die Arbeit vorbereiten.<\/p>\n\n\n\n<p><strong>Nakayama (\u4e2d\u5c71)<\/strong><\/p>\n\n\n\n<p>Diese \u00f6stliche Mine ist ber\u00fchmt f\u00fcr ihre Schleifsteine Awasedo. Ein mehrschichtiger Stein mit einer anderen Farbe wird besonders von Tischlern und Rasiermessersch\u00e4rfern gesch\u00e4tzt. Im Vergleich zu Steinen \u00e4hnlicher H\u00e4rte und Feinheit aus anderen Minen sind Nakayama-Steine f\u00fcr ein angenehmeres Schleifgef\u00fchl bekannt.<\/p>","protected":false},"excerpt":{"rendered":"<ul>\n<li>Geeignet f\u00fcr die Endbearbeitung von Rasiermessern, Messern, Scheren, Tischlerei- und anderen Werkzeugen.<\/li>\n<li>Abmessungen: 205x75x29 mm<\/li>\n<li>Gewicht: 1340 g<\/li>\n<li>H\u00e4rte: Lv 5<\/li>\n<li>Die Oberfl\u00e4che ist glatt und arbeitsbereit.<\/li>\n<li>Wir empfehlen, mit warmem Wasser zu arbeiten, da kaltes Wasser die Geschwindigkeit und Reaktion beeintr\u00e4chtigt.<\/li>\n<\/ul>","protected":false},"featured_media":2190,"comment_status":"open","ping_status":"closed","template":"","meta":[],"product_brand":[],"product_cat":[22],"product_tag":[45,49,263],"class_list":{"0":"post-2185","1":"product","2":"type-product","3":"status-publish","4":"has-post-thumbnail","6":"product_cat-jnats","7":"product_tag-asagi","8":"product_tag-nakayama","9":"product_tag-nakayama-asagi","10":"product_shipping_class-iprastas","12":"first","13":"outofstock","14":"shipping-taxable","15":"purchasable","16":"product-type-simple"},"_links":{"self":[{"href":"https:\/\/jnats.eu\/de\/wp-json\/wp\/v2\/product\/2185","targetHints":{"allow":["GET"]}}],"collection":[{"href":"https:\/\/jnats.eu\/de\/wp-json\/wp\/v2\/product"}],"about":[{"href":"https:\/\/jnats.eu\/de\/wp-json\/wp\/v2\/types\/product"}],"replies":[{"embeddable":true,"href":"https:\/\/jnats.eu\/de\/wp-json\/wp\/v2\/comments?post=2185"}],"wp:featuredmedia":[{"embeddable":true,"href":"https:\/\/jnats.eu\/de\/wp-json\/wp\/v2\/media\/2190"}],"wp:attachment":[{"href":"https:\/\/jnats.eu\/de\/wp-json\/wp\/v2\/media?parent=2185"}],"wp:term":[{"taxonomy":"product_brand","embeddable":true,"href":"https:\/\/jnats.eu\/de\/wp-json\/wp\/v2\/product_brand?post=2185"},{"taxonomy":"product_cat","embeddable":true,"href":"https:\/\/jnats.eu\/de\/wp-json\/wp\/v2\/product_cat?post=2185"},{"taxonomy":"product_tag","embeddable":true,"href":"https:\/\/jnats.eu\/de\/wp-json\/wp\/v2\/product_tag?post=2185"}],"curies":[{"name":"wp","href":"https:\/\/api.w.org\/{rel}","templated":true}]}}