{"id":2193,"date":"2024-04-28T11:08:31","date_gmt":"2024-04-28T08:08:31","guid":{"rendered":"http:\/\/jnats.eu\/?post_type=product&#038;p=2193"},"modified":"2025-04-22T15:40:08","modified_gmt":"2025-04-22T12:40:08","slug":"nakayama-mizu-asagi-karasu","status":"publish","type":"product","link":"https:\/\/jnats.eu\/de\/produkt-2\/nakayama-mizu-asagi-karasu\/","title":{"rendered":"Nakayama Mizu Asagi Karasu"},"content":{"rendered":"<p>Japanischer nat\u00fcrlicher Schleifstein Nakayama Mizu Asagi Karasu. Ein sehr harter und \u00e4u\u00dferst feink\u00f6rniger Stein, den wir als letzten Schleifstein am Ende des Sch\u00e4rfvorgangs f\u00fcr Rasiermesser, Messer oder andere Werkzeuge empfehlen. Ideal als Basis f\u00fcr Naguras.<\/p>\n\n\n\n<p>Dies ist ein regelm\u00e4\u00dfig geformter schwerer Stein, der seine Aufgabe sehr gut erf\u00fcllt! Die Dicke ist gering, aber sie h\u00e4lt mehrere Generationen, da sich solche harten Steine nur sehr langsam abnutzen.<\/p>\n\n\n\n<p>Dieser graue Asagi weist im gesamten Stein ein schwaches Muster aus Mizu und Karasu auf. Keine sichtbaren Linien oder Einschl\u00fcsse. <\/p>\n\n\n\n<p><strong>Nakayama (\u4e2d\u5c71)<\/strong><\/p>\n\n\n\n<p>Diese \u00f6stliche Mine ist ber\u00fchmt f\u00fcr ihre Schleifsteine Awasedo. Ein mehrschichtiger Stein mit einer anderen Farbe wird besonders von Tischlern und Rasiermessersch\u00e4rfern gesch\u00e4tzt. Im Vergleich zu Steinen \u00e4hnlicher H\u00e4rte und Feinheit aus anderen Minen sind Nakayama-Steine f\u00fcr ein angenehmeres Schleifgef\u00fchl bekannt.<\/p>","protected":false},"excerpt":{"rendered":"<ul>\n<li>Geeignet f\u00fcr die Endbearbeitung von Rasiermessern, Messern, Scheren, Tischlerei- und anderen Werkzeugen.<\/li>\n<li>Abmessungen: 197x71x16 mm<\/li>\n<li>Gewicht mit St\u00e4nder: 860 g<\/li>\n<li>H\u00e4rte: Lv 5+<\/li>\n<li>Die Oberfl\u00e4che ist glatt und arbeitsbereit.<\/li>\n<li>Wir empfehlen, mit warmem Wasser zu arbeiten, da kaltes Wasser die Geschwindigkeit und Reaktion beeintr\u00e4chtigt.<\/li>\n<\/ul>","protected":false},"featured_media":2199,"comment_status":"open","ping_status":"closed","template":"","meta":[],"product_brand":[],"product_cat":[],"product_tag":[45,57,154,49],"class_list":{"0":"post-2193","1":"product","2":"type-product","3":"status-publish","4":"has-post-thumbnail","6":"product_tag-asagi","7":"product_tag-karasu","8":"product_tag-mizu","9":"product_tag-nakayama","10":"product_shipping_class-iprastas","12":"first","13":"outofstock","14":"shipping-taxable","15":"purchasable","16":"product-type-simple"},"_links":{"self":[{"href":"https:\/\/jnats.eu\/de\/wp-json\/wp\/v2\/product\/2193","targetHints":{"allow":["GET"]}}],"collection":[{"href":"https:\/\/jnats.eu\/de\/wp-json\/wp\/v2\/product"}],"about":[{"href":"https:\/\/jnats.eu\/de\/wp-json\/wp\/v2\/types\/product"}],"replies":[{"embeddable":true,"href":"https:\/\/jnats.eu\/de\/wp-json\/wp\/v2\/comments?post=2193"}],"wp:featuredmedia":[{"embeddable":true,"href":"https:\/\/jnats.eu\/de\/wp-json\/wp\/v2\/media\/2199"}],"wp:attachment":[{"href":"https:\/\/jnats.eu\/de\/wp-json\/wp\/v2\/media?parent=2193"}],"wp:term":[{"taxonomy":"product_brand","embeddable":true,"href":"https:\/\/jnats.eu\/de\/wp-json\/wp\/v2\/product_brand?post=2193"},{"taxonomy":"product_cat","embeddable":true,"href":"https:\/\/jnats.eu\/de\/wp-json\/wp\/v2\/product_cat?post=2193"},{"taxonomy":"product_tag","embeddable":true,"href":"https:\/\/jnats.eu\/de\/wp-json\/wp\/v2\/product_tag?post=2193"}],"curies":[{"name":"wp","href":"https:\/\/api.w.org\/{rel}","templated":true}]}}