{"id":2200,"date":"2024-04-28T11:27:29","date_gmt":"2024-04-28T08:27:29","guid":{"rendered":"http:\/\/jnats.eu\/?post_type=product&#038;p=2200"},"modified":"2024-12-11T00:47:56","modified_gmt":"2024-12-10T22:47:56","slug":"nakayama-tomae-awasedo","status":"publish","type":"product","link":"https:\/\/jnats.eu\/de\/produkt-2\/nakayama-tomae-awasedo\/","title":{"rendered":"Nakayama Tomae Awasedo"},"content":{"rendered":"<p>Japanischer nat\u00fcrlicher Schleifstein Nakayama Tomae Awasedo. Es handelt sich um einen Stein mittlerer H\u00e4rte und ausgezeichneter Schleifkraft. Wir empfehlen es zum Finishen von Messern oder zum Vorfinishen von Rasierern. Auch gut zum Nachbearbeiten von Rasiermessern geeignet, sofern nicht zu viel Kraft angewendet wird.<\/p>\n\n\n\n<p>Dies ist ein regelm\u00e4\u00dfig geformter, riesiger Stein, der seine Aufgabe sehr gut erf\u00fcllt!<\/p>\n\n\n\n<p>Dieser graue Stein weist ein Muster aus flie\u00dfenden Rosa- und Gr\u00fcnt\u00f6nen auf. Keine sichtbaren Linien oder Einschl\u00fcsse.<\/p>\n\n\n\n<p><strong>Nakayama (\u4e2d\u5c71)<\/strong><\/p>\n\n\n\n<p>Diese \u00f6stliche Mine ist ber\u00fchmt f\u00fcr ihre Awasedo-Finishing-Steine und m\u00f6glicherweise die gefragteste unter Sch\u00e4rfprofis und Bastlern. Im Vergleich zu Steinen \u00e4hnlicher H\u00e4rte und Feinheit aus anderen Minen sind Nakayama-Steine f\u00fcr ein angenehmeres Schleifverhalten und eine hohe Arbeitsgeschwindigkeit bekannt. Besonders gesch\u00e4tzt werden Mehrschichtsteine (Hondomae, Shikitomae) und Kiita.<\/p>","protected":false},"excerpt":{"rendered":"<ul>\n<li>Geeignet f\u00fcr die Endbearbeitung von Rasiermessern, Messern, Scheren, Tischlerei- und anderen Werkzeugen.<\/li>\n<li>Abmessungen: 205x72x45 mm<\/li>\n<li>Gewicht: 2110 g<\/li>\n<li>H\u00e4rte: Lv 4<\/li>\n<li>Die Oberfl\u00e4che ist glatt und arbeitsbereit.<\/li>\n<li>Wir empfehlen, mit warmem Wasser zu arbeiten, da kaltes Wasser die Geschwindigkeit und Reaktion beeintr\u00e4chtigt.<\/li>\n<\/ul>","protected":false},"featured_media":2206,"comment_status":"open","ping_status":"closed","template":"","meta":[],"product_brand":[],"product_cat":[22],"product_tag":[40,49,67],"class_list":{"0":"post-2200","1":"product","2":"type-product","3":"status-publish","4":"has-post-thumbnail","6":"product_cat-jnats","7":"product_tag-awasedo","8":"product_tag-nakayama","9":"product_tag-tomae","10":"product_shipping_class-iprastas","12":"first","13":"outofstock","14":"sale","15":"shipping-taxable","16":"purchasable","17":"product-type-simple"},"_links":{"self":[{"href":"https:\/\/jnats.eu\/de\/wp-json\/wp\/v2\/product\/2200","targetHints":{"allow":["GET"]}}],"collection":[{"href":"https:\/\/jnats.eu\/de\/wp-json\/wp\/v2\/product"}],"about":[{"href":"https:\/\/jnats.eu\/de\/wp-json\/wp\/v2\/types\/product"}],"replies":[{"embeddable":true,"href":"https:\/\/jnats.eu\/de\/wp-json\/wp\/v2\/comments?post=2200"}],"wp:featuredmedia":[{"embeddable":true,"href":"https:\/\/jnats.eu\/de\/wp-json\/wp\/v2\/media\/2206"}],"wp:attachment":[{"href":"https:\/\/jnats.eu\/de\/wp-json\/wp\/v2\/media?parent=2200"}],"wp:term":[{"taxonomy":"product_brand","embeddable":true,"href":"https:\/\/jnats.eu\/de\/wp-json\/wp\/v2\/product_brand?post=2200"},{"taxonomy":"product_cat","embeddable":true,"href":"https:\/\/jnats.eu\/de\/wp-json\/wp\/v2\/product_cat?post=2200"},{"taxonomy":"product_tag","embeddable":true,"href":"https:\/\/jnats.eu\/de\/wp-json\/wp\/v2\/product_tag?post=2200"}],"curies":[{"name":"wp","href":"https:\/\/api.w.org\/{rel}","templated":true}]}}