{"id":2207,"date":"2024-04-28T11:27:14","date_gmt":"2024-04-28T08:27:14","guid":{"rendered":"http:\/\/jnats.eu\/?post_type=product&#038;p=2207"},"modified":"2024-05-16T10:41:28","modified_gmt":"2024-05-16T07:41:28","slug":"nakayama-tomae-japanischer-naturlicher-schleifstein","status":"publish","type":"product","link":"https:\/\/jnats.eu\/de\/produkt-2\/nakayama-tomae-japanischer-naturlicher-schleifstein\/","title":{"rendered":"Nakayama Tomae Japanischer nat\u00fcrlicher Schleifstein"},"content":{"rendered":"<p>Japanischer nat\u00fcrlicher Schleifstein Nakayama Tomae. Es ist ziemlich hart und hat eine ausgezeichnete Sch\u00e4rfgeschwindigkeit. Wir empfehlen es zum Finishen von Messern und Rasiermessern. Nat\u00fcrlich funktioniert es auch mit anderen Tools.<\/p>\n\n\n\n<p>Dies ist ein regelm\u00e4\u00dfig geformter, riesiger Stein, der seine Aufgabe sehr gut erf\u00fcllt! Es sind keine \u201egiftigen\u201c Linien oder Einschl\u00fcsse sichtbar.<\/p>","protected":false},"excerpt":{"rendered":"<ul>\n<li>Geeignet f\u00fcr die Endbearbeitung von Rasiermessern, Messern, Tischler- und anderen Werkzeugen.<\/li>\n<li>Abmessungen: 207x75x40 mm<\/li>\n<li>Gewicht: 1510 g<\/li>\n<li>H\u00e4rte: Lv 4.7<\/li>\n<li>Die Oberfl\u00e4che ist glatt und arbeitsbereit.<\/li>\n<li>Wir empfehlen, mit warmem Wasser zu arbeiten, da kaltes Wasser die Geschwindigkeit und Reaktion beeintr\u00e4chtigt.<\/li>\n<\/ul>","protected":false},"featured_media":2208,"comment_status":"open","ping_status":"closed","template":"","meta":[],"product_brand":[],"product_cat":[22],"product_tag":[49,67],"class_list":{"0":"post-2207","1":"product","2":"type-product","3":"status-publish","4":"has-post-thumbnail","6":"product_cat-jnats","7":"product_tag-nakayama","8":"product_tag-tomae","9":"product_shipping_class-iprastas","11":"first","12":"instock","13":"sale","14":"shipping-taxable","15":"purchasable","16":"product-type-simple"},"_links":{"self":[{"href":"https:\/\/jnats.eu\/de\/wp-json\/wp\/v2\/product\/2207","targetHints":{"allow":["GET"]}}],"collection":[{"href":"https:\/\/jnats.eu\/de\/wp-json\/wp\/v2\/product"}],"about":[{"href":"https:\/\/jnats.eu\/de\/wp-json\/wp\/v2\/types\/product"}],"replies":[{"embeddable":true,"href":"https:\/\/jnats.eu\/de\/wp-json\/wp\/v2\/comments?post=2207"}],"wp:featuredmedia":[{"embeddable":true,"href":"https:\/\/jnats.eu\/de\/wp-json\/wp\/v2\/media\/2208"}],"wp:attachment":[{"href":"https:\/\/jnats.eu\/de\/wp-json\/wp\/v2\/media?parent=2207"}],"wp:term":[{"taxonomy":"product_brand","embeddable":true,"href":"https:\/\/jnats.eu\/de\/wp-json\/wp\/v2\/product_brand?post=2207"},{"taxonomy":"product_cat","embeddable":true,"href":"https:\/\/jnats.eu\/de\/wp-json\/wp\/v2\/product_cat?post=2207"},{"taxonomy":"product_tag","embeddable":true,"href":"https:\/\/jnats.eu\/de\/wp-json\/wp\/v2\/product_tag?post=2207"}],"curies":[{"name":"wp","href":"https:\/\/api.w.org\/{rel}","templated":true}]}}