{"id":2214,"date":"2024-04-28T11:43:55","date_gmt":"2024-04-28T08:43:55","guid":{"rendered":"http:\/\/jnats.eu\/?post_type=product&#038;p=2214"},"modified":"2024-10-20T15:02:22","modified_gmt":"2024-10-20T12:02:22","slug":"nakayama-tomae-kita","status":"publish","type":"product","link":"https:\/\/jnats.eu\/de\/produkt-2\/nakayama-tomae-kita\/","title":{"rendered":"Nakayama Tomae Kiita"},"content":{"rendered":"<p>Nakayama Kiita verdient seinen Ruf als die besten Schleifsteine, die man f\u00fcr Geld kaufen kann. Sie sind normalerweise klein, sauber, schnell und f\u00fcr alles geeignet, vom Sch\u00e4rfen von Rasiermessern bis zum Polieren von K\u00fcchenmessern.<\/p>\n\n\n\n<p>Wundersch\u00f6ner, authentischer Kiita-Stein aus der Nakayama-Mine. In den 1950er Jahren abgebaut. Dieser Stein hat eine leuchtend gelbe Farbe und ist mit sp\u00e4rlichen Nashiji-Punkten und ein paar sicheren Numazu-Linien verziert.<\/p>\n\n\n\n<p>Das Gef\u00fchl des Sch\u00e4rfens ist g\u00f6ttlich, mit einer soliden Basis und dennoch superweicher Reaktion. Der schwarze Splitter f\u00e4llt sofort auf und der Stein schneidet einfach durch den Stahl und beh\u00e4lt dabei ein wunderbares Tastgef\u00fchl bei. Seine Federung gibt nicht viel nach, was ihn jedoch nicht daran hindert, schnell zu arbeiten.<\/p>\n\n\n\n<p>Kasumi hat eine wolkige Oberfl\u00e4che mit einem starken Kontrast zwischen Hagane und Jigane, was bei den h\u00e4rteren Nakayama-Steinen weniger h\u00e4ufig vorkommt. Bei der Bearbeitung verstr\u00f6mt der Stein einen starken und eigenartigen Geruch.<\/p>\n\n\n\n<p><strong>Eine horizontale Ebene zeigt etwa zur H\u00e4lfte einen Riss oder losen Stein rund um den gesamten Stein<\/strong>. Daher m\u00fcssen Ihre Enkel m\u00f6glicherweise mehrere Steine von etwa einem halben Zentimeter entfernen. Es besteht auch eine geringe Wahrscheinlichkeit, dass der Stein dort splittert. Um ihn zu reduzieren, k\u00f6nnen die Seiten des Steins mit Lack beschichtet werden, wodurch verhindert wird, dass Wasser in den Riss eindringt.<\/p>\n\n\n\n<p><strong>Nakayama (\u4e2d\u5c71)<\/strong><\/p>\n\n\n\n<p>Diese \u00f6stliche Mine ist ber\u00fchmt f\u00fcr ihre Awasedo-Finishing-Steine und m\u00f6glicherweise die gefragteste unter Sch\u00e4rfprofis und Bastlern. Im Vergleich zu Steinen \u00e4hnlicher H\u00e4rte und Feinheit aus anderen Minen sind Nakayama-Steine f\u00fcr ein angenehmeres Schleifverhalten und eine hohe Arbeitsgeschwindigkeit bekannt. Besonders gesch\u00e4tzt werden Mehrschichtsteine (Hondomae, Shikitomae) und Kiita.<\/p>\n\n\n\n<figure class=\"wp-block-embed is-type-video is-provider-youtube wp-block-embed-youtube wp-embed-aspect-16-9 wp-has-aspect-ratio\"><div class=\"wp-block-embed__wrapper\">\n<div class=\"video-container\"><iframe title=\"Nakayama Tomae Kiita, Ohira Naikumo Suita\" width=\"1170\" height=\"658\" src=\"https:\/\/www.youtube.com\/embed\/VZSDGTWTt3c?start=260&#038;feature=oembed\" frameborder=\"0\" allow=\"accelerometer; autoplay; clipboard-write; encrypted-media; gyroscope; picture-in-picture; web-share\" referrerpolicy=\"strict-origin-when-cross-origin\" allowfullscreen><\/iframe><\/div>\n<\/div><\/figure>","protected":false},"excerpt":{"rendered":"<ul>\n<li>Geeignet f\u00fcr die Endbearbeitung von Rasiermessern, Messern, Scheren, Tischlerei- und anderen Werkzeugen.\u00a0<\/li>\n<li>Abmessungen: 205x75x35 mm<\/li>\n<li>Gewicht: 1290 g<\/li>\n<li>H\u00e4rte: Lv 4.8<\/li>\n<li>Die Oberfl\u00e4che ist glatt und arbeitsbereit.<\/li>\n<li>Wir empfehlen, mit warmem Wasser zu arbeiten, da kaltes Wasser die Geschwindigkeit und Reaktion beeintr\u00e4chtigt.<\/li>\n<\/ul>","protected":false},"featured_media":2224,"comment_status":"open","ping_status":"closed","template":"","meta":[],"product_brand":[],"product_cat":[22],"product_tag":[141,49,67],"class_list":{"0":"post-2214","1":"product","2":"type-product","3":"status-publish","4":"has-post-thumbnail","6":"product_cat-jnats","7":"product_tag-kiita","8":"product_tag-nakayama","9":"product_tag-tomae","10":"product_shipping_class-iprastas","12":"first","13":"outofstock","14":"shipping-taxable","15":"purchasable","16":"product-type-simple"},"_links":{"self":[{"href":"https:\/\/jnats.eu\/de\/wp-json\/wp\/v2\/product\/2214","targetHints":{"allow":["GET"]}}],"collection":[{"href":"https:\/\/jnats.eu\/de\/wp-json\/wp\/v2\/product"}],"about":[{"href":"https:\/\/jnats.eu\/de\/wp-json\/wp\/v2\/types\/product"}],"replies":[{"embeddable":true,"href":"https:\/\/jnats.eu\/de\/wp-json\/wp\/v2\/comments?post=2214"}],"wp:featuredmedia":[{"embeddable":true,"href":"https:\/\/jnats.eu\/de\/wp-json\/wp\/v2\/media\/2224"}],"wp:attachment":[{"href":"https:\/\/jnats.eu\/de\/wp-json\/wp\/v2\/media?parent=2214"}],"wp:term":[{"taxonomy":"product_brand","embeddable":true,"href":"https:\/\/jnats.eu\/de\/wp-json\/wp\/v2\/product_brand?post=2214"},{"taxonomy":"product_cat","embeddable":true,"href":"https:\/\/jnats.eu\/de\/wp-json\/wp\/v2\/product_cat?post=2214"},{"taxonomy":"product_tag","embeddable":true,"href":"https:\/\/jnats.eu\/de\/wp-json\/wp\/v2\/product_tag?post=2214"}],"curies":[{"name":"wp","href":"https:\/\/api.w.org\/{rel}","templated":true}]}}