{"id":2240,"date":"2024-04-29T11:23:44","date_gmt":"2024-04-29T08:23:44","guid":{"rendered":"http:\/\/jnats.eu\/?post_type=product&#038;p=2240"},"modified":"2024-09-22T15:26:07","modified_gmt":"2024-09-22T12:26:07","slug":"nakayama-homdomae-schleifstein-aus-der-alten-schicht","status":"publish","type":"product","link":"https:\/\/jnats.eu\/de\/produkt-2\/nakayama-homdomae-schleifstein-aus-der-alten-schicht\/","title":{"rendered":"Nakayama Hondomae-Schleifstein aus einer alten Schicht"},"content":{"rendered":"<p>Nakayama Hondomae wurden in der Pr\u00e4fektur Umegahata abgebaut. Dieser Stein wurde von Herrn ausgegraben. Honda vor 300 Jahren. Die Hondomae-Schicht wurde vor 100 Jahren vollst\u00e4ndig ersch\u00f6pft, gefolgt von vielen anderen. im Jahr 1971 Das Unternehmen Hatanaka Toishi kaufte die Rechte zum Abbau der Nakayama-Mine und nahm den Betrieb auf. Wenn der Schacht seitlich verl\u00e4uft, kann man fast ewig dorthin gehen, f\u00fchrt er jedoch nach oben, muss man fr\u00fcher oder sp\u00e4ter wegen der Gefahr des Einsturzes anhalten. Daher musste die Nakayama Kato-san-Mine 1967 geschlossen werden. Ein guter Stein, um die Sammlung zu erweitern, da sie fast vom Markt verschwunden sind.<\/p>\n\n\n\n<p>In anderen Teilen dieses Berges findet man heute auch Wetzsteine von guter Qualit\u00e4t, die jedoch qualitativ den Vintage-Steinen deutlich unterlegen sind. <\/p>\n\n\n\n<p>Ein mittelharter japanischer Nakayama Homdomae-Schleifstein, der leicht zu bearbeiten ist. Es ist fein genug, um ein Rasiermesser richtig zu veredeln, aber einfach genug in der Anwendung, dass es auch f\u00fcr Messer geeignet ist. Auf eine R\u00fcckseite oder eine Diamantplatte kann verzichtet werden, da der Stein gen\u00fcgend von seiner eigenen Suspension abgibt und der Abfall des polierten Metalls bald sichtbar wird. Aufgrund seiner Gr\u00f6\u00dfe eignet es sich perfekt zum Sch\u00e4rfen von Rasierern, insbesondere wenn Sie eine sanfte und sichere Rasur bevorzugen. Es kann auch als Suspensionsspender auf Hartgestein eingesetzt werden.   <\/p>","protected":false},"excerpt":{"rendered":"<ul>\n<li>Geeignet f\u00fcr die Endbearbeitung von Rasiermessern, Messern, Scheren, Tischlerei- und anderen Werkzeugen.<\/li>\n<li>Abmessungen: 140x79x22 mm<\/li>\n<li>Gewicht: 620 g<\/li>\n<li>H\u00e4rte: Lv 4<\/li>\n<li>Die Oberfl\u00e4che ist glatt und arbeitsbereit<\/li>\n<\/ul>","protected":false},"featured_media":2244,"comment_status":"open","ping_status":"closed","template":"","meta":[],"product_brand":[],"product_cat":[22],"product_tag":[139,49],"class_list":{"0":"post-2240","1":"product","2":"type-product","3":"status-publish","4":"has-post-thumbnail","6":"product_cat-jnats","7":"product_tag-homdomae","8":"product_tag-nakayama","9":"product_shipping_class-iprastas","11":"first","12":"outofstock","13":"sale","14":"shipping-taxable","15":"purchasable","16":"product-type-simple"},"_links":{"self":[{"href":"https:\/\/jnats.eu\/de\/wp-json\/wp\/v2\/product\/2240","targetHints":{"allow":["GET"]}}],"collection":[{"href":"https:\/\/jnats.eu\/de\/wp-json\/wp\/v2\/product"}],"about":[{"href":"https:\/\/jnats.eu\/de\/wp-json\/wp\/v2\/types\/product"}],"replies":[{"embeddable":true,"href":"https:\/\/jnats.eu\/de\/wp-json\/wp\/v2\/comments?post=2240"}],"wp:featuredmedia":[{"embeddable":true,"href":"https:\/\/jnats.eu\/de\/wp-json\/wp\/v2\/media\/2244"}],"wp:attachment":[{"href":"https:\/\/jnats.eu\/de\/wp-json\/wp\/v2\/media?parent=2240"}],"wp:term":[{"taxonomy":"product_brand","embeddable":true,"href":"https:\/\/jnats.eu\/de\/wp-json\/wp\/v2\/product_brand?post=2240"},{"taxonomy":"product_cat","embeddable":true,"href":"https:\/\/jnats.eu\/de\/wp-json\/wp\/v2\/product_cat?post=2240"},{"taxonomy":"product_tag","embeddable":true,"href":"https:\/\/jnats.eu\/de\/wp-json\/wp\/v2\/product_tag?post=2240"}],"curies":[{"name":"wp","href":"https:\/\/api.w.org\/{rel}","templated":true}]}}